{"id":537,"date":"2026-04-28T11:22:54","date_gmt":"2026-04-28T03:22:54","guid":{"rendered":"https:\/\/cnricemill.com\/?post_type=product&#038;p=537"},"modified":"2026-04-28T14:05:18","modified_gmt":"2026-04-28T06:05:18","slug":"compact-combined-rice-husk-milling-machine","status":"publish","type":"product","link":"https:\/\/cnricemill.com\/fr\/product\/compact-combined-rice-husk-milling-machine\/","title":{"rendered":"Machine compacte de broyage de la balle de riz combin\u00e9e"},"content":{"rendered":"<p class=\"translation-block\">Ce <strong>moulin \u00e0 balle de riz<\/strong> est un syst\u00e8me complet et int\u00e9gr\u00e9 qui combine \u00e0 la fois les fonctions de d\u00e9corticage et de mouture, sp\u00e9cialement con\u00e7u pour traiter le riz paddy en une seule \u00e9tape. L'unit\u00e9 int\u00e8gre un tamis de nettoyage, un d\u00e9tonateur gravitaire, un d\u00e9cortiqueur \u00e0 rouleaux en caoutchouc et un moulin \u00e0 riz \u00e0 rouleaux en acier, capable de traiter de 400 \u00e0 500 kilogrammes de riz par heure.<\/p>    <p>Pour faciliter l'utilisation dans les r\u00e9gions avec une alimentation \u00e9lectrique limit\u00e9e ou instable, la machine est con\u00e7ue pour fonctionner au diesel. Son empreinte compacte permet des op\u00e9rations de mouture dans des espaces confin\u00e9s, ce qui en fait le choix principal pour les petites communaut\u00e9s rurales et les op\u00e9rateurs ind\u00e9pendants.<\/p>    <figure class=\"wp-block-embed aligncenter is-type-video is-provider-youtube wp-block-embed-youtube wp-embed-aspect-16-9 wp-has-aspect-ratio\"><div class=\"wp-block-embed__wrapper\"> <iframe loading=\"lazy\" title=\"Rice Husk Milling Machine | Complete Paddy Cleaning, Husking &amp; Rice Milling Process in One Machine\" width=\"500\" height=\"281\" src=\"https:\/\/www.youtube.com\/embed\/jSUqGCPipvs?feature=oembed\" frameborder=\"0\" allow=\"accelerometer; autoplay; clipboard-write; encrypted-media; gyroscope; picture-in-picture; web-share\" referrerpolicy=\"strict-origin-when-cross-origin\" allowfullscreen><\/iframe> <\/div><figcaption class=\"wp-element-caption\">vid\u00e9o de fonctionnement du moulin \u00e0 riz<\/figcaption><\/figure>    <h2 class=\"wp-block-heading\"><strong>Qu'est-ce qu'une machine de mouture de riz combin\u00e9e ?<\/strong><\/h2>    <p>Une machine combin\u00e9e de broyage de balle de riz est un syst\u00e8me int\u00e9gr\u00e9 de traitement du riz qui regroupe plusieurs \u00e9tapes du processus de production du riz en une seule unit\u00e9 tr\u00e8s efficace. Contrairement aux machines de mouture de riz de base, cet \u00e9quipement peut effectuer les op\u00e9rations suivantes :<\/p>    <ul class=\"wp-block-list\"> <li>Nettoyage du paddy<\/li>    <li>\u00c9limination des impuret\u00e9s<\/li>    <li>S\u00e9paration des pierres<\/li>    <li>D\u00e9corticage (\u00e9limination de la balle de riz)<\/li>    <li>S\u00e9paration du riz brun<\/li>    <li>Blanchiment\/Polissage<\/li>    <li>S\u00e9paration de la son<\/li> <\/ul>    <p>Con\u00e7u sp\u00e9cifiquement pour le traitement du paddy, il transforme le paddy non trait\u00e9 directement en riz blanc poli de haute qualit\u00e9 via un flux op\u00e9rationnel unique et fluide.<\/p>    <p>Cet \u00e9quipement est particuli\u00e8rement pr\u00e9cieux dans les contextes suivants :<\/p>    <ul class=\"wp-block-list\"> <li>Communaut\u00e9s agricoles rurales<\/li>    <li>R\u00e9gions avec alimentation \u00e9lectrique limit\u00e9e<\/li>    <li>Services mobiles de mouture du riz<\/li>    <li>Petites \u00e0 moyennes usines de traitement du riz<\/li>    <li>Coop\u00e9ratives agricoles<\/li> <\/ul>   <div class=\"wp-block-image\"> <figure class=\"aligncenter size-full\"><img loading=\"lazy\" decoding=\"async\" width=\"720\" height=\"540\" src=\"https:\/\/cnricemill.com\/wp-content\/uploads\/2026\/04\/automatic-rice-milling-machine.webp\" alt=\"Machine automatique de mouture du riz\" class=\"wp-image-547\" srcset=\"https:\/\/cnricemill.com\/wp-content\/uploads\/2026\/04\/automatic-rice-milling-machine.webp 720w, https:\/\/cnricemill.com\/wp-content\/uploads\/2026\/04\/automatic-rice-milling-machine-300x225.webp 300w, https:\/\/cnricemill.com\/wp-content\/uploads\/2026\/04\/automatic-rice-milling-machine-16x12.webp 16w\" sizes=\"auto, (max-width: 720px) 100vw, 720px\" \/><figcaption class=\"wp-element-caption\">Machine automatique de mouture du riz<\/figcaption><\/figure> <\/div>   <h2 class=\"wp-block-heading\"><strong>Principaux avantages de cette machine \u00e0 d\u00e9cortiquer et moudre le riz<\/strong><\/h2>    <ol class=\"wp-block-list\"> <li><strong>Hautement int\u00e9gr\u00e9 :<\/strong> Une seule unit\u00e9 peut r\u00e9aliser tout le flux de traitement du riz.<\/li>    <li><strong>Options d'alimentation polyvalentes :<\/strong> Offrant un syst\u00e8me d'alimentation \u00e0 double choix, supportant \u00e0 la fois le diesel et l'\u00e9lectricit\u00e9.<\/li>    <li><strong>Id\u00e9al pour l'agriculture hors r\u00e9seau :<\/strong> Il est parfaitement adapt\u00e9 \u00e0 une utilisation dans des r\u00e9gions \u00e9loign\u00e9es et un excellent choix pour les startups.<\/li>    <li><strong>Rendements commerciaux \u00e9lev\u00e9s :<\/strong> L'\u00e9quipement a un taux de riz cass\u00e9 de moins de 4 %, maximisant ainsi la valeur commerciale de la r\u00e9colte de riz.<\/li>    <li><strong>Conception compacte :<\/strong> Non seulement elle \u00e9conomise de l'espace et facilite le transport, mais elle assure \u00e9galement une installation simple et un entretien sans effort.<\/li> <\/ol>    <h2 class=\"wp-block-heading\"><strong>Param\u00e8tres techniques du moulin \u00e0 balle de riz 6LN-15\/8.5SR<\/strong><\/h2>    <figure class=\"wp-block-table\"><table class=\"has-fixed-layout\"><thead><tr><th>Param\u00e8tre<\/th><th>Sp\u00e9cification<\/th><\/tr><\/thead><tbody><tr><td>Mod\u00e8le<\/td><td>6LN-15\/8.5SR<\/td><\/tr><tr><td>Production nominale<\/td><td>400\u2013500 kg\/h<\/td><\/tr><tr><td>Puissance du moteur \u00e9lectrique<\/td><td>YE2-180M-4 \/ 18,5 KW<\/td><\/tr><tr><td>Puissance du moteur diesel<\/td><td>ZS1130 \/ 30 HP<\/td><\/tr><tr><td>Taux de mouture du riz<\/td><td>&gt;65%<\/td><\/tr><tr><td>Taux de riz cass\u00e9 faible<\/td><td>&lt;4%<\/td><\/tr><tr><td>Dimension du rouleau en caoutchouc<\/td><td>6 pouces<\/td><\/tr><tr><td>Dimension du rouleau en acier<\/td><td>\u03c685 mm<\/td><\/tr><tr><td>Poids total<\/td><td>730 kg<\/td><\/tr><tr><td>Dimensions de la machine<\/td><td>2650\u00d71250\u00d72350 mm<\/td><\/tr><tr><td>Dimensions d'emballage de la moulin \u00e0 riz<\/td><td>1850\u00d71080\u00d72440 mm<\/td><\/tr><tr><td>Dimensions d'emballage du moteur diesel<\/td><td>910\u00d7440\u00d7760 mm<\/td><\/tr><\/tbody><\/table><figcaption class=\"wp-element-caption\">param\u00e8tres du moulin \u00e0 balle de riz<\/figcaption><\/figure>    <h2 class=\"wp-block-heading\"><strong>Structure et fonctions des composants de la machine int\u00e9gr\u00e9e de d\u00e9corticage et de traitement du riz<\/strong><\/h2>    <p>L'\u00e9quipement complet comprend principalement l'entr\u00e9e du paddy, deux \u00e9l\u00e9vateurs, un tamis de nettoyage horizontal, un d\u00e9tonateur gravitaire, un d\u00e9cortiqueur \u00e0 rouleaux en caoutchouc, un s\u00e9parateur de riz paddy-brun et un blanchisseur \u00e0 rouleaux en acier. Leurs fonctions respectives sont les suivantes :<\/p>   <div class=\"wp-block-image\"> <figure class=\"aligncenter size-full\"><img loading=\"lazy\" decoding=\"async\" width=\"720\" height=\"540\" src=\"https:\/\/cnricemill.com\/wp-content\/uploads\/2026\/04\/structure-of-rice-milling-machine.webp\" alt=\"structure du moulin \u00e0 riz\" class=\"wp-image-539\" srcset=\"https:\/\/cnricemill.com\/wp-content\/uploads\/2026\/04\/structure-of-rice-milling-machine.webp 720w, https:\/\/cnricemill.com\/wp-content\/uploads\/2026\/04\/structure-of-rice-milling-machine-300x225.webp 300w, https:\/\/cnricemill.com\/wp-content\/uploads\/2026\/04\/structure-of-rice-milling-machine-16x12.webp 16w\" sizes=\"auto, (max-width: 720px) 100vw, 720px\" \/><figcaption class=\"wp-element-caption\">structure du moulin \u00e0 riz<\/figcaption><\/figure> <\/div>   <ol class=\"wp-block-list\"> <li>Entr\u00e9e du paddy : \u00e9quip\u00e9e d'un cadre en acier robuste, elle supporte les op\u00e9rations aliment\u00e9es par sac, assurant un flux de paddy fluide et pratique dans le syst\u00e8me.<\/li>    <li>Double \u00e9l\u00e9vateurs : responsables du transport du paddy entre les \u00e9tapes de nettoyage et de d\u00e9corticage. un seul syst\u00e8me d'alimentation entra\u00eene les deux canaux de transport, garantissant que chaque op\u00e9ration reste ind\u00e9pendante et sans interf\u00e9rence mutuelle.<\/li>    <li>Tamis de nettoyage horizontal : \u00e9limination des grosses particules et des impuret\u00e9s fines du paddy.<\/li>    <li>D\u00e9tonateur gravitaire : utilisation de principes de s\u00e9paration par flux d'air pour \u00e9liminer les pierres et les objets \u00e9trangers lourds.<\/li>    <li>D\u00e9cortiqueur \u00e0 rouleaux en caoutchouc : facilite l'\u00e9limination de la balle ext\u00e9rieure du paddy pour produire du riz brun.<\/li>    <li>S\u00e9parateur de riz paddy-brun : \u00e9limination des enveloppes (son) pour am\u00e9liorer la qualit\u00e9 et l'efficacit\u00e9 du processus de d\u00e9corticage.<\/li>    <li>Blanchisseur \u00e0 rouleaux en acier : traitement du riz brun pour \u00e9liminer la couche de son, am\u00e9liorant ainsi l'apparence visuelle et la qualit\u00e9 des grains de riz.<\/li> <\/ol>    <figure class=\"wp-block-gallery has-nested-images columns-default is-cropped wp-block-gallery-2 is-layout-flex wp-block-gallery-is-layout-flex\"> <figure class=\"wp-block-image size-large\"><img loading=\"lazy\" decoding=\"async\" width=\"720\" height=\"540\" data-id=\"540\" src=\"https:\/\/cnricemill.com\/wp-content\/uploads\/2026\/04\/double-elevator.webp\" alt=\"double \u00e9l\u00e9vateur\" class=\"wp-image-540\" srcset=\"https:\/\/cnricemill.com\/wp-content\/uploads\/2026\/04\/double-elevator.webp 720w, https:\/\/cnricemill.com\/wp-content\/uploads\/2026\/04\/double-elevator-300x225.webp 300w, https:\/\/cnricemill.com\/wp-content\/uploads\/2026\/04\/double-elevator-16x12.webp 16w\" sizes=\"auto, (max-width: 720px) 100vw, 720px\" \/><figcaption class=\"wp-element-caption\">double \u00e9l\u00e9vateur<\/figcaption><\/figure>    <figure class=\"wp-block-image size-full\"><img loading=\"lazy\" decoding=\"async\" width=\"720\" height=\"540\" data-id=\"546\" src=\"https:\/\/cnricemill.com\/wp-content\/uploads\/2026\/04\/horizontal-cleaning-sieve.webp\" alt=\"tamis de nettoyage horizontal\" class=\"wp-image-546\" srcset=\"https:\/\/cnricemill.com\/wp-content\/uploads\/2026\/04\/horizontal-cleaning-sieve.webp 720w, https:\/\/cnricemill.com\/wp-content\/uploads\/2026\/04\/horizontal-cleaning-sieve-300x225.webp 300w, https:\/\/cnricemill.com\/wp-content\/uploads\/2026\/04\/horizontal-cleaning-sieve-16x12.webp 16w\" sizes=\"auto, (max-width: 720px) 100vw, 720px\" \/><figcaption class=\"wp-element-caption\">tamis de nettoyage horizontal<\/figcaption><\/figure>    <figure class=\"wp-block-image size-large\"><img loading=\"lazy\" decoding=\"async\" width=\"720\" height=\"540\" data-id=\"541\" src=\"https:\/\/cnricemill.com\/wp-content\/uploads\/2026\/04\/gravity-destoner.webp\" alt=\"d\u00e9tonateur gravitaire\" class=\"wp-image-541\" srcset=\"https:\/\/cnricemill.com\/wp-content\/uploads\/2026\/04\/gravity-destoner.webp 720w, https:\/\/cnricemill.com\/wp-content\/uploads\/2026\/04\/gravity-destoner-300x225.webp 300w, https:\/\/cnricemill.com\/wp-content\/uploads\/2026\/04\/gravity-destoner-16x12.webp 16w\" sizes=\"auto, (max-width: 720px) 100vw, 720px\" \/><figcaption class=\"wp-element-caption\">d\u00e9tonateur gravitaire<\/figcaption><\/figure>    <figure class=\"wp-block-image size-large\"><img loading=\"lazy\" decoding=\"async\" width=\"720\" height=\"540\" data-id=\"542\" src=\"https:\/\/cnricemill.com\/wp-content\/uploads\/2026\/04\/paddy-separator.webp\" alt=\"s\u00e9parateur de paddy\" class=\"wp-image-542\" srcset=\"https:\/\/cnricemill.com\/wp-content\/uploads\/2026\/04\/paddy-separator.webp 720w, https:\/\/cnricemill.com\/wp-content\/uploads\/2026\/04\/paddy-separator-300x225.webp 300w, https:\/\/cnricemill.com\/wp-content\/uploads\/2026\/04\/paddy-separator-16x12.webp 16w\" sizes=\"auto, (max-width: 720px) 100vw, 720px\" \/><figcaption class=\"wp-element-caption\">s\u00e9parateur de paddy<\/figcaption><\/figure>    <figure class=\"wp-block-image size-large\"><img loading=\"lazy\" decoding=\"async\" width=\"720\" height=\"540\" data-id=\"544\" src=\"https:\/\/cnricemill.com\/wp-content\/uploads\/2026\/04\/rubber-roller-husker.webp\" alt=\"d\u00e9cortiqueur \u00e0 rouleaux en caoutchouc\" class=\"wp-image-544\" srcset=\"https:\/\/cnricemill.com\/wp-content\/uploads\/2026\/04\/rubber-roller-husker.webp 720w, https:\/\/cnricemill.com\/wp-content\/uploads\/2026\/04\/rubber-roller-husker-300x225.webp 300w, https:\/\/cnricemill.com\/wp-content\/uploads\/2026\/04\/rubber-roller-husker-16x12.webp 16w\" sizes=\"auto, (max-width: 720px) 100vw, 720px\" \/><figcaption class=\"wp-element-caption\">d\u00e9cortiqueur \u00e0 rouleaux en caoutchouc<\/figcaption><\/figure>    <figure class=\"wp-block-image size-large\"><img loading=\"lazy\" decoding=\"async\" width=\"720\" height=\"540\" data-id=\"545\" src=\"https:\/\/cnricemill.com\/wp-content\/uploads\/2026\/04\/steel-roller-rice-mill.webp\" alt=\"moulin \u00e0 riz \u00e0 rouleaux en acier\" class=\"wp-image-545\" srcset=\"https:\/\/cnricemill.com\/wp-content\/uploads\/2026\/04\/steel-roller-rice-mill.webp 720w, https:\/\/cnricemill.com\/wp-content\/uploads\/2026\/04\/steel-roller-rice-mill-300x225.webp 300w, https:\/\/cnricemill.com\/wp-content\/uploads\/2026\/04\/steel-roller-rice-mill-16x12.webp 16w\" sizes=\"auto, (max-width: 720px) 100vw, 720px\" \/><figcaption class=\"wp-element-caption\">moulin \u00e0 riz \u00e0 rouleaux en acier<\/figcaption><\/figure> <\/figure>    <h2 class=\"wp-block-heading\"><strong>Machine combin\u00e9e de broyage de la balle de riz vs moulin \u00e0 riz ordinaire<\/strong><\/h2>    <figure class=\"wp-block-table\"><table class=\"has-fixed-layout\"><thead><tr><th>Caract\u00e9ristique<\/th><th>Machine de broyage de balle de riz<\/th><th>Moulin \u00e0 riz ordinaire<\/th><\/tr><\/thead><tbody><tr><td>Nettoyage du riz<\/td><td>Tamis de nettoyage int\u00e9gr\u00e9<\/td><td>Souvent s\u00e9par\u00e9 ou indisponible<\/td><\/tr><tr><td>D\u00e9tonation<\/td><td>D\u00e9tonateur gravitaire int\u00e9gr\u00e9<\/td><td>Souvent non inclus<\/td><\/tr><tr><td>Efficacit\u00e9 de d\u00e9corticage<\/td><td>&gt;85% d\u00e9cortiqueur \u00e0 rouleaux en caoutchouc<\/td><td>Moins efficace ou inf\u00e9rieur<\/td><\/tr><tr><td>Blanchiment du riz<\/td><td>Blanchiment par rouleaux en acier<\/td><td>Mouture de base uniquement<\/td><\/tr><tr><td>Options d'alimentation<\/td><td>Diesel   \u00c9lectrique<\/td><td>Principalement \u00e9lectrique uniquement<\/td><\/tr><tr><td>Mobilit\u00e9<\/td><td>\u00c9lev\u00e9<\/td><td>Faible<\/td><\/tr><tr><td>Taux de riz cass\u00e9<\/td><td>&lt;4%<\/td><td>Plus \u00e9lev\u00e9<\/td><\/tr><tr><td>Productivit\u00e9<\/td><td>400\u2013500 kg\/h<\/td><td>Inf\u00e9rieur<\/td><\/tr><tr><td>Installation<\/td><td>Compact et facile<\/td><td>Empreinte plus grande<\/td><\/tr><tr><td>Zones adapt\u00e9es<\/td><td>R\u00e9gions rurales, mobiles, en p\u00e9nurie d'\u00e9lectricit\u00e9<\/td><td>Alimentation \u00e9lectrique stable uniquement<\/td><\/tr><tr><td>Retour sur investissement<\/td><td>\u00c9lev\u00e9<\/td><td>Mod\u00e9r\u00e9<\/td><\/tr><tr><td>Qualit\u00e9 du riz<\/td><td>Riz \u00e0 haute brillance, plus propre<\/td><td>Qualit\u00e9 standard<\/td><\/tr><\/tbody><\/table><figcaption class=\"wp-element-caption\">comparaison des moulins \u00e0 riz int\u00e9gr\u00e9s et des unit\u00e9s de mouture de riz<\/figcaption><\/figure>    <p class=\"translation-block\">Si vous avez besoin d'une production plus \u00e9lev\u00e9e ou d'un flux de traitement du riz plus complet, une <a href=\"https:\/\/cnricemill.com\/fr\/product\/15t-d-rice-mill-plant\/\">unit\u00e9 de mouture de riz<\/a> pourrait r\u00e9pondre \u00e0 vos besoins !<\/p>    <h2 class=\"wp-block-heading\"><strong>Contactez-nous pour vos solutions de traitement du riz !<\/strong><\/h2>    <p>Cette machine de broyage de la balle de riz est une solution avanc\u00e9e, tout-en-un, con\u00e7ue sp\u00e9cifiquement pour r\u00e9pondre aux exigences de l'agriculture moderne. En int\u00e9grant nettoyage, d\u00e9tonation, d\u00e9corticage et blanchiment dans une seule unit\u00e9, elle am\u00e9liore consid\u00e9rablement la qualit\u00e9 du riz, l'efficacit\u00e9 op\u00e9rationnelle et la rentabilit\u00e9.<\/p>    <p>Que vous soyez un agriculteur, un entrepreneur rural ou un transformateur de riz commercial \u2014 et particuli\u00e8rement dans les r\u00e9gions avec une alimentation \u00e9lectrique limit\u00e9e ou des besoins croissants en production de riz \u2014 cette machine repr\u00e9sente un choix id\u00e9al, pratique et potentiellement tr\u00e8s rentable.<\/p>    <p>Contactez-nous pour recevoir les derniers prix et informations.<\/p>","protected":false},"excerpt":{"rendered":"<p>This rice hulling and milling machine is a comprehensive, integrated system designed specifically to process paddy rice in a single pass. By combining a cleaning sieve, gravity destoner, rubber-roller husker, and steel-roller miller into a single unit, it empowers users to achieve high-quality and highly efficient rice production.<\/p>","protected":false},"author":1,"featured_media":538,"parent":0,"template":"","tags":[14],"product-type":[5],"class_list":["post-537","product","type-product","status-publish","has-post-thumbnail","hentry","tag-rice","product-type-rice-mill-plant"],"_links":{"self":[{"href":"https:\/\/cnricemill.com\/fr\/wp-json\/wp\/v2\/product\/537","targetHints":{"allow":["GET"]}}],"collection":[{"href":"https:\/\/cnricemill.com\/fr\/wp-json\/wp\/v2\/product"}],"about":[{"href":"https:\/\/cnricemill.com\/fr\/wp-json\/wp\/v2\/types\/product"}],"author":[{"embeddable":true,"href":"https:\/\/cnricemill.com\/fr\/wp-json\/wp\/v2\/users\/1"}],"wp:featuredmedia":[{"embeddable":true,"href":"https:\/\/cnricemill.com\/fr\/wp-json\/wp\/v2\/media\/538"}],"wp:attachment":[{"href":"https:\/\/cnricemill.com\/fr\/wp-json\/wp\/v2\/media?parent=537"}],"wp:term":[{"taxonomy":"post_tag","embeddable":true,"href":"https:\/\/cnricemill.com\/fr\/wp-json\/wp\/v2\/tags?post=537"},{"taxonomy":"product-type","embeddable":true,"href":"https:\/\/cnricemill.com\/fr\/wp-json\/wp\/v2\/product-type?post=537"}],"curies":[{"name":"wp","href":"https:\/\/api.w.org\/{rel}","templated":true}]}}