{"id":513,"date":"2026-03-24T15:18:44","date_gmt":"2026-03-24T07:18:44","guid":{"rendered":"https:\/\/cnricemill.com\/?post_type=product&#038;p=513"},"modified":"2026-03-30T13:34:50","modified_gmt":"2026-03-30T05:34:50","slug":"25tpd-rice-processing-equipment","status":"publish","type":"product","link":"https:\/\/cnricemill.com\/fr\/product\/25tpd-rice-processing-equipment\/","title":{"rendered":"\u00c9quipement de traitement du riz de 25 TPD | Solutions compl\u00e8tes pour la riziculture"},"content":{"rendered":"<p>L\u2019\u00e9quipement complet de traitement du riz 25 TPD est un choix id\u00e9al pour les petites et moyennes entreprises de traitement du riz. Il comprend plusieurs \u00e9tapes de traitement \u2014 y compris le mouture, le polissage, le classement et l\u2019emballage \u2014 permettant une gestion enti\u00e8rement automatis\u00e9e du riz dans les usines de traitement.<\/p>    <h2 class=\"wp-block-heading\">Deux types d\u2019\u00e9quipements de traitement du riz 25 TPD<\/h2>    <h3 class=\"wp-block-heading\"><strong>Ligne de traitement du riz en structure d\u2019acier<\/strong><\/h3>    <p>Facilit\u00e9 de nettoyage et d\u2019entretien<\/p>    <ul class=\"wp-block-list\"> <li>Efficacit\u00e9 d\u2019utilisation de l\u2019espace plus \u00e9lev\u00e9e<\/li>    <li>Un flux de production plus organis\u00e9<\/li>    <li>Confort accru pour l\u2019inspection et l\u2019exploitation<\/li>    <li>Ce type implique l\u2019installation de l\u2019\u00e9quipement directement au sol, \u00e9liminant la n\u00e9cessit\u00e9 de construire une plateforme en structure d\u2019acier.<\/li> <\/ul>    <h3 class=\"wp-block-heading\"><strong>Installation de traitement du riz sans structure en acier<\/strong><\/h3>    <p>Co\u00fbt initial d\u2019investissement plus faible<\/p>    <p class=\"translation-block\"><strong>Avantages<\/strong> :<\/p>    <ul class=\"wp-block-list\"> <li>Installation simple<\/li>    <li>Convient aux utilisateurs avec un budget limit\u00e9<\/li>    <li>Relativement peu pratique pour la maintenance et le nettoyage<\/li> <\/ul>    <p class=\"translation-block\"><strong>Inconv\u00e9nients<\/strong> :<\/p>    <ul class=\"wp-block-list\"> <li>Occupe une surface au sol plus grande<\/li>    <li>C\u2019est la solution de base la plus courante et \u00e9quilibr\u00e9e, comprenant : un d\u00e9grainant, un d\u00e9cortiqueur, deux blanchisseurs de riz, un s\u00e9parateur de paddy \u00e0 gravit\u00e9, un trieur de couleurs, un polisseur, un classificateur de riz blanc, et une machine de pes\u00e9e et d\u2019emballage.<\/li> <\/ul>    <h2 class=\"wp-block-heading\"><strong>Solutions d\u2019unit\u00e9s de mouture de riz avec diverses configurations<\/strong><\/h2>    <h3 class=\"wp-block-heading\"><strong>Machine de mouture de riz 25 TPD avec structure en acier<\/strong><\/h3>    <h4 class=\"wp-block-heading\"><strong>Option 1<\/strong><\/h4>    <p>option 1 : machine de mouture de riz 25TPD<\/p>   <div class=\"wp-block-image\"> <figure class=\"aligncenter size-full\"><img loading=\"lazy\" decoding=\"async\" width=\"720\" height=\"540\" src=\"https:\/\/cnricemill.com\/wp-content\/uploads\/2026\/03\/option-1-25TPD-rice-milling-machine.webp\" alt=\"option 2 usine de riz 25TPD\" class=\"wp-image-518\" srcset=\"https:\/\/cnricemill.com\/wp-content\/uploads\/2026\/03\/option-1-25TPD-rice-milling-machine.webp 720w, https:\/\/cnricemill.com\/wp-content\/uploads\/2026\/03\/option-1-25TPD-rice-milling-machine-300x225.webp 300w, https:\/\/cnricemill.com\/wp-content\/uploads\/2026\/03\/option-1-25TPD-rice-milling-machine-16x12.webp 16w\" sizes=\"auto, (max-width: 720px) 100vw, 720px\" \/><figcaption class=\"wp-element-caption\">Compar\u00e9 \u00e0 l\u2019Option 1, cet \u00e9quipement de traitement du riz int\u00e8gre un bac de stockage interm\u00e9diaire pour le riz fini avant l\u2019\u00e9tape d\u2019emballage et repositionne le trieur de couleurs pour suivre le classificateur de riz blanc.<\/figcaption><\/figure> <\/div>   <h4 class=\"wp-block-heading\"><strong>Option 2<\/strong><\/h4>    <p>Les avantages de cet ajustement incluent l\u2019ajout d\u2019une capacit\u00e9 de stockage tampon \u2014 assurant ainsi un processus d\u2019emballage continu et s\u00e9quentiel \u2014 ainsi qu\u2019une s\u00e9quence de tri optimis\u00e9e qui am\u00e9liore la puret\u00e9 du riz fini. Cette solution est id\u00e9ale pour les installations recherchant un flux de production plus fluide et une r\u00e9duction des temps d\u2019arr\u00eat.<\/p>    <p>option 2 : usine de riz 25TPD<\/p>   <div class=\"wp-block-image\"> <figure class=\"aligncenter size-full\"><img loading=\"lazy\" decoding=\"async\" width=\"720\" height=\"540\" src=\"https:\/\/cnricemill.com\/wp-content\/uploads\/2026\/03\/option-2-25TPD-rice-mill-plant.webp\" alt=\"option 3 \u00e9quipement de traitement du riz 25TPD\" class=\"wp-image-519\" srcset=\"https:\/\/cnricemill.com\/wp-content\/uploads\/2026\/03\/option-2-25TPD-rice-mill-plant.webp 720w, https:\/\/cnricemill.com\/wp-content\/uploads\/2026\/03\/option-2-25TPD-rice-mill-plant-300x225.webp 300w, https:\/\/cnricemill.com\/wp-content\/uploads\/2026\/03\/option-2-25TPD-rice-mill-plant-16x12.webp 16w\" sizes=\"auto, (max-width: 720px) 100vw, 720px\" \/><figcaption class=\"wp-element-caption\">Compar\u00e9 au Sch\u00e9ma de Configuration 1, cette configuration int\u00e8gre une machine de polissage du riz suppl\u00e9mentaire et repositionne le trieur de couleurs avant le classificateur de riz blanc.<\/figcaption><\/figure> <\/div>   <h4 class=\"wp-block-heading\"><strong>Option 3<\/strong><\/h4>    <p>Cette modification entra\u00eene une blancheur plus \u00e9lev\u00e9e du riz fini, une apparence am\u00e9lior\u00e9e des grains, et un meilleur contr\u00f4le des bris de riz.<\/p>    <p>En effectuant un tri de couleurs \u00e0 un stade plus pr\u00e9coce \u2014 sp\u00e9cifiquement avant le classement \u2014, les grains d\u00e9fectueux peuvent \u00eatre efficacement \u00e9limin\u00e9s avant le d\u00e9but du processus de classification. Cette configuration est id\u00e9ale pour les op\u00e9rations de traitement du riz haut de gamme et le march\u00e9 de l\u2019exportation.<\/p>    <p>option 3 : \u00e9quipement de traitement du riz 25TPD<\/p>   <div class=\"wp-block-image\"> <figure class=\"aligncenter size-full\"><img loading=\"lazy\" decoding=\"async\" width=\"720\" height=\"540\" src=\"https:\/\/cnricemill.com\/wp-content\/uploads\/2026\/03\/option-3-25TPD-rice-processing-equipment.webp\" alt=\"option 1 usine de mouture de riz compl\u00e8te\" class=\"wp-image-520\" srcset=\"https:\/\/cnricemill.com\/wp-content\/uploads\/2026\/03\/option-3-25TPD-rice-processing-equipment.webp 720w, https:\/\/cnricemill.com\/wp-content\/uploads\/2026\/03\/option-3-25TPD-rice-processing-equipment-300x225.webp 300w, https:\/\/cnricemill.com\/wp-content\/uploads\/2026\/03\/option-3-25TPD-rice-processing-equipment-16x12.webp 16w\" sizes=\"auto, (max-width: 720px) 100vw, 720px\" \/><figcaption class=\"wp-element-caption\">Cette configuration d\u2019\u00e9quipement de traitement du riz repr\u00e9sente une disposition en structure d\u2019acier \u00e0 la pointe de la technologie :<\/figcaption><\/figure> <\/div>   <h4 class=\"wp-block-heading\"><strong>Option 4<\/strong><\/h4>    <p>Il comprend l\u2019ajout d\u2019un bac de stockage de riz brut.<\/p>    <ul class=\"wp-block-list\"> <li>Il est \u00e9quip\u00e9 de trois machines de mouture de riz.<\/li>    <li>Il comprend deux machines de tri de riz blanc.<\/li>    <li>Un bac de refroidissement a \u00e9t\u00e9 install\u00e9 entre le polisseur de riz et la premi\u00e8re machine de triage.<\/li>    <li>Un bac de stockage de riz fini a \u00e9t\u00e9 ajout\u00e9 avant l\u2019\u00e9tape d\u2019emballage.<\/li>    <li>Le syst\u00e8me de classement \u00e0 plusieurs \u00e9tapes am\u00e9liore la pr\u00e9cision du tri du riz, tandis que le syst\u00e8me de refroidissement dans le bac de refroidissement am\u00e9liore la qualit\u00e9 du riz et r\u00e9duit le taux de bris.<\/li> <\/ul>    <p>De plus, son syst\u00e8me de stockage complet offre un support robuste pour des op\u00e9rations de production continues et \u00e0 grande \u00e9chelle. En assurant que la qualit\u00e9 du riz et la coh\u00e9rence des lots atteignent des niveaux optimaux, cette configuration est id\u00e9ale pour les op\u00e9rations industrielles et commerciales \u00e0 grande \u00e9chelle. <\/p>    <p>Vid\u00e9o de fonctionnement de l\u2019usine de mouture de riz 25TPD<\/p>    <figure class=\"wp-block-embed aligncenter is-type-video is-provider-youtube wp-block-embed-youtube wp-embed-aspect-16-9 wp-has-aspect-ratio\"><div class=\"wp-block-embed__wrapper\"> <iframe loading=\"lazy\" title=\"\u00c9quipements de traitement du riz\" width=\"500\" height=\"281\" src=\"https:\/\/www.youtube.com\/embed\/zvNIWBwPGDY?feature=oembed\" frameborder=\"0\" allow=\"accelerometer; autoplay; clipboard-write; encrypted-media; gyroscope; picture-in-picture; web-share\" referrerpolicy=\"strict-origin-when-cross-origin\" allowfullscreen><\/iframe> <\/div><figcaption class=\"wp-element-caption\">Cette solution comprend une ligne de traitement et de production compl\u00e8te couvrant tout le flux de travail de la production de riz standard, comprenant : un d\u00e9grainant, un d\u00e9cortiqueur, un s\u00e9parateur de paddy, deux blanchisseurs de riz, un polisseur, un classificateur, un trieur de couleurs, et une machine d\u2019emballage.<\/figcaption><\/figure>    <h3 class=\"wp-block-heading\"><strong>Machine de mouture de riz 25 TPD sans structure en acier<\/strong><\/h3>    <h4 class=\"wp-block-heading\"><strong>Option 1<\/strong><\/h4>    <p>option 1 : usine de mouture de riz compl\u00e8te<\/p>   <div class=\"wp-block-image\"> <figure class=\"aligncenter size-full\"><img loading=\"lazy\" decoding=\"async\" width=\"720\" height=\"540\" src=\"https:\/\/cnricemill.com\/wp-content\/uploads\/2026\/03\/option-1-complete-rice-milling-plant.webp\" alt=\"option 3 machine de mouture de riz automatique\" class=\"wp-image-522\" srcset=\"https:\/\/cnricemill.com\/wp-content\/uploads\/2026\/03\/option-1-complete-rice-milling-plant.webp 720w, https:\/\/cnricemill.com\/wp-content\/uploads\/2026\/03\/option-1-complete-rice-milling-plant-300x225.webp 300w, https:\/\/cnricemill.com\/wp-content\/uploads\/2026\/03\/option-1-complete-rice-milling-plant-16x12.webp 16w\" sizes=\"auto, (max-width: 720px) 100vw, 720px\" \/><figcaption class=\"wp-element-caption\">Compar\u00e9 au Sch\u00e9ma de Configuration 1, ce sch\u00e9ma int\u00e8gre un bac de stockage interm\u00e9diaire pour le riz fini avant l\u2019\u00e9tape d\u2019emballage, am\u00e9liorant ainsi la continuit\u00e9 de la production.<\/figcaption><\/figure> <\/div>   <h4 class=\"wp-block-heading\"><strong>Option 2<\/strong><\/h4>    <p>De plus, un trieur de couleurs a \u00e9t\u00e9 ajout\u00e9 en amont du classificateur de riz blanc pour faciliter une \u00e9limination plus efficace des impuret\u00e9s lors des premi\u00e8res \u00e9tapes du flux de traitement. <\/p>    <p>option 2 : machine de mouture de riz commerciale<\/p>   <div class=\"wp-block-image\"> <figure class=\"aligncenter size-full\"><img loading=\"lazy\" decoding=\"async\" width=\"720\" height=\"540\" src=\"https:\/\/cnricemill.com\/wp-content\/uploads\/2026\/03\/option-2-commercial-rice-milling-machine.webp\" alt=\"option 4 usine de riz moderne\" class=\"wp-image-524\" srcset=\"https:\/\/cnricemill.com\/wp-content\/uploads\/2026\/03\/option-2-commercial-rice-milling-machine.webp 720w, https:\/\/cnricemill.com\/wp-content\/uploads\/2026\/03\/option-2-commercial-rice-milling-machine-300x225.webp 300w, https:\/\/cnricemill.com\/wp-content\/uploads\/2026\/03\/option-2-commercial-rice-milling-machine-16x12.webp 16w\" sizes=\"auto, (max-width: 720px) 100vw, 720px\" \/><figcaption class=\"wp-element-caption\">Ce sch\u00e9ma de configuration \u00e9limine les machines de polissage, de tri de couleurs et d\u2019emballage, ne conservant que l\u2019\u00e9quipement de traitement principal.<\/figcaption><\/figure> <\/div>   <h4 class=\"wp-block-heading\"><strong>Option 3<\/strong><\/h4>    <p>Elle repr\u00e9sente l\u2019option d\u2019investissement la moins co\u00fbteuse parmi tous les sch\u00e9mas disponibles, ce qui la rend adapt\u00e9e aux petits exploitants ou \u00e0 la mouture de riz \u00e0 usage local et auto-consommation ; le riz obtenu poss\u00e8de g\u00e9n\u00e9ralement une qualit\u00e9 et une valeur marchande inf\u00e9rieures.<\/p>    <p>option 3 : machine de mouture de riz automatique<\/p>   <div class=\"wp-block-image\"> <figure class=\"aligncenter size-full\"><img loading=\"lazy\" decoding=\"async\" width=\"720\" height=\"540\" src=\"https:\/\/cnricemill.com\/wp-content\/uploads\/2026\/03\/option-3-automatic-rice-milling-machine.webp\" alt=\"option 2 machine de mouture de riz automatique\" class=\"wp-image-523\" srcset=\"https:\/\/cnricemill.com\/wp-content\/uploads\/2026\/03\/option-3-automatic-rice-milling-machine.webp 720w, https:\/\/cnricemill.com\/wp-content\/uploads\/2026\/03\/option-3-automatic-rice-milling-machine-300x225.webp 300w, https:\/\/cnricemill.com\/wp-content\/uploads\/2026\/03\/option-3-automatic-rice-milling-machine-16x12.webp 16w\" sizes=\"auto, (max-width: 720px) 100vw, 720px\" \/><figcaption class=\"wp-element-caption\">Compar\u00e9 \u00e0 la configuration de base de l\u2019\u00e9quipement de traitement du riz de la Solution 1, cette option supprime la machine de polissage tout en conservant le trieur de couleurs et la machine d\u2019emballage.<\/figcaption><\/figure> <\/div>   <h4 class=\"wp-block-heading\"><strong>Option 4<\/strong><\/h4>    <p>En r\u00e9duisant les co\u00fbts d\u2019\u00e9quipement sans compromettre la qualit\u00e9 du tri, il est adapt\u00e9 au march\u00e9 de gamme moyenne, o\u00f9 les exigences esth\u00e9tiques sont relativement moins strictes. <\/p>    <p>option 4 : usine de riz moderne<\/p>   <div class=\"wp-block-image\"> <figure class=\"aligncenter size-full\"><img loading=\"lazy\" decoding=\"async\" width=\"720\" height=\"540\" src=\"https:\/\/cnricemill.com\/wp-content\/uploads\/2026\/03\/option-4-modern-rice-mill-plant.webp\" alt=\"option 5 usine de riz enti\u00e8rement automatique\" class=\"wp-image-525\" srcset=\"https:\/\/cnricemill.com\/wp-content\/uploads\/2026\/03\/option-4-modern-rice-mill-plant.webp 720w, https:\/\/cnricemill.com\/wp-content\/uploads\/2026\/03\/option-4-modern-rice-mill-plant-300x225.webp 300w, https:\/\/cnricemill.com\/wp-content\/uploads\/2026\/03\/option-4-modern-rice-mill-plant-16x12.webp 16w\" sizes=\"auto, (max-width: 720px) 100vw, 720px\" \/><figcaption class=\"wp-element-caption\">Cette configuration met \u00e0 niveau le syst\u00e8me de mouture pour incorporer trois blanchisseurs de riz, ce qui augmente l\u2019efficacit\u00e9 de blanchiment et la production.<\/figcaption><\/figure> <\/div>   <h4 class=\"wp-block-heading\"><strong>FAQ sur l\u2019\u00e9quipement de traitement du riz<\/strong><\/h4>    <p>Cependant, en raison de l\u2019absence d\u2019une \u00e9tape de tri de couleurs, la qualit\u00e9 visuelle du riz est relativement inf\u00e9rieure, ce qui le rend mieux adapt\u00e9 aux op\u00e9rations de traitement du riz \u00e0 grande \u00e9chelle et aux march\u00e9s sensibles aux prix. <\/p>    <p>option 5 : usine de riz enti\u00e8rement automatique<\/p>   <div class=\"wp-block-image\"> <figure class=\"aligncenter size-full\"><img loading=\"lazy\" decoding=\"async\" width=\"720\" height=\"540\" src=\"https:\/\/cnricemill.com\/wp-content\/uploads\/2026\/03\/option-5-fully-automatic-rice-mill-plant.webp\" alt=\"option 5 usine de riz enti\u00e8rement automatique\" class=\"wp-image-526\" srcset=\"https:\/\/cnricemill.com\/wp-content\/uploads\/2026\/03\/option-5-fully-automatic-rice-mill-plant.webp 720w, https:\/\/cnricemill.com\/wp-content\/uploads\/2026\/03\/option-5-fully-automatic-rice-mill-plant-300x225.webp 300w, https:\/\/cnricemill.com\/wp-content\/uploads\/2026\/03\/option-5-fully-automatic-rice-mill-plant-16x12.webp 16w\" sizes=\"auto, (max-width: 720px) 100vw, 720px\" \/><figcaption class=\"wp-element-caption\">Un polisseur de riz am\u00e9liore la brillance et la propret\u00e9 de l\u2019aspect du riz, augmentant ainsi sa valeur marchande et le rendant plus attrayant pour les consommateurs.<\/figcaption><\/figure> <\/div>   <h2 class=\"wp-block-heading\"><strong>Comment choisir le bon \u00e9quipement de traitement du riz ?<\/strong><\/h2>   <div id=\"rank-math-faq\" class=\"rank-math-block\"> <div class=\"rank-math-list\"> <div id=\"faq-question-1774232902550\" class=\"rank-math-list-item\"> <h3 class=\"rank-math-question\">Qu\u2019est-ce que l\u2019\u00e9quipement de mouture de riz 25TPD ?<\/h3> <div class=\"rank-math-answer\">  <p>L\u2019\u00e9quipement de traitement du riz 25TPD d\u00e9signe un ensemble complet de machines de mouture de riz avec une capacit\u00e9 quotidienne de traitement de 25 tonnes de paddy. Cet \u00e9quipement comprend diverses machines couvrant des \u00e9tapes telles que le nettoyage, le d\u00e9corticage, la mouture, le polissage, le classement et l\u2019emballage.<\/p>  <\/div> <\/div> <div id=\"faq-question-1774233854539\" class=\"rank-math-list-item\"> <h3 class=\"rank-math-question\">Quelle est la diff\u00e9rence entre une rizi\u00e8re en structure d\u2019acier et une sans structure en acier ?<\/h3> <div class=\"rank-math-answer\">  <p>Une structure en acier est plus facile \u00e0 nettoyer, poss\u00e8de une disposition plus rationnelle, et offre une efficacit\u00e9 op\u00e9rationnelle plus \u00e9lev\u00e9e. \u00c0 l\u2019inverse, une structure sans acier a des co\u00fbts plus faibles et une installation plus simple. Pour les utilisateurs n\u00e9cessitant une production industrielle \u00e0 long terme, un syst\u00e8me de traitement du riz en structure d\u2019acier est recommand\u00e9.<\/p>  <\/div> <\/div> <div id=\"faq-question-1774234195653\" class=\"rank-math-list-item\"> <h3 class=\"rank-math-question\">Un trieur de couleurs est-il un composant obligatoire de l\u2019\u00e9quipement de traitement du riz ?<\/h3> <div class=\"rank-math-answer\">  <p>Un trieur de couleurs n\u2019est pas une exigence obligatoire, mais son inclusion est fortement recommand\u00e9e. Il \u00e9limine les grains d\u00e9fectueux du riz, am\u00e9liorant ainsi consid\u00e9rablement la qualit\u00e9 globale du riz \u2014 un facteur crucial pour acc\u00e9der aux march\u00e9s haut de gamme.<\/p>  <\/div> <\/div> <div id=\"faq-question-1774234228009\" class=\"rank-math-list-item\"> <h3 class=\"rank-math-question\">Quels sont les avantages d\u2019ajouter un polisseur de riz ?<\/h3> <div class=\"rank-math-answer\">  <p>A rice polisher improves the luster and cleanliness of the rice&#8217;s appearance, thereby increasing its market value and making it more appealing to consumers.<\/p>  <\/div> <\/div> <div id=\"faq-question-1774234255903\" class=\"rank-math-list-item\"> <h3 class=\"rank-math-question\">Puis-je personnaliser l\u2019\u00e9quipement de mouture de riz 25TPD ?<\/h3> <div class=\"rank-math-answer\">  <p>Oui, vous pouvez. La plupart des fabricants proposent des services de personnalisation adapt\u00e9s \u00e0 vos besoins sp\u00e9cifiques, y compris l\u2019ajout de bacs de stockage de grains, des am\u00e9liorations des syst\u00e8mes d\u2019emballage automatis\u00e9s, et plus encore.<\/p>  <\/div> <\/div> <\/div> <\/div>   <h2 class=\"wp-block-heading\"><strong>Choisissez Taizy pour soutenir vos besoins en \u00e9quipements de mouture de riz !<\/strong><\/h2>    <ol class=\"wp-block-list\"> <li><strong>: Votre budget d\u00e9terminera directement l\u2019architecture globale et le niveau d\u2019automatisation de votre installation de mouture de riz.<\/strong>Efficacit\u00e9 de maintenance et op\u00e9rationnelle<\/li>    <li><strong>: Lors du choix de l\u2019\u00e9quipement de traitement du riz, les exigences de maintenance sont souvent l\u2019un des facteurs critiques les plus sous-estim\u00e9s ; ils d\u00e9terminent de mani\u00e8re d\u00e9cisive le co\u00fbt d\u2019investissement \u00e0 long terme de l\u2019\u00e9quipement.<\/strong>: When selecting rice processing equipment, maintenance requirements are often one of the most easily underestimated critical factors; they serve as the decisive determinant of the equipment&#8217;s long-term investment costs.<\/li>    <li><strong>: Vos objectifs de production projet\u00e9s d\u00e9termineront le niveau sp\u00e9cifique de configuration et de sophistication de l\u2019\u00e9quipement requis.<\/strong>Niveau d\u2019automatisation et co\u00fbts de main-d'\u0153uvre<\/li>    <li><strong>: Les \u00e9quipements avec un faible niveau d\u2019automatisation entra\u00eenent g\u00e9n\u00e9ralement des co\u00fbts initiaux d\u2019acquisition plus faibles, mais d\u00e9pendent davantage de la main-d'\u0153uvre, ce qui r\u00e9duit consid\u00e9rablement l\u2019efficacit\u00e9 par rapport aux syst\u00e8mes de production enti\u00e8rement automatis\u00e9s.<\/strong>Si vous visez une efficacit\u00e9 sup\u00e9rieure, une maintenance plus facile et une meilleure qualit\u00e9 du produit, la configuration compl\u00e8te en structure d\u2019acier est fortement recommand\u00e9e.<\/li> <\/ol>    <h2 class=\"wp-block-heading\"><strong>Le type en structure d\u2019acier utilise un design \u00e0 plateforme-structure, permettant l\u2019installation verticale de l\u2019\u00e9quipement. Il offre les avantages suivants :<\/strong><\/h2>    <p class=\"translation-block\">Une usine de mouture de riz 25TPD est un investissement rentable et \u00e9volutif pour les entreprises de traitement du riz. Que vous choisissiez une structure en acier ou un syst\u00e8me sans structure en acier, la s\u00e9lection de la bonne configuration d\u2019<strong>\u00e9quipements de traitement du riz<\/strong> est cruciale pour le succ\u00e8s \u00e0 long terme.<\/p>    <p>Autres solutions de mouture de riz avec une capacit\u00e9 quotidienne diff\u00e9rente :<\/p>    <p>Usine de riz automatique 40TPD<\/p>    <ul class=\"wp-block-list\"> <li><a href=\"https:\/\/cnricemill.com\/fr\/product\/15tpd-complete-rice-mill-plant\/\">Usine de machine de mouture de riz \u00e0 petite \u00e9chelle de 15 TPD<\/a><\/li>    <li><a href=\"https:\/\/cnricemill.com\/fr\/product\/40tpd-automatic-rice-mill-plant\/\">Transformation industrielle du riz | Usine de mouture de riz 25TPD Processus de travail Contact :  8617703863868<\/a><\/li>    <li><a href=\"https:\/\/cnricemill.com\/fr\/product\/60td-rice-mill-plant\/\">Usine de rizerie 60T\/D<\/a><\/li> <\/ul>","protected":false},"excerpt":{"rendered":"<p>Complete 25TPD rice processing equipment solutions with steel and non-steel configurations. Compare machine setups, improve rice quality, and choose the best rice milling plant for your business.<\/p>","protected":false},"author":1,"featured_media":517,"parent":0,"template":"","tags":[14],"product-type":[5],"class_list":["post-513","product","type-product","status-publish","has-post-thumbnail","hentry","tag-rice","product-type-rice-mill-plant"],"_links":{"self":[{"href":"https:\/\/cnricemill.com\/fr\/wp-json\/wp\/v2\/product\/513","targetHints":{"allow":["GET"]}}],"collection":[{"href":"https:\/\/cnricemill.com\/fr\/wp-json\/wp\/v2\/product"}],"about":[{"href":"https:\/\/cnricemill.com\/fr\/wp-json\/wp\/v2\/types\/product"}],"author":[{"embeddable":true,"href":"https:\/\/cnricemill.com\/fr\/wp-json\/wp\/v2\/users\/1"}],"wp:featuredmedia":[{"embeddable":true,"href":"https:\/\/cnricemill.com\/fr\/wp-json\/wp\/v2\/media\/517"}],"wp:attachment":[{"href":"https:\/\/cnricemill.com\/fr\/wp-json\/wp\/v2\/media?parent=513"}],"wp:term":[{"taxonomy":"post_tag","embeddable":true,"href":"https:\/\/cnricemill.com\/fr\/wp-json\/wp\/v2\/tags?post=513"},{"taxonomy":"product-type","embeddable":true,"href":"https:\/\/cnricemill.com\/fr\/wp-json\/wp\/v2\/product-type?post=513"}],"curies":[{"name":"wp","href":"https:\/\/api.w.org\/{rel}","templated":true}]}}