{"id":41,"date":"2022-08-11T10:09:00","date_gmt":"2022-08-11T02:09:00","guid":{"rendered":"https:\/\/cnricemill.com\/?post_type=product&#038;p=41"},"modified":"2024-12-23T11:34:30","modified_gmt":"2024-12-23T03:34:30","slug":"60td-rice-mill-plant","status":"publish","type":"product","link":"https:\/\/cnricemill.com\/fr\/product\/60td-rice-mill-plant\/","title":{"rendered":"Usine de rizerie 60T\/D"},"content":{"rendered":"<p class=\"translation-block\"><strong>Usine de moulin \u00e0 riz 60T\/J<\/strong> est une ligne de transformation du riz enti\u00e8rement automatique, incluant l\u2019ensemble du processus depuis le nettoyage du riz paddy, la d\u00e9stituration, le d\u00e9corticage, la s\u00e9paration du riz, le meulage du riz, le polissage du riz, le tri par couleur, le classement et l\u2019emballage du riz. Vous n\u2019avez plus besoin d\u2019autres machines et vous pouvez r\u00e9aliser tout le processus du riz paddy jusqu\u2019au riz blanc final \u00e9tonnant. Ce type d\u2019usine de moulin \u00e0 riz est l\u2019un de nos produits phares. De plus, il existe une usine de moulin \u00e0 riz de 40 tonnes\/jour, 50 tonnes\/jour et 100 tonnes\/jour disponibles chez l\u2019usine TAIZY. De plus, nous proposons \u00e9galement une petite machine \u00e0 riz \u00e0 vendre. Si vous recherchez une usine de moulin \u00e0 riz fiable pour lancer votre activit\u00e9, n\u2019h\u00e9sitez pas \u00e0 nous contacter pour plus d\u2019informations. \u00a0\u00a0<\/p>    <h2 class=\"wp-block-heading\">Caract\u00e9ristiques de l'usine de rizerie Taizy de 60 tonnes par jour<\/h2>    <ol class=\"wp-block-list\" type=\"1\"><li>Avec un tamis de nettoyage et un d\u00e9noyauteur s\u00e9par\u00e9s, l'effet d\u00e9noyauteur est excellent.<\/li><li>Structure raisonnable. L'ensemble de la machine de transformation du riz peut para\u00eetre compliqu\u00e9, mais chaque pi\u00e8ce est con\u00e7ue apr\u00e8s des ann\u00e9es de recherche et d'\u00e9tude pour permettre \u00e0 la machine de fonctionner de mani\u00e8re stable.<\/li><li>L'ensemble de l'usine de rizerie est \u00e9quip\u00e9 d'un trieur de couleurs avec compresseur d'air et r\u00e9servoir de stockage pour \u00e9liminer efficacement le riz de mauvaise qualit\u00e9.<\/li><li>Les machines individuelles de l'usine de rizerie de 60 tonnes\/jour sont align\u00e9es dans une rang\u00e9e soign\u00e9e et belle.<\/li><li>\u00c9conomie d'\u00e9nergie, protection de l'environnement, op\u00e9ration simple, entretien facile et durabilit\u00e9.<\/li><li>La partie mouture du riz de cet \u00e9quipement adopte une technologie avanc\u00e9e de mouture du riz, avec une basse temp\u00e9rature du riz, moins de son et un faible taux de broyage.<\/li><\/ol>    <div class=\"wp-block-columns is-layout-flex wp-container-core-columns-is-layout-9d6595d7 wp-block-columns-is-layout-flex\"> <div class=\"wp-block-column is-layout-flow wp-block-column-is-layout-flow\"> <figure class=\"wp-block-image size-full\"><img loading=\"lazy\" decoding=\"async\" width=\"720\" height=\"540\" src=\"https:\/\/cnricemill.com\/wp-content\/uploads\/2022\/08\/front-view-of-60td-rice-mill-plant.jpg\" alt=\"vue de face d&#039;une usine de rizerie de 60 td\" class=\"wp-image-78\"\/><figcaption>vue de face d'une usine de rizerie de 60 td<\/figcaption><\/figure> <\/div>    <div class=\"wp-block-column is-layout-flow wp-block-column-is-layout-flow\"> <figure class=\"wp-block-image size-full\"><img loading=\"lazy\" decoding=\"async\" width=\"720\" height=\"540\" src=\"https:\/\/cnricemill.com\/wp-content\/uploads\/2022\/08\/side-view-of-60td-rice-mill-plant-1.jpg\" alt=\"vue lat\u00e9rale d&#039;une usine de rizerie de 60 td\" class=\"wp-image-81\"\/><figcaption>vue lat\u00e9rale d'une usine de rizerie de 60 td<\/figcaption><\/figure> <\/div> <\/div>    <h2 class=\"wp-block-heading\">Donn\u00e9es techniques de l'usine de rizerie de 60 t\/j \u00e0 vendre<\/h2>    <figure class=\"wp-block-table\"><table><tbody><tr><td>Machine<\/td><td>Capacit\u00e9 (t\/h)<\/td><td>Vitesse de rotation\u00a0(r\/min)<\/td><td>Puissance (kW)<\/td><td>Volume d'aspiration (m\u00b3\/h)<\/td><\/tr><tr><td>Nettoyant combin\u00e9<\/td><td>6-7<\/td><td>920<\/td><td>2*0.37<\/td><td>4800<\/td><\/tr><tr><td>D\u00e9capant de pierre<\/td><td>6-7<\/td><td>185+_15<\/td><td>0.75<\/td><td>3800-4200<\/td><\/tr><tr><td>D\u00e9cortiqueur<\/td><td>4.2-5<\/td><td>Rapide (1228-1673) Lent (1108-1362)<\/td><td>7.5<\/td><td>3200-3800<\/td><\/tr><tr><td>S\u00e9parateur de paddy par gravit\u00e9<\/td><td>3.4-4<\/td><td>255+_15<\/td><td>1.5<\/td><td>&nbsp;<\/td><\/tr><tr><td>Moulin \u00e0 riz<\/td><td>2-3<\/td><td>1290<\/td><td>22-30<\/td><td>3500-3800<\/td><\/tr><tr><td>Trieuse de riz<\/td><td>2.5-3.5<\/td><td>150+_15<\/td><td>1.1<\/td><td>&nbsp;<\/td><\/tr><tr><td>Ascenseur<\/td><td>2.4-3.5<\/td><td>189<\/td><td>1.1<\/td><td>300<\/td><\/tr><\/tbody><\/table><\/figure>    <h2 class=\"wp-block-heading\">Organigramme d'une usine de rizerie automatique de 60 t\/j<\/h2>    <p>L'usine de rizerie de 60 t\/j a pour fonction de transformer de mani\u00e8re enti\u00e8rement automatique le paddy en riz blanc. Le processus de travail complet est le suivant\u00a0:<\/p>    <p class=\"translation-block\"><strong>Netttoyage du palladium \u2192 enl\u00e8vement des pierres \u2192 d\u00e9corticage du riz \u2192 s\u00e9paration du riz \u2192 blanchiment du riz \u2192 tri du riz \u2192 polissage \u00e0 l\u2019eau \u2192 tri par couleur \u2192 emballage du riz.<\/strong><\/p>    <div class=\"wp-block-columns is-layout-flex wp-container-core-columns-is-layout-9d6595d7 wp-block-columns-is-layout-flex\"> <div class=\"wp-block-column is-layout-flow wp-block-column-is-layout-flow\"> <figure class=\"wp-block-image size-full\"><img loading=\"lazy\" decoding=\"async\" width=\"720\" height=\"540\" src=\"https:\/\/cnricemill.com\/wp-content\/uploads\/2022\/08\/60td-rice-milling-line.jpg\" alt=\"Ligne de broyage du riz 60td\" class=\"wp-image-83\"\/><figcaption>Ligne de broyage du riz 60td<\/figcaption><\/figure> <\/div>    <div class=\"wp-block-column is-layout-flow wp-block-column-is-layout-flow\"> <figure class=\"wp-block-image size-full\"><img loading=\"lazy\" decoding=\"async\" width=\"720\" height=\"540\" src=\"https:\/\/cnricemill.com\/wp-content\/uploads\/2022\/08\/rice-mill-plant-working-process.jpg\" alt=\"processus de travail de l&#039;usine de rizerie\" class=\"wp-image-84\"\/><figcaption>processus de travail de l'usine de rizerie<\/figcaption><\/figure> <\/div> <\/div>    <h2 class=\"wp-block-heading\">D\u00e9tails de la structure de cette usine de rizerie combin\u00e9e<\/h2>    <p class=\"translation-block\">1. <strong>Netttoyeur de paddy et \u00e9liminateur de pierres :<\/strong> d\u2019autres d\u00e9bris l\u00e9gers tels que poussi\u00e8re, d\u00e9bris, masses et pierres doivent \u00eatre retir\u00e9s autant que possible afin d\u2019obtenir un meilleur balayage.<\/p>    <p class=\"translation-block\">2. <strong>Machine \u00e0 d\u00e9cortiquer le riz :<\/strong> \u00e9limination du son de riz de la graine de riz.<\/p>    <p class=\"translation-block\">3. <strong>D\u00e9canteur de riz :<\/strong> principalement pour la s\u00e9paration du riz brun du paddy, en utilisant la diff\u00e9rence de gravit\u00e9 sp\u00e9cifique et de coefficient de friction entre les trois parties du riz, du riz brun et du m\u00e9lange des deux.<\/p>    <p class=\"translation-block\">4. <strong>Machine de polissage du riz :<\/strong> la machine de polissage du riz est sp\u00e9cialement d\u00e9velopp\u00e9e pour le polissage du riz, qui est la technologie actuelle avanc\u00e9e de polissage et de blanchiment du riz dans le monde, entra\u00eenant une temp\u00e9rature plus faible du riz, moins de teneur en son et une faible progression de la fragmentation.<\/p>    <p class=\"translation-block\">5. <strong>Machine de blanchiment du riz :<\/strong> blanchiment de la surface du riz par pulv\u00e9risation d\u2019eau, ce qui favorise la formation d\u2019une couche de gel lisse et une dur\u00e9e de conservation prolong\u00e9e. allongement de la chambre de polissage pour produire du riz de haute qualit\u00e9.<\/p>    <p class=\"translation-block\">6. <strong>Machine de tri du riz :<\/strong> la machine de tri du riz peut tamiser le riz fin en riz entier, riz \u00e9cras\u00e9 gros, riz \u00e9cras\u00e9 moyen et riz \u00e9cras\u00e9 petit de mani\u00e8re efficace et pr\u00e9cise.<\/p>    <p class=\"translation-block\">7. <strong>D\u00e9froisseur de couleur du riz :<\/strong> le d\u00e9froisseur de couleur du riz est utilis\u00e9 pour trier les produits de mauvaise qualit\u00e9, laiteux, craquel\u00e9, paddy et mati\u00e8res \u00e9trang\u00e8res. Tester le signal CCD lors du fl\u00e9chissement. Si du riz non qualifi\u00e9 ou des impuret\u00e9s sont trouv\u00e9s dans le mat\u00e9riau, l\u2019\u00e9jecteur soufflera les produits inf\u00e9rieurs dans le godet.<\/p>    <p class=\"translation-block\">8. <strong>Machine d\u2019emballage du riz :<\/strong> Cette machine automatique et quantitative de pesage et d\u2019emballage se compose d\u2019un bo\u00eetier \u00e0 mat\u00e9riau, d\u2019une balance d\u2019emballage, d\u2019une machine \u00e0 coudre et d\u2019un convoyeur. Elle peut \u00eatre utilis\u00e9e avec toutes les mod\u00e8les de lignes de production de machines \u00e0 riz et le volume d\u2019emballage des sacs peut \u00eatre choisi entre 1 et 50 kg par sac selon vos besoins. &nbsp;<\/p>    <div class=\"wp-block-columns is-layout-flex wp-container-core-columns-is-layout-9d6595d7 wp-block-columns-is-layout-flex\"> <div class=\"wp-block-column is-layout-flow wp-block-column-is-layout-flow\"> <figure class=\"wp-block-gallery has-nested-images columns-default is-cropped wp-block-gallery-2 is-layout-flex wp-block-gallery-is-layout-flex\"> <figure class=\"wp-block-image size-full\"><img loading=\"lazy\" decoding=\"async\" width=\"720\" height=\"540\" data-id=\"86\" src=\"https:\/\/cnricemill.com\/wp-content\/uploads\/2022\/08\/structure-details-of-combined-rice-mill-plant.jpg\" alt=\"d\u00e9tails de la structure de l&#039;usine de rizerie combin\u00e9e\" class=\"wp-image-86\"\/><figcaption>d\u00e9tails de la structure de l'usine de rizerie combin\u00e9e<\/figcaption><\/figure> <\/figure> <\/div>    <div class=\"wp-block-column is-layout-flow wp-block-column-is-layout-flow\"> <figure class=\"wp-block-gallery has-nested-images columns-default is-cropped wp-block-gallery-3 is-layout-flex wp-block-gallery-is-layout-flex\"> <figure class=\"wp-block-image size-full\"><img loading=\"lazy\" decoding=\"async\" width=\"720\" height=\"540\" data-id=\"87\" src=\"https:\/\/cnricemill.com\/wp-content\/uploads\/2022\/08\/rice-milling-plant-factory.jpg\" alt=\"Usine de rizerie\" class=\"wp-image-87\"\/><figcaption>Usine de rizerie<\/figcaption><\/figure> <\/figure> <\/div> <\/div>    <div class=\"wp-block-columns is-layout-flex wp-container-core-columns-is-layout-9d6595d7 wp-block-columns-is-layout-flex\"> <div class=\"wp-block-column is-layout-flow wp-block-column-is-layout-flow\"> <figure class=\"wp-block-gallery has-nested-images columns-default is-cropped wp-block-gallery-4 is-layout-flex wp-block-gallery-is-layout-flex\"> <figure class=\"wp-block-image size-full\"><img loading=\"lazy\" decoding=\"async\" width=\"720\" height=\"540\" data-id=\"89\" src=\"https:\/\/cnricemill.com\/wp-content\/uploads\/2022\/08\/rice-mill-plant-ready-to-ship.jpg\" alt=\"usine de rizerie pr\u00eate \u00e0 \u00eatre exp\u00e9di\u00e9e\" class=\"wp-image-89\"\/><figcaption>usine de rizerie pr\u00eate \u00e0 \u00eatre exp\u00e9di\u00e9e<\/figcaption><\/figure> <\/figure> <\/div>    <div class=\"wp-block-column is-layout-flow wp-block-column-is-layout-flow\"> <figure class=\"wp-block-gallery has-nested-images columns-default is-cropped wp-block-gallery-5 is-layout-flex wp-block-gallery-is-layout-flex\"> <figure class=\"wp-block-image size-full\"><img loading=\"lazy\" decoding=\"async\" width=\"720\" height=\"540\" data-id=\"90\" src=\"https:\/\/cnricemill.com\/wp-content\/uploads\/2022\/08\/rice-mill-plant-delivery.jpg\" alt=\"livraison d&#039;une usine de rizerie\" class=\"wp-image-90\"\/><figcaption>livraison d'une usine de rizerie<\/figcaption><\/figure> <\/figure> <\/div> <\/div>","protected":false},"excerpt":{"rendered":"<p>60T\/D rice mill plant is a fully automatic rice processing line, including the whole process from paddy cleaning, de-stoning, paddy husking, rice separation, rice milling, rice polishing, rice color sorting, rice grading, and Rice packing. You no longer need any other machines and you can realize the whole processing from paddy to the final amazing [&hellip;]<\/p>\n","protected":false},"author":1,"featured_media":75,"parent":0,"template":"","tags":[12,15],"product-type":[5],"class_list":["post-41","product","type-product","status-publish","has-post-thumbnail","hentry","tag-rice-mill-plant","tag-rice-milling","product-type-rice-mill-plant"],"_links":{"self":[{"href":"https:\/\/cnricemill.com\/fr\/wp-json\/wp\/v2\/product\/41","targetHints":{"allow":["GET"]}}],"collection":[{"href":"https:\/\/cnricemill.com\/fr\/wp-json\/wp\/v2\/product"}],"about":[{"href":"https:\/\/cnricemill.com\/fr\/wp-json\/wp\/v2\/types\/product"}],"author":[{"embeddable":true,"href":"https:\/\/cnricemill.com\/fr\/wp-json\/wp\/v2\/users\/1"}],"wp:featuredmedia":[{"embeddable":true,"href":"https:\/\/cnricemill.com\/fr\/wp-json\/wp\/v2\/media\/75"}],"wp:attachment":[{"href":"https:\/\/cnricemill.com\/fr\/wp-json\/wp\/v2\/media?parent=41"}],"wp:term":[{"taxonomy":"post_tag","embeddable":true,"href":"https:\/\/cnricemill.com\/fr\/wp-json\/wp\/v2\/tags?post=41"},{"taxonomy":"product-type","embeddable":true,"href":"https:\/\/cnricemill.com\/fr\/wp-json\/wp\/v2\/product-type?post=41"}],"curies":[{"name":"wp","href":"https:\/\/api.w.org\/{rel}","templated":true}]}}