{"id":40,"date":"2022-08-11T10:04:26","date_gmt":"2022-08-11T02:04:26","guid":{"rendered":"https:\/\/cnricemill.com\/?post_type=product&#038;p=40"},"modified":"2024-12-23T11:38:45","modified_gmt":"2024-12-23T03:38:45","slug":"paddy-separator","status":"publish","type":"product","link":"https:\/\/cnricemill.com\/fr\/product\/paddy-separator\/","title":{"rendered":"S\u00e9parateur de paddy"},"content":{"rendered":"<h2 class=\"wp-block-heading\">Qu'est-ce qu'un s\u00e9parateur de paddy\u00a0?<\/h2>    <p class=\"translation-block\"><strong>S\u00e9parateur de paddy<\/strong> ici est une machine qui s\u00e9pare le riz brun du paddy par la diff\u00e9rence entre le frottement de surface et la gravit\u00e9. Elle peut s\u00e9parer le m\u00e9lange de paddy et de riz brun en trois types. Un type est le riz brun qui entrera dans le moulin \u00e0 riz. Un type est le m\u00e9lange de riz brun et de paddy qui entrera \u00e0 nouveau dans la machine de s\u00e9paration de paddy par gravit\u00e9. L'autre est le grain de riz qui entrera \u00e0 nouveau dans la machine \u00e0 d\u00e9cortiquer pour \u00eatre d\u00e9cortiqu\u00e9 une fois de plus.<\/p>    <h2 class=\"wp-block-heading\">S\u00e9parateur de paddy par gravit\u00e9 s\u00e9rie MGCZ \u00e0 vendre<\/h2>    <p class=\"translation-block\">Le s\u00e9parateur de paddy \u00e0 gravit\u00e9 s\u00e9rie MGCZ est une machine de transformation du riz importante. Et il est crucial pour l'ensemble de l'usine de moulin \u00e0 riz. La machine de s\u00e9paration de paddy <a href=\"https:\/\/cnricemill.com\/fr\/\">TAIZY<\/a> poss\u00e8de des caract\u00e9ristiques de performance stable, d'investissement faible et de facilit\u00e9 d'utilisation. De plus, toutes nos machines ont pass\u00e9 une inspection de qualit\u00e9 extr\u00eamement stricte. Et nous avons un personnel hautement qualifi\u00e9 pour garantir un service professionnel et une livraison rapide. De nos jours, nos machines ont \u00e9t\u00e9 export\u00e9es avec succ\u00e8s vers plus de 80 pays et r\u00e9gions. N'h\u00e9sitez pas \u00e0 nous contacter pour le meilleur prix du s\u00e9parateur de paddy. \u00a0<\/p>    <div class=\"wp-block-columns is-layout-flex wp-container-core-columns-is-layout-9d6595d7 wp-block-columns-is-layout-flex\"> <div class=\"wp-block-column is-layout-flow wp-block-column-is-layout-flow\"> <figure class=\"wp-block-image size-full\"><img loading=\"lazy\" decoding=\"async\" width=\"750\" height=\"750\" src=\"https:\/\/cnricemill.com\/wp-content\/uploads\/2022\/08\/paddy-separator.jpg\" alt=\"s\u00e9parateur de paddy\" class=\"wp-image-121\"\/><figcaption>s\u00e9parateur de paddy<\/figcaption><\/figure> <\/div>    <div class=\"wp-block-column is-layout-flow wp-block-column-is-layout-flow\"> <figure class=\"wp-block-image size-full\"><img loading=\"lazy\" decoding=\"async\" width=\"750\" height=\"750\" src=\"https:\/\/cnricemill.com\/wp-content\/uploads\/2022\/08\/paddy-separating-machine.jpg\" alt=\"machine de s\u00e9paration de paddy\" class=\"wp-image-122\"\/><figcaption>machine de s\u00e9paration de paddy<\/figcaption><\/figure> <\/div> <\/div>    <h2 class=\"wp-block-heading\">Caract\u00e9ristiques de performance du s\u00e9parateur de paddy<\/h2>    <ol class=\"wp-block-list\" type=\"1\"><li>Pi\u00e8ces durables, syst\u00e8me de freinage automatique avanc\u00e9, facile \u00e0 utiliser et \u00e0 entretenir<\/li><li>Centre de gravit\u00e9 m\u00e9canique bas, bon \u00e9quilibre, vitesse raisonnable, performances de traitement stables et fiables<\/li><li>Syst\u00e8me de transmission parfait pour assurer de bonnes performances du m\u00e9canisme<\/li><li>Largement utilis\u00e9 pour le riz brun \u00e0 grains longs et courts<\/li><li>La plaque de tamisage de haute qualit\u00e9 est positionn\u00e9e en hauteur pour \u00e9viter le colmatage<\/li><li>Une vari\u00e9t\u00e9 de mod\u00e8les pour r\u00e9pondre aux diff\u00e9rentes exigences des clients<\/li><\/ol>    <div class=\"wp-block-columns is-layout-flex wp-container-core-columns-is-layout-9d6595d7 wp-block-columns-is-layout-flex\"> <div class=\"wp-block-column is-layout-flow wp-block-column-is-layout-flow\"> <figure class=\"wp-block-image size-full\"><img loading=\"lazy\" decoding=\"async\" width=\"750\" height=\"750\" src=\"https:\/\/cnricemill.com\/wp-content\/uploads\/2022\/08\/sieve-plate.jpg\" alt=\"plaque de tamis\" class=\"wp-image-127\"\/><figcaption>plaque de tamis<\/figcaption><\/figure> <\/div>    <div class=\"wp-block-column is-layout-flow wp-block-column-is-layout-flow\"> <figure class=\"wp-block-image size-full\"><img loading=\"lazy\" decoding=\"async\" width=\"750\" height=\"750\" src=\"https:\/\/cnricemill.com\/wp-content\/uploads\/2022\/08\/copper-motor.jpg\" alt=\"moteur en cuivre\" class=\"wp-image-128\"\/><figcaption>moteur en cuivre<\/figcaption><\/figure> <\/div> <\/div>    <h2 class=\"wp-block-heading\">Param\u00e8tres de la machine de s\u00e9paration du paddy Taizy<\/h2>    <figure class=\"wp-block-table\"><table><tbody><tr><td>Mod\u00e8le<\/td><td>Capacit\u00e9 (t\/h)<\/td><td>Puissance (KW)<\/td><td>Taille (L * L * H)<\/td><\/tr><tr><td>MGCZ80*6<\/td><td>0.8-1.3<\/td><td>1.1<\/td><td>1350*1000*1400<\/td><\/tr><tr><td>MGCZ80*7<\/td><td>1.1-1.5<\/td><td>1.1<\/td><td>1350*1000*1450<\/td><\/tr><tr><td>MGCZ100*6<\/td><td>1.2-1.6<\/td><td>1.1<\/td><td>1600*1250*1400<\/td><\/tr><tr><td>MGCZ100*7<\/td><td>1.6-2.1<\/td><td>1.1<\/td><td>1600*1250*1450<\/td><\/tr><tr><td>MGCZ100*8<\/td><td>2.1-2.4<\/td><td>1.1<\/td><td>1600*1250*1500<\/td><\/tr><tr><td>MGCZ100*10<\/td><td>2.5-3.2<\/td><td>1.5<\/td><td>1600*1250*1750<\/td><\/tr><tr><td>MGCZ100*12<\/td><td>3.4-4<\/td><td>1.5<\/td><td>1600*1250*1800<\/td><\/tr><tr><td>MGCZ100*14<\/td><td>4-4.9<\/td><td>1.5<\/td><td>1600*1250*1740<\/td><\/tr><tr><td>MGCZ100*16<\/td><td>4.5-5.6<\/td><td>1.5<\/td><td>1600*1250*1820<\/td><\/tr><\/tbody><\/table><\/figure>    <h2 class=\"wp-block-heading\">Comment le riz est-il s\u00e9par\u00e9 du paddy ?<\/h2>    <p>Le s\u00e9parateur de paddy est utilis\u00e9 pour s\u00e9parer le riz brun du paddy non d\u00e9cortiqu\u00e9. Il tamise en continu le m\u00e9lange dans un \u00e9tat stratifi\u00e9 \u00e0 travers un disque de s\u00e9paration sp\u00e9cial en fonction de la diff\u00e9rence de densit\u00e9, de taille de particule et de coefficient de friction entre le riz brun et le paddy. \u00c0 la suite de la s\u00e9paration, le riz brun \u00e0 grande densit\u00e9 et \u00e0 petits grains sont dirig\u00e9s vers la partie sup\u00e9rieure du disque de s\u00e9paration, et le riz \u00e0 faible densit\u00e9 et le riz \u00e0 gros grains sont dirig\u00e9s vers la partie inf\u00e9rieure du disque, s\u00e9parant le riz brun pur. , paddy pur et m\u00e9lange.<\/p>    <div class=\"wp-block-columns is-layout-flex wp-container-core-columns-is-layout-9d6595d7 wp-block-columns-is-layout-flex\"> <div class=\"wp-block-column is-layout-flow wp-block-column-is-layout-flow\"> <figure class=\"wp-block-image size-full\"><img loading=\"lazy\" decoding=\"async\" width=\"750\" height=\"750\" src=\"https:\/\/cnricemill.com\/wp-content\/uploads\/2022\/08\/paddy-separator-factory.jpg\" alt=\"usine de s\u00e9parateur de paddy\" class=\"wp-image-125\"\/><figcaption>usine de s\u00e9parateur de paddy<\/figcaption><\/figure> <\/div>    <div class=\"wp-block-column is-layout-flow wp-block-column-is-layout-flow\"> <figure class=\"wp-block-image size-full\"><img loading=\"lazy\" decoding=\"async\" width=\"750\" height=\"750\" src=\"https:\/\/cnricemill.com\/wp-content\/uploads\/2022\/08\/paddy-separating-machine-workshop.jpg\" alt=\"Atelier de machine \u00e0 s\u00e9parer le paddy\" class=\"wp-image-126\"\/><figcaption>Atelier de machine \u00e0 s\u00e9parer le paddy<\/figcaption><\/figure> <\/div> <\/div>","protected":false},"excerpt":{"rendered":"<p>What is paddy separator? Paddy separator here is a machine that separates brown rice from paddy by the difference between surface friction and gravity. It can separate the mixture of paddy and brown rice into three kinds. One type is the brown rice that will enter the rice mill. One type is the mixer of [&hellip;]<\/p>\n","protected":false},"author":1,"featured_media":120,"parent":0,"template":"","tags":[16,13],"product-type":[],"class_list":["post-40","product","type-product","status-publish","has-post-thumbnail","hentry","tag-rice-processing","tag-rice-processing-machine"],"_links":{"self":[{"href":"https:\/\/cnricemill.com\/fr\/wp-json\/wp\/v2\/product\/40","targetHints":{"allow":["GET"]}}],"collection":[{"href":"https:\/\/cnricemill.com\/fr\/wp-json\/wp\/v2\/product"}],"about":[{"href":"https:\/\/cnricemill.com\/fr\/wp-json\/wp\/v2\/types\/product"}],"author":[{"embeddable":true,"href":"https:\/\/cnricemill.com\/fr\/wp-json\/wp\/v2\/users\/1"}],"wp:featuredmedia":[{"embeddable":true,"href":"https:\/\/cnricemill.com\/fr\/wp-json\/wp\/v2\/media\/120"}],"wp:attachment":[{"href":"https:\/\/cnricemill.com\/fr\/wp-json\/wp\/v2\/media?parent=40"}],"wp:term":[{"taxonomy":"post_tag","embeddable":true,"href":"https:\/\/cnricemill.com\/fr\/wp-json\/wp\/v2\/tags?post=40"},{"taxonomy":"product-type","embeddable":true,"href":"https:\/\/cnricemill.com\/fr\/wp-json\/wp\/v2\/product-type?post=40"}],"curies":[{"name":"wp","href":"https:\/\/api.w.org\/{rel}","templated":true}]}}