{"id":39,"date":"2022-08-11T10:01:37","date_gmt":"2022-08-11T02:01:37","guid":{"rendered":"https:\/\/cnricemill.com\/?post_type=product&#038;p=39"},"modified":"2024-12-23T11:38:53","modified_gmt":"2024-12-23T03:38:53","slug":"rice-grader","status":"publish","type":"product","link":"https:\/\/cnricemill.com\/fr\/product\/rice-grader\/","title":{"rendered":"Niveleuse de riz"},"content":{"rendered":"<p class=\"translation-block\">Le <strong>trieur de riz<\/strong> ou la <strong>machine de tri de riz<\/strong> est une machine importante dans le traitement du riz. Elle classe le riz selon diff\u00e9rentes normes en fonction de la longueur du riz. Ensuite, le riz de diff\u00e9rents diam\u00e8tres sera d\u00e9charg\u00e9 par diff\u00e9rentes sorties. Habituellement, cette machine est utilis\u00e9e dans le cadre d'une usine de rizerie enti\u00e8rement automatique. Pour diff\u00e9rentes capacit\u00e9s de la ligne de production de rizerie, vous pouvez choisir une machine de tri de riz appropri\u00e9e. Trieurs de longueur de riz Taizy s\u00e9rie MMJP \u00e0 vendre avec des caract\u00e9ristiques de haute efficacit\u00e9 et de performances stables. Elle est populaire dans le monde entier. En tant que fabricant de machines de tri de riz exp\u00e9riment\u00e9, nous fournissons des services professionnels de personnalisation, de formation et de conseil pour lancer votre entreprise de rizerie. Bienvenue \u00e0 nous contacter pour une liste de prix gratuite.<\/p>    <figure class=\"wp-block-image size-full\"><img loading=\"lazy\" decoding=\"async\" width=\"720\" height=\"540\" src=\"https:\/\/cnricemill.com\/wp-content\/uploads\/2022\/08\/rice-grader.jpg\" alt=\"niveleuse de riz\" class=\"wp-image-130\"\/><figcaption>niveleuse de riz \u00e0 vendre<\/figcaption><\/figure>    <h2 class=\"wp-block-heading\">qu'est-ce qu'une machine \u00e0 classer le riz ?<\/h2>    <p>La machine de classification du riz est con\u00e7ue pour la classification du riz. Il peut diviser le riz blanchi en plusieurs classes avec pr\u00e9cision et efficacit\u00e9 en fonction de la longueur\u00a0:<\/p>    <ol class=\"wp-block-list\" type=\"1\"><li>Petit riz bris\u00e9<\/li><li>Riz bris\u00e9 moyen<\/li><li>Gros riz bris\u00e9<\/li><li>Riz entier ou riz de t\u00eate<\/li><\/ol>    <p>Cela contribue \u00e0 am\u00e9liorer consid\u00e9rablement la qualit\u00e9 et l\u2019apparence du produit final \u00e0 base de riz.<\/p>    <div class=\"wp-block-columns is-layout-flex wp-container-core-columns-is-layout-9d6595d7 wp-block-columns-is-layout-flex\"> <div class=\"wp-block-column is-layout-flow wp-block-column-is-layout-flow\"> <figure class=\"wp-block-image size-full\"><img loading=\"lazy\" decoding=\"async\" width=\"750\" height=\"750\" src=\"https:\/\/cnricemill.com\/wp-content\/uploads\/2022\/08\/left-view-of-the-rice-grader.jpg\" alt=\"vue gauche de la niveleuse \u00e0 riz\" class=\"wp-image-132\"\/><figcaption>vue gauche de la niveleuse \u00e0 riz<\/figcaption><\/figure> <\/div>    <div class=\"wp-block-column is-layout-flow wp-block-column-is-layout-flow\"> <figure class=\"wp-block-image size-full\"><img loading=\"lazy\" decoding=\"async\" width=\"750\" height=\"750\" src=\"https:\/\/cnricemill.com\/wp-content\/uploads\/2022\/08\/right-view-of-the-rice-grader.jpg\" alt=\"vue droite de la niveleuse \u00e0 riz\" class=\"wp-image-133\"\/><figcaption>vue droite de la niveleuse \u00e0 riz<\/figcaption><\/figure> <\/div> <\/div>    <h2 class=\"wp-block-heading\">Param\u00e8tres de la niveleuse de riz Taizy<\/h2>    <figure class=\"wp-block-table\"><table><tbody><tr><td>Mod\u00e8le<\/td><td>Capacit\u00e9 (t\/h)<\/td><td>Puissance (KW)<\/td><td>Taille (L * L * H)<\/td><\/tr><tr><td>MMJP63*3<\/td><td>0.8-1.25<\/td><td>0.75<\/td><td>1462*740*1280<\/td><\/tr><tr><td>MMJP80*3<\/td><td>1.5-2<\/td><td>1.1<\/td><td>1600*1000*1315<\/td><\/tr><tr><td>MMJP100*3<\/td><td>2.5-3.3<\/td><td>1.1<\/td><td>1690*1090*1386<\/td><\/tr><tr><td>MMJP100*4<\/td><td>2.5-3.5<\/td><td>1.1<\/td><td>1690*1087*1420<\/td><\/tr><tr><td>MMJP112*3<\/td><td>3.5-4.2<\/td><td>1.1<\/td><td>1690*1208*1386<\/td><\/tr><tr><td>MMJP112*4<\/td><td>3.5-4.5<\/td><td>1.1<\/td><td>1690*1208*1420<\/td><\/tr><tr><td>MMJP125*3<\/td><td>4.5-5<\/td><td>1.5<\/td><td>1690*1458*1386<\/td><\/tr><tr><td>MMJP125*4<\/td><td>4.5-5.2<\/td><td>1.5<\/td><td>1690*1457*1420<\/td><\/tr><tr><td>MMJP150*4<\/td><td>5.5-6<\/td><td>1.5<\/td><td>1725*1580*1500<\/td><\/tr><\/tbody><\/table><\/figure>    <h2 class=\"wp-block-heading\">Caract\u00e9ristiques de la machine de classement du riz Taizy<\/h2>    <ol class=\"wp-block-list\" type=\"1\"><li>Il a une petite taille et un prix abordable<\/li><li>La niveleuse \u00e0 riz a une conception raisonnable et une structure simple, facile \u00e0 utiliser et \u00e0 entretenir<\/li><li>La machine de classement du riz Taizy \u00e0 vendre a un rendement \u00e9lev\u00e9 et une faible consommation d'\u00e9nergie<\/li><li>La machine a une forte adaptabilit\u00e9, un faible bruit et un rendement \u00e9lev\u00e9<\/li><li>Adoptant un mat\u00e9riau durable, il a une longue dur\u00e9e de vie<\/li><li>Cette machine de traitement du riz dispose d'un \u00e9cran multicouche, adapt\u00e9 \u00e0 diff\u00e9rentes capacit\u00e9s de classement du riz<\/li><\/ol>    <h2 class=\"wp-block-heading\">A quoi sert une niveleuse \u00e0 riz ?<\/h2>    <p class=\"translation-block\">Le trieur de riz sert \u00e0 diviser le riz en plusieurs classes selon la taille. Il vise \u00e0 s\u00e9lectionner le riz de taille appropri\u00e9e et \u00e0 extraire le riz bris\u00e9 qui ne r\u00e9pond pas aux besoins. La machine de tri de riz est une partie essentielle et vitale de la <a href=\"https:\/\/cnricemill.com\/fr\/products\/rice-mill-plant\/\">ligne compl\u00e8te de rizerie<\/a>.<\/p>    <h2 class=\"wp-block-heading\">Combien co\u00fbte la niveleuse \u00e0 riz ?<\/h2>    <p class=\"translation-block\">Le prix du trieur de riz n'est pas fixe. Car le co\u00fbt est \u00e9troitement li\u00e9 \u00e0 ses param\u00e8tres, tels que les capacit\u00e9s, les mod\u00e8les, les tailles, les marques, les moteurs, etc. De plus, le prix de la machine de tri de riz est \u00e9galement li\u00e9 \u00e0 des facteurs externes comme les frais d'exp\u00e9dition et le taux de change. Donc, si vous \u00eates int\u00e9ress\u00e9 par cette <a href=\"https:\/\/cnricemill.com\/fr\/product\/\">machine de traitement du riz<\/a>, dites-nous vos exigences, et nous vous enverrons un devis d\u00e9taill\u00e9.<\/p>","protected":false},"excerpt":{"rendered":"<p>Rice grader or rice grading machine is an important rice processing machine. It grades rice into different standards based on the rice length. And then the rice with different diameters will be discharged from different outlets. Usually, this machine is used as a part of a fully automatic rice mill plant. For different capacities of [&hellip;]<\/p>\n","protected":false},"author":1,"featured_media":129,"parent":0,"template":"","tags":[16,13],"product-type":[],"class_list":["post-39","product","type-product","status-publish","has-post-thumbnail","hentry","tag-rice-processing","tag-rice-processing-machine"],"_links":{"self":[{"href":"https:\/\/cnricemill.com\/fr\/wp-json\/wp\/v2\/product\/39","targetHints":{"allow":["GET"]}}],"collection":[{"href":"https:\/\/cnricemill.com\/fr\/wp-json\/wp\/v2\/product"}],"about":[{"href":"https:\/\/cnricemill.com\/fr\/wp-json\/wp\/v2\/types\/product"}],"author":[{"embeddable":true,"href":"https:\/\/cnricemill.com\/fr\/wp-json\/wp\/v2\/users\/1"}],"wp:featuredmedia":[{"embeddable":true,"href":"https:\/\/cnricemill.com\/fr\/wp-json\/wp\/v2\/media\/129"}],"wp:attachment":[{"href":"https:\/\/cnricemill.com\/fr\/wp-json\/wp\/v2\/media?parent=39"}],"wp:term":[{"taxonomy":"post_tag","embeddable":true,"href":"https:\/\/cnricemill.com\/fr\/wp-json\/wp\/v2\/tags?post=39"},{"taxonomy":"product-type","embeddable":true,"href":"https:\/\/cnricemill.com\/fr\/wp-json\/wp\/v2\/product-type?post=39"}],"curies":[{"name":"wp","href":"https:\/\/api.w.org\/{rel}","templated":true}]}}