{"id":38,"date":"2022-08-11T09:58:33","date_gmt":"2022-08-11T01:58:33","guid":{"rendered":"https:\/\/cnricemill.com\/?post_type=product&#038;p=38"},"modified":"2024-12-23T11:39:37","modified_gmt":"2024-12-23T03:39:37","slug":"rice-packing-machine","status":"publish","type":"product","link":"https:\/\/cnricemill.com\/fr\/product\/rice-packing-machine\/","title":{"rendered":"Machine d'emballage de riz"},"content":{"rendered":"<p class=\"translation-block\"><strong>La machine d\u2019emballage du riz<\/strong> est utilis\u00e9e pour l\u2019emballage du riz automatiquement et efficacement. C\u2019est une sorte de <strong>machine de remplissage et de scellement des sachets de riz<\/strong>. La machine d\u2019emballage du riz peut accomplir les fonctions de pes\u00e9e quantitative, de remplissage efficace et de scellement pr\u00e9cis. Elle convient pour l\u2019emballage de produits \u00e0 base de riz allant de 5 kg \u00e0 50 kg. Et les emballages de riz de 5 kg, 25 kg et 50 kg sont assez populaires parmi eux. Avec des features telles que facilit\u00e9 d\u2019utilisation, performance stable et super efficacit\u00e9, la <strong>machine de remplissage du riz<\/strong> peut grandement am\u00e9liorer votre productivit\u00e9 et b\u00e9n\u00e9ficier \u00e0 votre activit\u00e9. En tant que fabricant leader de machines de traitement du riz, TAIZY Machinery fournit des machines d\u2019emballage du riz de qualit\u00e9 et abordables pour nos partenaires du monde entier. Bienvenue pour <a href=\"https:\/\/cnricemill.com\/fr\/contact-us\/\">nous contacter<\/a> pour plus de d\u00e9tails.<\/p>    <h2 class=\"wp-block-heading\">Caract\u00e9ristiques de performance de la machine \u00e0 emballer le riz Taizy <\/h2>    <ol class=\"wp-block-list\" type=\"1\"><li>La machine de conditionnement de riz adopte une technologie de pointe internationale. Sa pr\u00e9cision est d'environ 5 g. et la vitesse d'emballage est de 360 \u200b\u200b\u00e0 450 sacs par heure.<\/li><li>Les pi\u00e8ces en contact avec les mati\u00e8res premi\u00e8res sont en acier inoxydable de qualit\u00e9 alimentaire, avec des normes sanitaires \u00e9lev\u00e9es et une r\u00e9sistance \u00e0 la corrosion pour une utilisation \u00e0 long terme.<\/li><li>Large gamme de quantification, haute pr\u00e9cision, la plate-forme peut \u00eatre lev\u00e9e, haute efficacit\u00e9, multifonctions.<\/li><li>La machine d'emballage de sacs de riz pr\u00e9sente les avantages d'une pr\u00e9cision de calcul \u00e9lev\u00e9e, d'un affichage num\u00e9rique, d'un fonctionnement stable et d'une utilisation facile.&nbsp;<\/li><li>Adoptez un capteur de marque et un actionneur pneumatique, une maintenance facile, un travail fiable et aucune pollution.&nbsp;<\/li><li>La machine de remplissage de riz peut \u00eatre \u00e9quip\u00e9e d'une machine \u00e0 coudre et d'un convoyeur, qui peuvent r\u00e9aliser le processus de remplissage et de scellage automatique.<\/li><li>Nous prenons en charge un service de personnalisation solide pour r\u00e9pondre \u00e0 vos besoins sp\u00e9cifiques. &nbsp;<\/li><\/ol>    <h2 class=\"wp-block-heading\">D\u00e9tails de la structure de la machine de remplissage et de scellage de sacs de riz<\/h2>    <p>La machine d'emballage automatique de sacs de riz se compose principalement de trois syst\u00e8mes : un syst\u00e8me de pes\u00e9e et de remplissage quantitatif, un syst\u00e8me de transport et un syst\u00e8me de scellage par couture. Il comprend les pi\u00e8ces suivantes\u00a0: un organisme quantitatif, un m\u00e9canisme pneumatique, un bo\u00eetier de commande, un corps de balance, une bande transporteuse, un convoyeur, un bo\u00eetier de commande de machine \u00e0 coudre et une machine \u00e0 paquets. L'ensemble de la machine d'ensachage de riz a une structure simple et une conception raisonnable. Il est facile \u00e0 installer, \u00e0 utiliser et \u00e0 entretenir. &nbsp;&nbsp;&nbsp;<\/p>    <figure class=\"wp-block-image size-full\"><img loading=\"lazy\" decoding=\"async\" width=\"720\" height=\"540\" src=\"https:\/\/cnricemill.com\/wp-content\/uploads\/2022\/08\/rice-filling-sealing-machine-structure.jpg\" alt=\"structure de machine de cachetage de remplissage de riz\" class=\"wp-image-115\"\/><figcaption>structure de machine de cachetage de remplissage de riz<\/figcaption><\/figure>    <h2 class=\"wp-block-heading\">Applications de la machine d'emballage pour le riz<\/h2>    <p>La machine d'emballage de riz de 5 \u00e0 50 kg est utilis\u00e9e pour remplir et sceller des produits \u00e0 base de riz. Cependant, en tant que type de machine d'emballage de granul\u00e9s, elle est \u00e9galement id\u00e9ale pour emballer de nombreux autres produits granulaires, tels que les cacahu\u00e8tes, les grains de caf\u00e9, le paddy, les graines de tournesol, le bl\u00e9, le ma\u00efs, les pois, le s\u00e9same, la nourriture pour chiens, la nourriture pour chats, etc. Le sac peut \u00eatre de diff\u00e9rents types, sacs en plastique, sacs en papier et sacs en tissu.<\/p>    <h2 class=\"wp-block-heading\">\u00c9quipement optionel<\/h2>    <div class=\"wp-block-columns is-layout-flex wp-container-core-columns-is-layout-9d6595d7 wp-block-columns-is-layout-flex\"> <div class=\"wp-block-column is-layout-flow wp-block-column-is-layout-flow\"> <figure class=\"wp-block-image size-full\"><img loading=\"lazy\" decoding=\"async\" width=\"720\" height=\"540\" src=\"https:\/\/cnricemill.com\/wp-content\/uploads\/2022\/08\/conveyor-belt.jpg\" alt=\"tapis roulant\" class=\"wp-image-116\"\/><figcaption>tapis roulant<\/figcaption><\/figure> <\/div>    <div class=\"wp-block-column is-layout-flow wp-block-column-is-layout-flow\"> <figure class=\"wp-block-image size-full\"><img loading=\"lazy\" decoding=\"async\" width=\"720\" height=\"540\" src=\"https:\/\/cnricemill.com\/wp-content\/uploads\/2022\/08\/feeding-elevator.jpg\" alt=\"\u00e9l\u00e9vateur d&#039;alimentation\" class=\"wp-image-118\"\/><figcaption>\u00e9l\u00e9vateur d'alimentation<\/figcaption><\/figure> <\/div> <\/div>    <h2 class=\"wp-block-heading\">Pourquoi la machine de remplissage de sacs de riz est-elle la meilleure pour votre entreprise de conditionnement de riz\u00a0?<\/h2>    <p>En fait, cette machine \u00e0 emballer le riz est une sorte de machine \u00e0 sceller le remplissage des sacs de riz. Compar\u00e9e \u00e0 de nombreuses autres machines d'emballage de riz, elle convient tout \u00e0 fait \u00e0 votre usine de riz et pr\u00e9sente de nombreux avantages uniques.<\/p>    <ol class=\"wp-block-list\" type=\"1\"><li>Super efficacit\u00e9. Cette machine convient aux grandes demandes de production de riz. La vitesse d'emballage peut atteindre 450 sacs par heure. Cela peut consid\u00e9rablement am\u00e9liorer votre efficacit\u00e9 et r\u00e9duire vos co\u00fbts de main-d'\u0153uvre.<\/li><li>Prix \u200b\u200babordable. Cette machine d'emballage de sachets de riz a un prix absolument bon. Par rapport \u00e0 une autre machine d\u2019emballage enti\u00e8rement automatique, elle pr\u00e9sente un co\u00fbt-performance assez plus \u00e9lev\u00e9.<\/li><li>Op\u00e9ration facile. Cette machine \u00e0 vendre a une structure simple et une bonne conception, elle est tr\u00e8s facile \u00e0 utiliser et \u00e0 entretenir. Et il n\u2019a besoin que d\u2019un seul travail pour fonctionner. &nbsp;&nbsp;<\/li><\/ol>    <h2 class=\"wp-block-heading\">Contactez-nous pour d\u00e9marrer votre entreprise de riz<\/h2>    <p class=\"translation-block\">La machine d\u2019emballage du riz est une partie essentielle et importante de l\u2019ensemble du <a href=\"https:\/\/cnricemill.com\/fr\/products\/rice-mill-plant\/\">processus de traitement du riz<\/a>. C\u2019est l\u2019\u00e9tape finale avant d\u2019\u00eatre livr\u00e9e sur les \u00e9tag\u00e8res des supermarch\u00e9s. La machine de remplissage des sacs de riz Taizy en vente convient pour des emballages de riz allant de 5 kg \u00e0 50 kg. Elle offre une performance stable, une super efficacit\u00e9 et un prix abordable. Cherchez-vous une excellente <a href=\"https:\/\/tianhuipackingmachine.com\/granule-packing-machines\/\" target=\"_blank\" rel=\"noopener\">solution d\u2019emballage du riz<\/a> ? Contactez-nous pour plus de d\u00e9tails utiles. <\/p>","protected":false},"excerpt":{"rendered":"<p>Rice packing machine is used for rice packaging automatically and efficiently. It is a kind of rice bag filling sealing machine. The rice packaging machine can complete the function of quantitative weighing, efficient filling, and accurate sealing. It is suitable for packaging rice products ranging from 5kg to 50kg. And 5kg, 25kg, and 50kg rice [&hellip;]<\/p>\n","protected":false},"author":1,"featured_media":113,"parent":0,"template":"","tags":[16,13],"product-type":[],"class_list":["post-38","product","type-product","status-publish","has-post-thumbnail","hentry","tag-rice-processing","tag-rice-processing-machine"],"_links":{"self":[{"href":"https:\/\/cnricemill.com\/fr\/wp-json\/wp\/v2\/product\/38","targetHints":{"allow":["GET"]}}],"collection":[{"href":"https:\/\/cnricemill.com\/fr\/wp-json\/wp\/v2\/product"}],"about":[{"href":"https:\/\/cnricemill.com\/fr\/wp-json\/wp\/v2\/types\/product"}],"author":[{"embeddable":true,"href":"https:\/\/cnricemill.com\/fr\/wp-json\/wp\/v2\/users\/1"}],"wp:featuredmedia":[{"embeddable":true,"href":"https:\/\/cnricemill.com\/fr\/wp-json\/wp\/v2\/media\/113"}],"wp:attachment":[{"href":"https:\/\/cnricemill.com\/fr\/wp-json\/wp\/v2\/media?parent=38"}],"wp:term":[{"taxonomy":"post_tag","embeddable":true,"href":"https:\/\/cnricemill.com\/fr\/wp-json\/wp\/v2\/tags?post=38"},{"taxonomy":"product-type","embeddable":true,"href":"https:\/\/cnricemill.com\/fr\/wp-json\/wp\/v2\/product-type?post=38"}],"curies":[{"name":"wp","href":"https:\/\/api.w.org\/{rel}","templated":true}]}}