{"id":284,"date":"2024-02-29T18:02:47","date_gmt":"2024-02-29T10:02:47","guid":{"rendered":"https:\/\/cnricemill.com\/?post_type=product&#038;p=284"},"modified":"2024-12-23T11:34:22","modified_gmt":"2024-12-23T03:34:22","slug":"40tpd-automatic-rice-mill-plant","status":"publish","type":"product","link":"https:\/\/cnricemill.com\/fr\/product\/40tpd-automatic-rice-mill-plant\/","title":{"rendered":"Usine automatique de rizerie 40TPD"},"content":{"rendered":"<p class=\"translation-block\">Cette usine de <strong>moulin \u00e0 riz automatique 40tpd<\/strong> est con\u00e7ue pour traiter des mati\u00e8res premi\u00e8res telles que le riz paddy en riz blanc comestible de haute qualit\u00e9 avec une capacit\u00e9 de 40 tonnes par jour. Ce type d'usine de moulin \u00e0 riz se caract\u00e9rise par une haute efficacit\u00e9, des \u00e9conomies d'\u00e9nergie et une automatisation.<\/p>    <p>Notre usine de rizerie moderne a diff\u00e9rentes configurations, telles que 2 moulins \u00e0 riz ou 3 moulins \u00e0 riz, en fonction de vos demandes. Si vous \u00eates int\u00e9ress\u00e9, n'h\u00e9sitez pas \u00e0 me contacter pour plus de d\u00e9tails sur la machine\u00a0!<\/p>    <h2 class=\"wp-block-heading\"><strong>Configurations multiples d'usines de rizerie automatique de 40 tpj<\/strong><\/h2>    <h3 class=\"wp-block-heading\"><strong>Configuration 1\u00a0:\u00a0Moulin \u00e0 riz avec 3 meuniers \u00e0 riz et une niveleuse de riz ou une trieuse de couleurs<\/strong><\/h3>    <p>Cette collocation comprend un nettoyeur, un d\u00e9noyauteur, une d\u00e9cortiqueuse de riz, un s\u00e9parateur de paddy par gravit\u00e9, 3 fraiseuses \u00e0 riz et une niveleuse de riz ou une trieuse de couleurs. Cela rend la mouture du riz plus automatique et plus pratique.<\/p>    <figure class=\"wp-block-gallery aligncenter has-nested-images columns-default is-cropped wp-block-gallery-2 is-layout-flex wp-block-gallery-is-layout-flex\"> <figure class=\"wp-block-image size-large\"><img loading=\"lazy\" decoding=\"async\" width=\"720\" height=\"540\" data-id=\"289\" src=\"https:\/\/cnricemill.com\/wp-content\/uploads\/2024\/02\/rice-mill-plant-with-rice-grader.webp\" alt=\"usine de rizerie avec niveleuse de riz\" class=\"wp-image-289\" srcset=\"https:\/\/cnricemill.com\/wp-content\/uploads\/2024\/02\/rice-mill-plant-with-rice-grader.webp 720w, https:\/\/cnricemill.com\/wp-content\/uploads\/2024\/02\/rice-mill-plant-with-rice-grader-300x225.webp 300w\" sizes=\"auto, (max-width: 720px) 100vw, 720px\" \/><figcaption class=\"wp-element-caption\">usine de rizerie avec niveleuse de riz<\/figcaption><\/figure>    <figure class=\"wp-block-image size-large\"><img loading=\"lazy\" decoding=\"async\" width=\"720\" height=\"540\" data-id=\"290\" src=\"https:\/\/cnricemill.com\/wp-content\/uploads\/2024\/02\/rice-milling-plant-wih-color-sorter.webp\" alt=\"Usine de rizerie avec trieur de couleurs\" class=\"wp-image-290\" srcset=\"https:\/\/cnricemill.com\/wp-content\/uploads\/2024\/02\/rice-milling-plant-wih-color-sorter.webp 720w, https:\/\/cnricemill.com\/wp-content\/uploads\/2024\/02\/rice-milling-plant-wih-color-sorter-300x225.webp 300w\" sizes=\"auto, (max-width: 720px) 100vw, 720px\" \/><figcaption class=\"wp-element-caption\">Usine de rizerie avec trieur de couleurs<\/figcaption><\/figure> <\/figure>    <h3 class=\"wp-block-heading\"><strong>Configuration 2\u00a0: Usine de transformation de rizerie avec 3 moulins \u00e0 riz, niveleuse de riz, polisseuse et trieuse de couleurs<\/strong><\/h3>    <p>D'autres fonctions sont ajout\u00e9es en fonction de la configuration 1. La niveleuse de riz, la polisseuse et la trieuse de couleurs travaillent ensemble pour une meilleure production de riz comestible blanc.<\/p>    <figure class=\"wp-block-gallery aligncenter has-nested-images columns-default is-cropped wp-block-gallery-3 is-layout-flex wp-block-gallery-is-layout-flex\"> <figure class=\"wp-block-image size-large\"><img loading=\"lazy\" decoding=\"async\" width=\"720\" height=\"540\" data-id=\"291\" src=\"https:\/\/cnricemill.com\/wp-content\/uploads\/2024\/02\/automatic-rice-mill-plant-with-rice-grader-polisher-and-color-sorter.webp\" alt=\"Usine de moulin \u00e0 riz automatique avec niveleuse de riz, polisseuse et trieuse de couleurs\" class=\"wp-image-291\" srcset=\"https:\/\/cnricemill.com\/wp-content\/uploads\/2024\/02\/automatic-rice-mill-plant-with-rice-grader-polisher-and-color-sorter.webp 720w, https:\/\/cnricemill.com\/wp-content\/uploads\/2024\/02\/automatic-rice-mill-plant-with-rice-grader-polisher-and-color-sorter-300x225.webp 300w\" sizes=\"auto, (max-width: 720px) 100vw, 720px\" \/><figcaption class=\"wp-element-caption\">Usine de moulin \u00e0 riz automatique avec niveleuse de riz, polisseuse et trieuse de couleurs<\/figcaption><\/figure>    <figure class=\"wp-block-image size-large\"><img loading=\"lazy\" decoding=\"async\" width=\"720\" height=\"540\" data-id=\"292\" src=\"https:\/\/cnricemill.com\/wp-content\/uploads\/2024\/02\/combined-rice-mill-with-3-millers.webp\" alt=\"moulin \u00e0 riz combin\u00e9 avec 3 meuniers\" class=\"wp-image-292\" srcset=\"https:\/\/cnricemill.com\/wp-content\/uploads\/2024\/02\/combined-rice-mill-with-3-millers.webp 720w, https:\/\/cnricemill.com\/wp-content\/uploads\/2024\/02\/combined-rice-mill-with-3-millers-300x225.webp 300w\" sizes=\"auto, (max-width: 720px) 100vw, 720px\" \/><figcaption class=\"wp-element-caption\">moulin \u00e0 riz combin\u00e9 avec 3 meuniers<\/figcaption><\/figure> <\/figure>    <h3 class=\"wp-block-heading\"><strong>Configuration 3\u00a0:\u00a0Ligne de moulin \u00e0 riz avec 3 moulins \u00e0 riz, niveleuse de riz, bac de stockage, polisseuse et trieuse de couleurs<\/strong><\/h3>    <p>Bas\u00e9e sur la configuration 2, celle-ci ajoute le bac de stockage dans la transformation du riz, qui est plus efficace lors de la mouture du riz.<\/p>    <figure class=\"wp-block-gallery aligncenter has-nested-images columns-default is-cropped wp-block-gallery-4 is-layout-flex wp-block-gallery-is-layout-flex\"> <figure class=\"wp-block-image size-large\"><img loading=\"lazy\" decoding=\"async\" width=\"720\" height=\"540\" data-id=\"293\" src=\"https:\/\/cnricemill.com\/wp-content\/uploads\/2024\/02\/automatic-rice-mill-plant-machinery.webp\" alt=\"Machines automatiques d&#039;usine de rizerie\" class=\"wp-image-293\" srcset=\"https:\/\/cnricemill.com\/wp-content\/uploads\/2024\/02\/automatic-rice-mill-plant-machinery.webp 720w, https:\/\/cnricemill.com\/wp-content\/uploads\/2024\/02\/automatic-rice-mill-plant-machinery-300x225.webp 300w\" sizes=\"auto, (max-width: 720px) 100vw, 720px\" \/><figcaption class=\"wp-element-caption\">Machines automatiques d'usine de rizerie<\/figcaption><\/figure>    <figure class=\"wp-block-image size-large\"><img loading=\"lazy\" decoding=\"async\" width=\"720\" height=\"540\" data-id=\"294\" src=\"https:\/\/cnricemill.com\/wp-content\/uploads\/2024\/02\/complete-rice-milling-plant-equipment.webp\" alt=\"\u00e9quipement complet d&#039;usine de rizerie\" class=\"wp-image-294\" srcset=\"https:\/\/cnricemill.com\/wp-content\/uploads\/2024\/02\/complete-rice-milling-plant-equipment.webp 720w, https:\/\/cnricemill.com\/wp-content\/uploads\/2024\/02\/complete-rice-milling-plant-equipment-300x225.webp 300w\" sizes=\"auto, (max-width: 720px) 100vw, 720px\" \/><figcaption class=\"wp-element-caption\">\u00e9quipement complet d'usine de rizerie<\/figcaption><\/figure> <\/figure>    <h2 class=\"wp-block-heading\"><strong>Flux de travail d'une usine de rizerie automatique<\/strong><\/h2>    <p class=\"translation-block\">Le flux de travail de l'usine de traitement de riz 40tpd comprend g\u00e9n\u00e9ralement <strong>le d\u00e9roctage, le d\u00e9corticage du riz, le meulage du riz (2 ou 3 moulins), le classement <\/strong>et <strong>le tri des couleurs<\/strong>.<\/p>   <div class=\"wp-block-image\"> <figure class=\"aligncenter size-full\"><img loading=\"lazy\" decoding=\"async\" width=\"720\" height=\"540\" src=\"https:\/\/cnricemill.com\/wp-content\/uploads\/2024\/02\/list-of-machines-used-in-rice-mill.webp\" alt=\"liste des machines utilis\u00e9es dans le moulin \u00e0 riz\" class=\"wp-image-286\" srcset=\"https:\/\/cnricemill.com\/wp-content\/uploads\/2024\/02\/list-of-machines-used-in-rice-mill.webp 720w, https:\/\/cnricemill.com\/wp-content\/uploads\/2024\/02\/list-of-machines-used-in-rice-mill-300x225.webp 300w\" sizes=\"auto, (max-width: 720px) 100vw, 720px\" \/><figcaption class=\"wp-element-caption\">liste des machines utilis\u00e9es dans le moulin \u00e0 riz<\/figcaption><\/figure> <\/div>   <ul class=\"wp-block-list\"> <li>Tout d\u2019abord, les mati\u00e8res premi\u00e8res sont d\u00e9noyaut\u00e9es pour \u00e9liminer les impuret\u00e9s ;<\/li>    <li>Vient ensuite le d\u00e9corticage, o\u00f9 le grain est nettoy\u00e9 ;<\/li>    <li>Il entre ensuite dans le processus de mouture du riz, qui peut comprendre 2 ou 3 processus de mouture pour garantir que le grain est enti\u00e8rement moulu\u00a0;<\/li>    <li>Vient ensuite le classement, o\u00f9 le riz usin\u00e9 est class\u00e9 pour distinguer les diff\u00e9rentes qualit\u00e9s de riz\u00a0;<\/li>    <li>Enfin, le tri par couleur, \u00e0 l'aide de machines de tri par couleur, pour v\u00e9rifier les grains de riz, \u00e9liminer les couleurs parasites et les produits de qualit\u00e9 inf\u00e9rieure, et enfin obtenir un riz fini de haute qualit\u00e9.<\/li> <\/ul>    <p>L'ensemble du flux de travail est hautement automatis\u00e9, ce qui peut am\u00e9liorer l'efficacit\u00e9 de la production et la qualit\u00e9 des produits.<\/p>    <h2 class=\"wp-block-heading\"><strong>Disposition de l'usine du moulin \u00e0 riz<\/strong><\/h2>    <p>Une bonne disposition de l\u2019usine peut maximiser l\u2019utilisation de l\u2019espace et am\u00e9liorer la productivit\u00e9. Une configuration typique d'une usine de transformation du riz comprend g\u00e9n\u00e9ralement une zone de stockage des mati\u00e8res premi\u00e8res, une zone de nettoyage, une zone de mouture, une zone d'emballage, etc.<\/p>    <ul class=\"wp-block-list\"> <li><strong>Zone de stockage des mati\u00e8res premi\u00e8res<\/strong>: G\u00e9n\u00e9ralement situ\u00e9 d'un c\u00f4t\u00e9 de l'usine pour faciliter le stockage et le transport des mati\u00e8res premi\u00e8res.<\/li>    <li><strong>Zone de nettoyage<\/strong>: Utilis\u00e9 pour nettoyer les mati\u00e8res premi\u00e8res telles que le paddy afin d'\u00e9liminer les impuret\u00e9s et les particules ind\u00e9sirables.<\/li>    <li><strong>Zone de fraisage<\/strong>: La zone centrale de la transformation du riz, y compris l'unit\u00e9 de mouture et l'\u00e9quipement connexe, qui est utilis\u00e9e pour transformer le paddy en riz.<\/li>    <li><strong>Zone d'emballage<\/strong>: Utilis\u00e9 pour emballer et encapsuler le riz transform\u00e9 pour le transport et la vente.<\/li> <\/ul>    <h2 class=\"wp-block-heading\"><strong>Dessins d'installation de machines compl\u00e8tes d'usine de rizerie<\/strong><\/h2>    <p>Apr\u00e8s l'achat de nos machines, nous vous fournirons des plans et des dessins d'installation pour votre r\u00e9f\u00e9rence et, si n\u00e9cessaire, nous enverrons des ing\u00e9nieurs sur place pour vous aider.<\/p>   <div class=\"wp-block-image\"> <figure class=\"aligncenter size-large\"><img loading=\"lazy\" decoding=\"async\" width=\"1024\" height=\"585\" src=\"https:\/\/cnricemill.com\/wp-content\/uploads\/2024\/02\/installation-drawing-of-automatic-rice-mill-plant-machine-1024x585.webp\" alt=\"dessin d&#039;installation de la machine automatique de moulin \u00e0 riz\" class=\"wp-image-295\" srcset=\"https:\/\/cnricemill.com\/wp-content\/uploads\/2024\/02\/installation-drawing-of-automatic-rice-mill-plant-machine-1024x585.webp 1024w, https:\/\/cnricemill.com\/wp-content\/uploads\/2024\/02\/installation-drawing-of-automatic-rice-mill-plant-machine-300x171.webp 300w, https:\/\/cnricemill.com\/wp-content\/uploads\/2024\/02\/installation-drawing-of-automatic-rice-mill-plant-machine-768x439.webp 768w, https:\/\/cnricemill.com\/wp-content\/uploads\/2024\/02\/installation-drawing-of-automatic-rice-mill-plant-machine.webp 1400w\" sizes=\"auto, (max-width: 1024px) 100vw, 1024px\" \/><figcaption class=\"wp-element-caption\">dessin d'installation de la machine automatique de moulin \u00e0 riz<\/figcaption><\/figure> <\/div>   <h2 class=\"wp-block-heading\"><strong>Points forts de la machine commerciale de broyage du riz&nbsp;<\/strong><\/h2>    <ul class=\"wp-block-list\"> <li><strong>Haute efficacit\u00e9<\/strong>: la machine est capable de traiter rapidement de grandes quantit\u00e9s de riz, augmentant ainsi la productivit\u00e9\u00a0;<\/li>    <li><strong>Efficacit\u00e9 \u00e9nerg\u00e9tique<\/strong>: par l'utilisation de technologies avanc\u00e9es d'\u00e9conomie d'\u00e9nergie dans la conception de la machine, r\u00e9duisant ainsi la consommation d'\u00e9nergie\u00a0;<\/li>    <li><strong>Facilit\u00e9 d'utilisation et d'entretien<\/strong>: facilite l'utilisation et l'entretien de la machine par les op\u00e9rateurs, r\u00e9duisant ainsi les co\u00fbts de main-d'\u0153uvre\u00a0;<\/li>    <li><strong>Forte adaptabilit\u00e9<\/strong>: la machine peut s'adapter \u00e0 diff\u00e9rents types et qualit\u00e9s de riz pour garantir une qualit\u00e9 constante des produits transform\u00e9s.<\/li> <\/ul>    <h2 class=\"wp-block-heading\"><strong>Combien co\u00fbte une usine de rizerie enti\u00e8rement automatique\u00a0?<\/strong><\/h2>    <p>Le co\u00fbt d'une usine de transformation de riz enti\u00e8rement automatis\u00e9e varie en fonction de divers facteurs, notamment l'\u00e9chelle de production, la configuration de l'\u00e9quipement et le niveau technologique.<\/p>    <p>De mani\u00e8re g\u00e9n\u00e9rale, une usine de transformation du riz enti\u00e8rement automatis\u00e9e co\u00fbte plus cher, mais pr\u00e9sente des avantages et une productivit\u00e9 \u00e0 long terme plus \u00e9lev\u00e9s qu'une usine \u00e0 commande manuelle.<\/p>    <p>Le co\u00fbt d'une usine de rizerie enti\u00e8rement automatique comprend g\u00e9n\u00e9ralement le co\u00fbt d'achat de l'\u00e9quipement, le co\u00fbt d'installation et de mise en service, ainsi que le co\u00fbt de construction de l'usine. En fonction des diff\u00e9rents besoins et budgets, le co\u00fbt d'une usine de transformation de riz enti\u00e8rement automatis\u00e9e peut varier et doit \u00eatre \u00e9valu\u00e9 et calcul\u00e9 au cas par cas.<\/p>   <div class=\"wp-block-image\"> <figure class=\"aligncenter size-full\"><img loading=\"lazy\" decoding=\"async\" width=\"720\" height=\"540\" src=\"https:\/\/cnricemill.com\/wp-content\/uploads\/2024\/02\/rice-mill-plant-cost.webp\" alt=\"co\u00fbt de l&#039;usine de rizerie\" class=\"wp-image-297\" srcset=\"https:\/\/cnricemill.com\/wp-content\/uploads\/2024\/02\/rice-mill-plant-cost.webp 720w, https:\/\/cnricemill.com\/wp-content\/uploads\/2024\/02\/rice-mill-plant-cost-300x225.webp 300w\" sizes=\"auto, (max-width: 720px) 100vw, 720px\" \/><figcaption class=\"wp-element-caption\">co\u00fbt de l'usine de rizerie<\/figcaption><\/figure> <\/div>   <p>Si vous souhaitez plus de d\u00e9tails, veuillez nous contacter maintenant pour plus de d\u00e9tails et de prix sur la machine\u00a0!<\/p>    <h2 class=\"wp-block-heading\"><strong>Demandez maintenant le prix de la machine \u00e0 broyer le riz\u00a0!<\/strong><\/h2>    <p class=\"translation-block\">Demandez un devis maintenant pour obtenir le prix de la machine de l'usine de traitement du riz ! Nous offrons des \u00e9quipements de haute qualit\u00e9 et efficaces (usine de moulin \u00e0 riz mini 15tpd <a href=\"https:\/\/cnricemill.com\/fr\/product\/15tpd-complete-rice-mill-plant\/\">mini moulin \u00e0 riz<\/a>, usine de meunerie de riz 25tpd, moulin \u00e0 riz 60tpd, etc.) pour vos besoins en <a href=\"https:\/\/en.wikipedia.org\/wiki\/Rice\" target=\"_blank\" rel=\"noopener\">riz<\/a>. Contactez notre \u00e9quipe de service client pour plus d'informations !<\/p>","protected":false},"excerpt":{"rendered":"<p>This 40tpd automatic rice mill plant is to process grain raw materials such as paddy rice into high-quality edible white rice with a capacity of 40 tons per day. This kind of rice milling plant features high efficiency, energy saving and automation. Our modern rice mill plant has different configurations, such as 2 rice millers [&hellip;]<\/p>\n","protected":false},"author":1,"featured_media":285,"parent":0,"template":"","tags":[14,15],"product-type":[5],"class_list":["post-284","product","type-product","status-publish","has-post-thumbnail","hentry","tag-rice","tag-rice-milling","product-type-rice-mill-plant"],"_links":{"self":[{"href":"https:\/\/cnricemill.com\/fr\/wp-json\/wp\/v2\/product\/284","targetHints":{"allow":["GET"]}}],"collection":[{"href":"https:\/\/cnricemill.com\/fr\/wp-json\/wp\/v2\/product"}],"about":[{"href":"https:\/\/cnricemill.com\/fr\/wp-json\/wp\/v2\/types\/product"}],"author":[{"embeddable":true,"href":"https:\/\/cnricemill.com\/fr\/wp-json\/wp\/v2\/users\/1"}],"wp:featuredmedia":[{"embeddable":true,"href":"https:\/\/cnricemill.com\/fr\/wp-json\/wp\/v2\/media\/285"}],"wp:attachment":[{"href":"https:\/\/cnricemill.com\/fr\/wp-json\/wp\/v2\/media?parent=284"}],"wp:term":[{"taxonomy":"post_tag","embeddable":true,"href":"https:\/\/cnricemill.com\/fr\/wp-json\/wp\/v2\/tags?post=284"},{"taxonomy":"product-type","embeddable":true,"href":"https:\/\/cnricemill.com\/fr\/wp-json\/wp\/v2\/product-type?post=284"}],"curies":[{"name":"wp","href":"https:\/\/api.w.org\/{rel}","templated":true}]}}