{"id":275,"date":"2024-02-23T16:12:22","date_gmt":"2024-02-23T08:12:22","guid":{"rendered":"https:\/\/cnricemill.com\/?post_type=product&#038;p=275"},"modified":"2024-12-23T11:34:06","modified_gmt":"2024-12-23T03:34:06","slug":"30tpd-rice-milling-plant-for-sale","status":"publish","type":"product","link":"https:\/\/cnricemill.com\/fr\/product\/30tpd-rice-milling-plant-for-sale\/","title":{"rendered":"Usine de broyage de riz 30TPD \u00e0 vendre"},"content":{"rendered":"<p class=\"translation-block\">Taizy 30TPD (30 tonnes par jour) <strong>usine de traitement du riz<\/strong> est un \u00e9quipement int\u00e9gr\u00e9 con\u00e7u pour r\u00e9pondre aux besoins des installations de traitement du riz de moyenne et grande \u00e9chelle. Cette unit\u00e9 de riz int\u00e9gr\u00e9e est fabriqu\u00e9e avec une technologie avanc\u00e9e et des mat\u00e9riaux de haute qualit\u00e9, et est d\u00e9di\u00e9e \u00e0 r\u00e9aliser l'ensemble de l'exploitation automatis\u00e9e depuis le nettoyage du riz paddy jusqu'\u00e0 la finition du riz.<\/p>    <h2 class=\"wp-block-heading\"><strong>Composants de la machine \u00e0 riz combin\u00e9e<\/strong><\/h2>    <ul class=\"wp-block-list\"> <li><strong>Section nettoyage<\/strong>: contient un tamis vibrant, un s\u00e9parateur magn\u00e9tique et un s\u00e9parateur \u00e0 vent, etc., qui sont utilis\u00e9s pour \u00e9liminer les impuret\u00e9s des mati\u00e8res premi\u00e8res.<\/li>    <li><strong>\u00c9tape de d\u00e9corticage et de s\u00e9paration<\/strong>: \u00e9quip\u00e9 d'un d\u00e9cortiqueur et d'un tamis de s\u00e9paration des grains et du brun, d\u00e9pouillant efficacement la balle de riz et s\u00e9parant le riz brun pur.<\/li>    <li><strong>Syst\u00e8me de polissage blanc<\/strong>: compos\u00e9 d'une fraiseuse \u00e0 riz \u00e0 plusieurs \u00e9tages et d'une polisseuse pour garantir que le riz soit blanc et d\u00e9licat.<\/li>    <li><strong>Section de classement et de s\u00e9lection<\/strong>: utiliser un tamis de pr\u00e9cision pour filtrer la granulom\u00e9trie du riz afin de garantir une qualit\u00e9 constante du produit.<\/li>    <li><strong>Tri des couleurs et emballage<\/strong>: trieuse de couleurs et machine d'emballage, rejetant les particules de couleur \u00e9trang\u00e8res et r\u00e9alisant un emballage quantitatif standardis\u00e9.<\/li> <\/ul>   <div class=\"wp-block-image\"> <figure class=\"aligncenter size-full\"><img loading=\"lazy\" decoding=\"async\" width=\"720\" height=\"540\" src=\"https:\/\/cnricemill.com\/wp-content\/uploads\/2024\/02\/united-rice-mill-for-sale.webp\" alt=\"moulin \u00e0 riz uni \u00e0 vendre\" class=\"wp-image-276\" srcset=\"https:\/\/cnricemill.com\/wp-content\/uploads\/2024\/02\/united-rice-mill-for-sale.webp 720w, https:\/\/cnricemill.com\/wp-content\/uploads\/2024\/02\/united-rice-mill-for-sale-300x225.webp 300w\" sizes=\"auto, (max-width: 720px) 100vw, 720px\" \/><figcaption class=\"wp-element-caption\">moulin \u00e0 riz uni \u00e0 vendre<\/figcaption><\/figure> <\/div>   <h2 class=\"wp-block-heading\"><strong>Principe de fonctionnement d'une usine de rizerie de 30 t\/j<\/strong><\/h2>    <p>L'unit\u00e9 de rizerie 30TPD suit le principe de \u00ab\u00a0nettoyage d'abord, puis broyage, traitement \u00e9tape par \u00e9tape\u00a0\u00bb, et enl\u00e8ve progressivement les coques, les peaux et polit le riz par des moyens physiques, et am\u00e9liore la qualit\u00e9 du produit \u00e0 l'aide de la technologie moderne. , comme la technologie de d\u00e9tection de photo\u00e9lectricit\u00e9. <\/p>   <div class=\"wp-block-image\"> <figure class=\"aligncenter size-full\"><img loading=\"lazy\" decoding=\"async\" width=\"1000\" height=\"540\" src=\"https:\/\/cnricemill.com\/wp-content\/uploads\/2024\/02\/rice-milling-plant-successfully-assembled-in-factory.webp\" alt=\"Usine de rizerie assembl\u00e9e avec succ\u00e8s en usine\" class=\"wp-image-277\" srcset=\"https:\/\/cnricemill.com\/wp-content\/uploads\/2024\/02\/rice-milling-plant-successfully-assembled-in-factory.webp 1000w, https:\/\/cnricemill.com\/wp-content\/uploads\/2024\/02\/rice-milling-plant-successfully-assembled-in-factory-300x162.webp 300w, https:\/\/cnricemill.com\/wp-content\/uploads\/2024\/02\/rice-milling-plant-successfully-assembled-in-factory-768x415.webp 768w\" sizes=\"auto, (max-width: 1000px) 100vw, 1000px\" \/><figcaption class=\"wp-element-caption\">Usine de rizerie assembl\u00e9e avec succ\u00e8s en usine<\/figcaption><\/figure> <\/div>   <p>L'ensemble du processus est scientifique et raisonnable, ce qui maximise la r\u00e9tention des nutriments du riz et r\u00e9duit la consommation et la perte d'\u00e9nergie.<\/p>    <h2 class=\"wp-block-heading\"><strong>Points forts de la fraiseuse \u00e0 riz compl\u00e8te 30tpd<\/strong><\/h2>    <ul class=\"wp-block-list\"> <li><strong>Grande capacit\u00e9<\/strong>: la capacit\u00e9 de traitement quotidienne peut atteindre 30 tonnes, s'adaptant \u00e0 la demande d'une production \u00e0 grande \u00e9chelle.<\/li>    <li><strong>Haute efficacit\u00e9<\/strong>: conception int\u00e9gr\u00e9e, r\u00e9duction des liens interm\u00e9diaires, am\u00e9lioration de l'efficacit\u00e9 de la production.<\/li>    <li><strong>Faible perte<\/strong>: contr\u00f4le raffin\u00e9 des processus, r\u00e9duction du taux de perte de paddy, am\u00e9lioration de l'efficacit\u00e9 \u00e9conomique.<\/li>    <li><strong>Protection de l'environnement et \u00e9conomie d'\u00e9nergie<\/strong>: optimiser la configuration \u00e9lectrique, r\u00e9duire la consommation d'\u00e9nergie, en ligne avec les exigences de production verte.<\/li>    <li><strong>Excellente qualit\u00e9<\/strong>: la production de riz est de qualit\u00e9 stable, avec une bonne couleur et un bon go\u00fbt, ce qui est tr\u00e8s appr\u00e9ci\u00e9 par le march\u00e9.<\/li> <\/ul>    <h2 class=\"wp-block-heading\"><strong>Dessin d'installation du moulin \u00e0 riz et support technique<\/strong><\/h2>    <p>Taizy fournit des dessins d'installation d\u00e9taill\u00e9s de l'usine de rizerie 30TPD ainsi que des services de conseils professionnels sur site pour garantir que vous pouvez terminer rapidement et pr\u00e9cis\u00e9ment l'installation et la mise en service de l'\u00e9quipement. <\/p>   <div class=\"wp-block-image\"> <figure class=\"aligncenter size-large\"><img loading=\"lazy\" decoding=\"async\" width=\"1024\" height=\"585\" src=\"https:\/\/cnricemill.com\/wp-content\/uploads\/2024\/02\/complete-rice-milling-plant-installation-without-steel-frame-1024x585.webp\" alt=\"installation compl\u00e8te d&#039;une usine de rizerie sans cadre en acier\" class=\"wp-image-279\" srcset=\"https:\/\/cnricemill.com\/wp-content\/uploads\/2024\/02\/complete-rice-milling-plant-installation-without-steel-frame-1024x585.webp 1024w, https:\/\/cnricemill.com\/wp-content\/uploads\/2024\/02\/complete-rice-milling-plant-installation-without-steel-frame-300x171.webp 300w, https:\/\/cnricemill.com\/wp-content\/uploads\/2024\/02\/complete-rice-milling-plant-installation-without-steel-frame-768x439.webp 768w, https:\/\/cnricemill.com\/wp-content\/uploads\/2024\/02\/complete-rice-milling-plant-installation-without-steel-frame.webp 1400w\" sizes=\"auto, (max-width: 1024px) 100vw, 1024px\" \/><figcaption class=\"wp-element-caption\">installation compl\u00e8te d'une usine de rizerie sans cadre en acier<\/figcaption><\/figure> <\/div>  <div class=\"wp-block-image\"> <figure class=\"aligncenter size-large\"><img loading=\"lazy\" decoding=\"async\" width=\"1024\" height=\"622\" src=\"https:\/\/cnricemill.com\/wp-content\/uploads\/2024\/02\/rice-mill-machinery-installation-with-steel-frame-1024x622.webp\" alt=\"installation de machines pour moulin \u00e0 riz avec cadre en acier\" class=\"wp-image-280\" srcset=\"https:\/\/cnricemill.com\/wp-content\/uploads\/2024\/02\/rice-mill-machinery-installation-with-steel-frame-1024x622.webp 1024w, https:\/\/cnricemill.com\/wp-content\/uploads\/2024\/02\/rice-mill-machinery-installation-with-steel-frame-300x182.webp 300w, https:\/\/cnricemill.com\/wp-content\/uploads\/2024\/02\/rice-mill-machinery-installation-with-steel-frame-768x466.webp 768w, https:\/\/cnricemill.com\/wp-content\/uploads\/2024\/02\/rice-mill-machinery-installation-with-steel-frame.webp 1400w\" sizes=\"auto, (max-width: 1024px) 100vw, 1024px\" \/><figcaption class=\"wp-element-caption\">installation de machines pour moulin \u00e0 riz avec cadre en acier<\/figcaption><\/figure> <\/div>   <p>De plus, nous nous engageons \u00e0 vous fournir une gamme compl\u00e8te de conseils et d'assistance techniques, y compris l'am\u00e9nagement de la ligne de production, la formation \u00e0 la maintenance des \u00e9quipements, etc.<\/p>    <h2 class=\"wp-block-heading\"><strong>Service concernant les machines d'usine de rizerie \u00e0 vendre<\/strong><\/h2>    <p class=\"translation-block\">En tant que fabricant et fournisseur professionnel de cerealrice unifi\u00e9e, nous offrons non seulement une <strong>conseil pr\u00e9-vente, installation sur site<\/strong> et une <strong>mise en service<\/strong>, mais promettons \u00e9galement <strong>un support apr\u00e8s-vente \u00e0 long terme<\/strong>, y compris mais sans s'y limiter <strong>approvisionnement en pi\u00e8ces d\u00e9tach\u00e9es, maintenance en cas de d\u00e9faut, programme de mise \u00e0 niveau et de remplacement<\/strong>.<\/p>   <div class=\"wp-block-image\"> <figure class=\"aligncenter size-full\"><img loading=\"lazy\" decoding=\"async\" width=\"1000\" height=\"540\" src=\"https:\/\/cnricemill.com\/wp-content\/uploads\/2024\/02\/raw-rice-mill-plant-manufacturer.webp\" alt=\"fabricant d&#039;usine de rizerie crue\" class=\"wp-image-278\" srcset=\"https:\/\/cnricemill.com\/wp-content\/uploads\/2024\/02\/raw-rice-mill-plant-manufacturer.webp 1000w, https:\/\/cnricemill.com\/wp-content\/uploads\/2024\/02\/raw-rice-mill-plant-manufacturer-300x162.webp 300w, https:\/\/cnricemill.com\/wp-content\/uploads\/2024\/02\/raw-rice-mill-plant-manufacturer-768x415.webp 768w\" sizes=\"auto, (max-width: 1000px) 100vw, 1000px\" \/><figcaption class=\"wp-element-caption\">fabricant d'usine de rizerie crue<\/figcaption><\/figure> <\/div>   <h2 class=\"wp-block-heading\"><strong>Cas mondiaux de l'usine de rizerie moderne de Taizy<\/strong><\/h2>    <p>Que ce soit sur les march\u00e9s \u00e9mergents ou dans les r\u00e9gions agricoles traditionnelles, notre usine de rizerie 30TPD a \u00e9t\u00e9 largement salu\u00e9e pour sa haute efficacit\u00e9, sa haute qualit\u00e9 et sa gamme compl\u00e8te de services, et a aid\u00e9 de nombreux transformateurs de riz \u00e0 am\u00e9liorer leur activit\u00e9. Voici quelques cas typiques<\/p>    <ol class=\"wp-block-list\"> <li><strong>Une usine de transformation de riz \u00e0 grande \u00e9chelle en Asie du Sud-Est<\/strong>: Apr\u00e8s l'introduction de notre fraiseuse \u00e0 riz 30TPD, l'usine a non seulement consid\u00e9rablement augment\u00e9 la capacit\u00e9 de traitement quotidienne pour r\u00e9pondre \u00e0 la demande du march\u00e9 local et d'exportation, mais a \u00e9galement consid\u00e9rablement am\u00e9lior\u00e9 la qualit\u00e9 du riz gr\u00e2ce \u00e0 une technologie avanc\u00e9e de tri des couleurs et de polissage. <\/li>    <li><strong>Une entreprise rizicole familiale en Asie du Sud<\/strong>: Avant d'utiliser notre usine de rizerie, l'entreprise \u00e9tait confront\u00e9e \u00e0 des probl\u00e8mes de capacit\u00e9 et techniques. Apr\u00e8s l'installation et la mise en service de l'unit\u00e9 30TPD, sa productivit\u00e9 a \u00e9t\u00e9 consid\u00e9rablement am\u00e9lior\u00e9e et en m\u00eame temps les co\u00fbts d'exploitation ont \u00e9t\u00e9 r\u00e9duits. <\/li>    <li><strong>Un projet de transformation des c\u00e9r\u00e9ales financ\u00e9 par le gouvernement en Afrique<\/strong>: L'unit\u00e9 de broyage de riz 30TPD de Taizy a \u00e9t\u00e9 adopt\u00e9e comme \u00e9quipement de production de base pour ce projet, favorisant efficacement le d\u00e9veloppement de l'industrie rizicole locale. Le <a href=\"https:\/\/cnricemill.com\/fr\/product\/15tpd-complete-rice-mill-plant\/\">moulin \u00e0 riz uni<\/a>Les caract\u00e9ristiques de haute efficacit\u00e9 et d'\u00e9conomie d'\u00e9nergie ainsi que la qualit\u00e9 stable de la production ont \u00e9t\u00e9 bien accueillies par le gouvernement local et les agriculteurs, contribuant ainsi \u00e0 atteindre l'objectif d'autosuffisance alimentaire.<\/li>    <li><strong>Une association coop\u00e9rative en Am\u00e9rique Latine<\/strong>: Plusieurs petites coop\u00e9ratives ont achet\u00e9 conjointement nos machines \u00e0 riz combin\u00e9es 30TPD pour construire une ligne moderne de transformation du riz. Gr\u00e2ce aux performances exceptionnelles de l'unit\u00e9 et au service personnalis\u00e9, les membres des coop\u00e9ratives ont pu partager des ressources, r\u00e9duire les co\u00fbts, am\u00e9liorer la comp\u00e9titivit\u00e9 des produits et \u00e9largir les canaux de vente.<\/li> <\/ol>    <h2 class=\"wp-block-heading\"><strong>Contactez-nous pour plus de d\u00e9tails sur l'usine de rizerie\u00a0!<\/strong><\/h2>    <p class=\"translation-block\">Pour plus d'informations sur notre machine \u00e0 riz automatique 30TPD, veuillez nous contacter directement, notre \u00e9quipe professionnelle fournira des solutions personnalis\u00e9es et un prix comp\u00e9titif en fonction de vos besoins sp\u00e9cifiques (par exemple <a href=\"https:\/\/en.wikipedia.org\/wiki\/White_rice\" target=\"_blank\" rel=\"noopener\">riz blanc<\/a> capacit\u00e9 de production, configuration, etc). <\/p>    <p>Nous sommes impatients de travailler avec vous pour cr\u00e9er un avenir brillant pour l\u2019industrie de transformation du riz\u00a0!<\/p>   <div class=\"wp-block-image\"> <figure class=\"aligncenter size-full\"><img loading=\"lazy\" decoding=\"async\" width=\"1000\" height=\"540\" src=\"https:\/\/cnricemill.com\/wp-content\/uploads\/2024\/02\/mini-rice-mill-price.webp\" alt=\"prix du mini moulin \u00e0 riz\" class=\"wp-image-281\" srcset=\"https:\/\/cnricemill.com\/wp-content\/uploads\/2024\/02\/mini-rice-mill-price.webp 1000w, https:\/\/cnricemill.com\/wp-content\/uploads\/2024\/02\/mini-rice-mill-price-300x162.webp 300w, https:\/\/cnricemill.com\/wp-content\/uploads\/2024\/02\/mini-rice-mill-price-768x415.webp 768w\" sizes=\"auto, (max-width: 1000px) 100vw, 1000px\" \/><figcaption class=\"wp-element-caption\">prix du mini moulin \u00e0 riz<\/figcaption><\/figure> <\/div>","protected":false},"excerpt":{"rendered":"<p>Taizy 30TPD (30 tons per day) rice milling plant is an integrated equipment designed to meet the needs of medium and large-scale rice processing plants. This united rice mill is manufactured with advanced technology and high-quality materials, and is dedicated to realizing the entire automated operation from paddy cleaning to rice finishing. Components of combined [&hellip;]<\/p>\n","protected":false},"author":1,"featured_media":283,"parent":0,"template":"","tags":[14,15],"product-type":[5],"class_list":["post-275","product","type-product","status-publish","has-post-thumbnail","hentry","tag-rice","tag-rice-milling","product-type-rice-mill-plant"],"_links":{"self":[{"href":"https:\/\/cnricemill.com\/fr\/wp-json\/wp\/v2\/product\/275","targetHints":{"allow":["GET"]}}],"collection":[{"href":"https:\/\/cnricemill.com\/fr\/wp-json\/wp\/v2\/product"}],"about":[{"href":"https:\/\/cnricemill.com\/fr\/wp-json\/wp\/v2\/types\/product"}],"author":[{"embeddable":true,"href":"https:\/\/cnricemill.com\/fr\/wp-json\/wp\/v2\/users\/1"}],"wp:featuredmedia":[{"embeddable":true,"href":"https:\/\/cnricemill.com\/fr\/wp-json\/wp\/v2\/media\/283"}],"wp:attachment":[{"href":"https:\/\/cnricemill.com\/fr\/wp-json\/wp\/v2\/media?parent=275"}],"wp:term":[{"taxonomy":"post_tag","embeddable":true,"href":"https:\/\/cnricemill.com\/fr\/wp-json\/wp\/v2\/tags?post=275"},{"taxonomy":"product-type","embeddable":true,"href":"https:\/\/cnricemill.com\/fr\/wp-json\/wp\/v2\/product-type?post=275"}],"curies":[{"name":"wp","href":"https:\/\/api.w.org\/{rel}","templated":true}]}}