{"id":24,"date":"2022-08-09T06:25:42","date_gmt":"2022-08-09T06:25:42","guid":{"rendered":"https:\/\/cnricemill.com\/?page_id=24"},"modified":"2025-11-05T10:36:23","modified_gmt":"2025-11-05T02:36:23","slug":"contact-us","status":"publish","type":"page","link":"https:\/\/cnricemill.com\/fr\/contact-us\/","title":{"rendered":"Contactez-nous"},"content":{"rendered":"<h2 class=\"wp-block-heading\">Vous voulez gagner plus d\u2019argent ? D\u00e9marrez votre entreprise de transformation du riz maintenant\u00a0!<\/h2>    <p class=\"translation-block\">TAIZY Machinery Co., Ltd est un fournisseur leader de <a href=\"https:\/\/cnricemill.com\/fr\/\">solutions de traitement du riz<\/a> en Chine. Nous sommes int\u00e9gr\u00e9s avec la fabrication et la commercialisation de mani\u00e8re ind\u00e9pendante. Nos produits couvrent une gamme compl\u00e8te de machines de traitement du riz avec des prix comp\u00e9titifs et une qualit\u00e9 garantie. De plus, nous avons un personnel extr\u00eamement qualifi\u00e9 pour assurer la bonne performance et la livraison rapide de nos produits. Et un \u00e9quipement de traitement du riz standard et personnalis\u00e9 puissant est disponible chez nous. <\/p>    <p>\u00cates-vous \u00e0 la recherche d\u2019un moulin \u00e0 riz fiable ? Nous sommes dispos\u00e9s \u00e0 vous aider dans votre projet rizicole. Contactez-nous pour commencer votre voyage r\u00e9ussi!<\/p>    <div class=\"wp-block-columns is-layout-flex wp-container-core-columns-is-layout-9d6595d7 wp-block-columns-is-layout-flex\"> <div class=\"wp-block-column is-layout-flow wp-block-column-is-layout-flow\"> <div class=\"wp-block-columns is-layout-flex wp-container-core-columns-is-layout-9d6595d7 wp-block-columns-is-layout-flex\"> <div class=\"wp-block-column is-layout-flow wp-block-column-is-layout-flow\"> <figure class=\"wp-block-image size-large\"><img decoding=\"async\" src=\"https:\/\/charcoalplant.com\/wp-content\/uploads\/2022\/03\/smartphone.png\" alt=\"\"\/><\/figure>    <p>+86 17703863868<\/p> <\/div>    <div class=\"wp-block-column is-layout-flow wp-block-column-is-layout-flow\"> <figure class=\"wp-block-image size-large\"><img decoding=\"async\" src=\"https:\/\/charcoalplant.com\/wp-content\/uploads\/2022\/03\/email.png\" alt=\"\"\/><\/figure>    <p><a href=\"mailto:info@cnricemill.com\">info@cnricemill.com<\/a><\/p> <\/div> <\/div> <\/div>    <div class=\"wp-block-column is-layout-flow wp-block-column-is-layout-flow\"> <div class=\"wp-block-columns is-layout-flex wp-container-core-columns-is-layout-9d6595d7 wp-block-columns-is-layout-flex\"> <div class=\"wp-block-column is-layout-flow wp-block-column-is-layout-flow\"> <figure class=\"wp-block-image size-large\"><img decoding=\"async\" src=\"https:\/\/charcoalplant.com\/wp-content\/uploads\/2022\/03\/whatsapp.png\" alt=\"\"\/><\/figure>    <p>+86 17703863868<\/p> <\/div>    <div class=\"wp-block-column is-layout-flow wp-block-column-is-layout-flow\"> <figure class=\"wp-block-image size-large\"><img decoding=\"async\" src=\"https:\/\/charcoalplant.com\/wp-content\/uploads\/2022\/03\/address.png\" alt=\"\"\/><\/figure>    <p>Hanghai Road East, zone de d\u00e9veloppement \u00e9conomique et technologique de Zhengzhou, ville de Zhengzhou, Henan, Chine<\/p> <\/div> <\/div> <\/div> <\/div>","protected":false},"excerpt":{"rendered":"<p>Want to make more money? Start your rice processing business now! TAIZY Machinery Co., Ltd is a leading rice processing solutions supplier in China. &nbsp;We are integrated with manufacturing and marketing independently. Our products cover a complete range of rice processing machines with competitive price and guaranteed quality. Besides, we have extremely skilled staff to [&hellip;]<\/p>\n","protected":false},"author":1,"featured_media":0,"parent":0,"menu_order":0,"comment_status":"closed","ping_status":"closed","template":"","meta":{"footnotes":""},"class_list":["post-24","page","type-page","status-publish","hentry"],"_links":{"self":[{"href":"https:\/\/cnricemill.com\/fr\/wp-json\/wp\/v2\/pages\/24","targetHints":{"allow":["GET"]}}],"collection":[{"href":"https:\/\/cnricemill.com\/fr\/wp-json\/wp\/v2\/pages"}],"about":[{"href":"https:\/\/cnricemill.com\/fr\/wp-json\/wp\/v2\/types\/page"}],"author":[{"embeddable":true,"href":"https:\/\/cnricemill.com\/fr\/wp-json\/wp\/v2\/users\/1"}],"replies":[{"embeddable":true,"href":"https:\/\/cnricemill.com\/fr\/wp-json\/wp\/v2\/comments?post=24"}],"version-history":[{"count":0,"href":"https:\/\/cnricemill.com\/fr\/wp-json\/wp\/v2\/pages\/24\/revisions"}],"wp:attachment":[{"href":"https:\/\/cnricemill.com\/fr\/wp-json\/wp\/v2\/media?parent=24"}],"curies":[{"name":"wp","href":"https:\/\/api.w.org\/{rel}","templated":true}]}}