{"id":20,"date":"2022-08-09T06:20:10","date_gmt":"2022-08-09T06:20:10","guid":{"rendered":"https:\/\/cnricemill.com\/?page_id=20"},"modified":"2022-08-12T07:25:22","modified_gmt":"2022-08-12T07:25:22","slug":"about-us","status":"publish","type":"page","link":"https:\/\/cnricemill.com\/fr\/about-us\/","title":{"rendered":"\u00c0 propos de nous"},"content":{"rendered":"<div class=\"wp-block-columns is-layout-flex wp-container-core-columns-is-layout-9d6595d7 wp-block-columns-is-layout-flex\"> <div class=\"wp-block-column is-vertically-aligned-center is-layout-flow wp-block-column-is-layout-flow\"> <p>TAIZY\u00ae est un fournisseur leader et unique de solutions de transformation du riz int\u00e9gr\u00e9es \u00e0 la recherche, \u00e0 la fabrication et au marketing. Notre objectif est de fournir des usines de rizerie de qualit\u00e9 et abordables pour aider davantage de personnes \u00e0 manger un excellent riz. Comme nous le savons tous, le riz est l\u2019une des cultures vivri\u00e8res de base dans de nombreux pays. Il y a donc une \u00e9norme opportunit\u00e9 et aussi une responsabilit\u00e9 pour nous d'offrir une bonne machine de transformation du riz. Il est donc plus facile pour les gens d\u2019obtenir un excellent riz partout dans le monde. Nous sommes impatients de contribuer \u00e0 cr\u00e9er un monde sans faim et un monde meilleur.<\/p>    <p><\/p> <\/div>    <div class=\"wp-block-column is-vertically-aligned-center is-layout-flow wp-block-column-is-layout-flow\"> <figure class=\"wp-block-image size-large\"><img decoding=\"async\" src=\"https:\/\/topfoodmachine.com\/wp-content\/uploads\/2022\/07\/taizy-factory.jpg\" alt=\"\"\/><\/figure> <\/div> <\/div>    <div class=\"wp-block-columns is-layout-flex wp-container-core-columns-is-layout-9d6595d7 wp-block-columns-is-layout-flex\"> <div class=\"wp-block-column is-vertically-aligned-center is-layout-flow wp-block-column-is-layout-flow\"> <figure class=\"wp-block-image size-full\"><img loading=\"lazy\" decoding=\"async\" width=\"720\" height=\"540\" src=\"https:\/\/cnricemill.com\/wp-content\/uploads\/2022\/08\/factory.jpg\" alt=\"usine\" class=\"wp-image-71\"\/><\/figure> <\/div>    <div class=\"wp-block-column is-vertically-aligned-center is-layout-flow wp-block-column-is-layout-flow\"> <p>Nos principaux produits couvrent une gamme compl\u00e8te d'usines de rizerie, y compris les usines de rizerie 15T\/D, 20T\/D, 25T\/D, 30T\/D, 40T\/D, 60T\/D, 80T\/D, 100T\/D. Et nous prenons en charge de solides services de personnalisation pour r\u00e9pondre \u00e0 vos demandes sp\u00e9cifiques. En outre, la machine de nettoyage du paddy, la machine \u00e0 d\u00e9cortiquer le riz, le s\u00e9parateur de riz, la machine \u00e0 polir le riz, la niveleuse de riz, la trieuse de couleurs de riz et la machine d'emballage de riz sont disponibles dans l'usine TAIZY. Aujourd'hui, nos machines ont \u00e9t\u00e9 export\u00e9es avec succ\u00e8s dans plus de 80 pays et r\u00e9gions.<\/p> <\/div> <\/div>    <h2 class=\"wp-block-heading\">Certificats<\/h2>    <figure class=\"wp-block-image size-full\"><img loading=\"lazy\" decoding=\"async\" width=\"1024\" height=\"323\" src=\"https:\/\/cnricemill.com\/wp-content\/uploads\/2022\/08\/certificate-1024x323-1.jpg\" alt=\"certificat-1024x323\" class=\"wp-image-64\"\/><\/figure>","protected":false},"excerpt":{"rendered":"<p>TAIZY\u00ae is a leading and one-stop rice processing solutions provider that is integrated with research, manufacturing, and marketing. We aim to provide quality and affordable rice mill plants to help more people to eat excellent rice. As we all know, rice is one of the staple food crops in many countries. So there is a [&hellip;]<\/p>\n","protected":false},"author":1,"featured_media":0,"parent":0,"menu_order":0,"comment_status":"closed","ping_status":"closed","template":"","meta":{"footnotes":""},"class_list":["post-20","page","type-page","status-publish","hentry"],"_links":{"self":[{"href":"https:\/\/cnricemill.com\/fr\/wp-json\/wp\/v2\/pages\/20","targetHints":{"allow":["GET"]}}],"collection":[{"href":"https:\/\/cnricemill.com\/fr\/wp-json\/wp\/v2\/pages"}],"about":[{"href":"https:\/\/cnricemill.com\/fr\/wp-json\/wp\/v2\/types\/page"}],"author":[{"embeddable":true,"href":"https:\/\/cnricemill.com\/fr\/wp-json\/wp\/v2\/users\/1"}],"replies":[{"embeddable":true,"href":"https:\/\/cnricemill.com\/fr\/wp-json\/wp\/v2\/comments?post=20"}],"version-history":[{"count":0,"href":"https:\/\/cnricemill.com\/fr\/wp-json\/wp\/v2\/pages\/20\/revisions"}],"wp:attachment":[{"href":"https:\/\/cnricemill.com\/fr\/wp-json\/wp\/v2\/media?parent=20"}],"curies":[{"name":"wp","href":"https:\/\/api.w.org\/{rel}","templated":true}]}}