{"id":93,"date":"2022-08-16T07:08:49","date_gmt":"2022-08-15T23:08:49","guid":{"rendered":"https:\/\/cnricemill.com\/?post_type=product&#038;p=93"},"modified":"2024-12-23T11:34:13","modified_gmt":"2024-12-23T03:34:13","slug":"38t-d-rice-mill-plant","status":"publish","type":"product","link":"https:\/\/cnricemill.com\/es\/product\/38t-d-rice-mill-plant\/","title":{"rendered":"Planta de molino de arroz 38T\/D"},"content":{"rendered":"<p class=\"translation-block\"><strong>La planta de molino de arroz de 38t\/d<\/strong> se utiliza para demandas de procesamiento medio de molienda de arroz. Esta l\u00ednea de procesamiento de arroz puede producir 38 toneladas de arroz terminado cada d\u00eda. Es bastante adecuada para propietarios de granjas y f\u00e1bricas de arroz con buen rendimiento y alta eficiencia. La planta de molino de arroz de 38 toneladas\/d\u00eda puede completar autom\u00e1ticamente todo el proceso de arroz, incluyendo limpieza de arroz, eliminaci\u00f3n de piedras, descascarado, separaci\u00f3n de arroz, molienda de arroz y clasificaci\u00f3n de arroz. Aparte de la planta de molino de arroz de 38t\/d, tambi\u00e9n proporcionamos una <strong>planta de molino de arroz de 15t\/d<\/strong>, <strong>planta de molino de arroz de 60t\/d<\/strong>, <strong>planta de molino de arroz de 100t\/d<\/strong>, etc. Todas nuestras m\u00e1quinas disfrutan de buena calidad, precios competitivos y entrega r\u00e1pida. Si est\u00e1 buscando una planta de molino de arroz confiable, cont\u00e1ctenos para obtener m\u00e1s informaci\u00f3n \u00fatil.<\/p>    <figure class=\"wp-block-image size-full\"><img loading=\"lazy\" decoding=\"async\" width=\"720\" height=\"540\" src=\"https:\/\/cnricemill.com\/wp-content\/uploads\/2022\/08\/modern-38-ton-rice-mill-plant.jpg\" alt=\"moderna planta de molino de arroz de 38 toneladas\" class=\"wp-image-101\"\/><figcaption>moderna planta de molino de arroz de 38 toneladas<\/figcaption><\/figure>    <h2 class=\"wp-block-heading\">Ventajas de la planta de molino de arroz de 38 toneladas por d\u00eda<\/h2>    <ol class=\"wp-block-list\" type=\"1\"><li>La planta de molino de arroz de 38t\/d est\u00e1 dise\u00f1ada con una caja de control universal, el usuario puede operar la m\u00e1quina operando los botones dentro de la caja de control, lo cual es muy simple y conveniente.<\/li><li>Todas las m\u00e1quinas de molino de arroz a la venta en nuestra f\u00e1brica utilizan pintura para hornear, lo que garantiza la protecci\u00f3n del medio ambiente y tambi\u00e9n garantiza que las m\u00e1quinas no sean propensas a perder pintura durante el transporte y el uso.\u00a0<\/li><li>La planta de molienda de arroz de 38 toneladas por d\u00eda es una l\u00ednea de molienda de arroz de dise\u00f1o moderno con la nueva tecnolog\u00eda de fabricaci\u00f3n de maquinaria, materiales de procesamiento mejorados, alta eficiencia, alta tasa de molienda, baja tasa de trituraci\u00f3n, alto rendimiento, evitando el desperdicio de arroz, rendimiento de trabajo estable y f\u00e1cil. operaci\u00f3n y mantenimiento.\u00a0<\/li><li>Los detalles de la m\u00e1quina de este modelo son flexibles y algunas piezas se pueden personalizar seg\u00fan los requisitos del cliente.\u00a0<\/li><li>Operaci\u00f3n completamente autom\u00e1tica de toda la planta de molienda de arroz, donde uno o dos trabajadores pueden operar toda la l\u00ednea de procesamiento de arroz.<\/li><li>Todas las m\u00e1quinas procesadoras de arroz admiten servicios de personalizaci\u00f3n para satisfacer sus demandas espec\u00edficas. \u00a0<\/li><\/ol>    <div class=\"wp-block-columns is-layout-flex wp-container-core-columns-is-layout-9d6595d7 wp-block-columns-is-layout-flex\"> <div class=\"wp-block-column is-layout-flow wp-block-column-is-layout-flow\"> <figure class=\"wp-block-image size-full\"><img loading=\"lazy\" decoding=\"async\" width=\"720\" height=\"540\" src=\"https:\/\/cnricemill.com\/wp-content\/uploads\/2022\/08\/Taizy-rice-processing-line-factory.jpg\" alt=\"F\u00e1brica de l\u00ednea de procesamiento de arroz Taizy\" class=\"wp-image-103\"\/><figcaption>F\u00e1brica de l\u00ednea de procesamiento de arroz Taizy<\/figcaption><\/figure> <\/div>    <div class=\"wp-block-column is-layout-flow wp-block-column-is-layout-flow\"> <figure class=\"wp-block-image size-full\"><img loading=\"lazy\" decoding=\"async\" width=\"720\" height=\"540\" src=\"https:\/\/cnricemill.com\/wp-content\/uploads\/2022\/08\/rice-mill-plant-factory.jpg\" alt=\"f\u00e1brica de plantas de molino de arroz\" class=\"wp-image-104\"\/><figcaption>f\u00e1brica de plantas de molino de arroz<\/figcaption><\/figure> <\/div> <\/div>    <h2 class=\"wp-block-heading\">Par\u00e1metros de la planta de molino de arroz Taizy de 38t\/d<\/h2>    <figure class=\"wp-block-table\"><table><tbody><tr><td>N\u00famero<\/td><td>M\u00e1quina<\/td><td>Modelo<\/td><td>Capacidad(t\/h)<\/td><\/tr><tr><td>1<\/td><td>Limpiador despedregador combinado<\/td><td>ZQS90<\/td><td>2-2.5<\/td><\/tr><tr><td>2<\/td><td>M\u00e1quina descascarilladora de arroz<\/td><td>MLGT25<\/td><td>2<\/td><\/tr><tr><td>3<\/td><td>Separador de arroz por gravedad<\/td><td>MGCZ100*8<\/td><td>1.5-2.3<\/td><\/tr><tr><td>4<\/td><td>fresadora de arroz<\/td><td>MNMS15B<\/td><td>1-1.3<\/td><\/tr><tr><td>5<\/td><td>M\u00e1quina clasificadora de arroz<\/td><td>MMJJP80*3<\/td><td>1.5-2<\/td><\/tr><tr><td>6<\/td><td>Ascensor<\/td><td>TDG20\/11<\/td><td>2-3<\/td><\/tr><\/tbody><\/table><\/figure>    <h2 class=\"wp-block-heading\">Detalles de la estructura de la moderna planta de molino de arroz de 38tpd<\/h2>    <figure class=\"wp-block-image size-full\"><img loading=\"lazy\" decoding=\"async\" width=\"720\" height=\"540\" src=\"https:\/\/cnricemill.com\/wp-content\/uploads\/2022\/08\/structure-details-of-38td-rice-mill-plant.jpg\" alt=\"Detalles de la estructura de la planta de molino de arroz 38td.\" class=\"wp-image-99\"\/><figcaption>Detalles de la estructura de la planta de molino de arroz 38td.<\/figcaption><\/figure>    <h3 class=\"wp-block-heading\">M\u00e1quina de alimentaci\u00f3n de material<\/h3>    <p>Esta es la m\u00e1quina que coloca el material de arroz en los molinos de arroz.<\/p>    <h3 class=\"wp-block-heading\">Limpiador combinado de arroz y quitapiedras<\/h3>    <p>Otros desechos livianos, como polvo, escombros, bloques y piedras, deben eliminarse tanto como sea posible para lograr un mejor efecto de barrido.<\/p>    <h3 class=\"wp-block-heading\">Descascaradora de arroz<\/h3>    <p>Sacar la c\u00e1scara del arroz<\/p>    <h3 class=\"wp-block-heading\">Separador de arroz<\/h3>    <p class=\"translation-block\"><a href=\"https:\/\/cnricemill.com\/es\/product\/paddy-separator\/\">El separador de arroz<\/a> se utiliza principalmente para la separaci\u00f3n del arroz integral del arroz paddy, utilizando la diferencia en gravedad espec\u00edfica y coeficiente de fricci\u00f3n entre las tres partes de arroz blanco, arroz integral y la mezcla de ambos.\u00a0<\/p>    <h3 class=\"wp-block-heading\">fresadora de arroz<\/h3>    <p>Una fresadora de arroz especialmente desarrollada para la molienda de arroz, que es la tecnolog\u00eda avanzada actual de las fresadoras de arroz del mundo, lo que resulta en una temperatura m\u00e1s baja del arroz, menos contenido de salvado y bajos incrementos de trituraci\u00f3n.&nbsp;<\/p>    <h3 class=\"wp-block-heading\">maquina pulidora de arroz<\/h3>    <p>Pulir la superficie del arroz rociando agua ayuda a formar una capa de gel suave y prolonga el tiempo de conservaci\u00f3n. Ampliaci\u00f3n de la c\u00e1mara de pulido para producir arroz de alta calidad.&nbsp;<\/p>    <h3 class=\"wp-block-heading\">clasificadora de arroz<\/h3>    <p class=\"translation-block\"><a href=\"https:\/\/cnricemill.com\/es\/product\/rice-grader\/\">El clasificador de arroz<\/a> puede tamizar arroz fino en arroz entero, grandes roturas, medianas roturas, peque\u00f1as roturas, etc. de manera eficiente y precisa.\u00a0<\/p>    <h3 class=\"wp-block-heading\">Clasificador de color de arroz<\/h3>    <p>Clasificador de color de arroz para clasificar arroz de mala calidad, blanco lechoso, calc\u00e1reo, arroz y materias extra\u00f1as. Se\u00f1al CCD al probar el desvanecimiento. Si se encuentra arroz de calidad inferior o impurezas en el material, el eyector expulsar\u00e1 los productos inferiores en la tolva.\u00a0<\/p>    <h3 class=\"wp-block-heading\">M\u00e1quina envasadora de arroz<\/h3>    <p class=\"translation-block\">Esta m\u00e1quina autom\u00e1tica cuantitativa de <a href=\"https:\/\/cnricemill.com\/es\/product\/rice-packing-machine\/\">pesado y envasado de arroz<\/a> consiste en un caja de material, balanza de envasado, m\u00e1quina de coser y cinta transportadora. Puede ser utilizada con todos los modelos de l\u00ednea de producci\u00f3n de m\u00e1quinas de molienda de arroz, y la capacidad de las bolsas de envasado puede seleccionarse de 5 a 50 kg por bolsa seg\u00fan la necesidad.\u00a0<\/p>    <h2 class=\"wp-block-heading\">Plantas de molino de arroz relacionadas<\/h2>    <div class=\"wp-block-columns is-layout-flex wp-container-core-columns-is-layout-9d6595d7 wp-block-columns-is-layout-flex\"> <div class=\"wp-block-column is-layout-flow wp-block-column-is-layout-flow\"> <figure class=\"wp-block-gallery has-nested-images columns-default is-cropped wp-block-gallery-2 is-layout-flex wp-block-gallery-is-layout-flex\"> <figure class=\"wp-block-image size-full\"><a href=\"https:\/\/cnricemill.com\/es\/product\/15t-d-rice-mill-plant\/\"><img loading=\"lazy\" decoding=\"async\" width=\"720\" height=\"540\" data-id=\"92\" src=\"https:\/\/cnricemill.com\/wp-content\/uploads\/2022\/08\/15td-rice-mill-plant.jpg\" alt=\"Planta de molino de arroz 15td\" class=\"wp-image-92\"\/><\/a><figcaption>Planta de molino de arroz 15td<\/figcaption><\/figure> <\/figure> <\/div>    <div class=\"wp-block-column is-layout-flow wp-block-column-is-layout-flow\"> <figure class=\"wp-block-gallery has-nested-images columns-default is-cropped wp-block-gallery-3 is-layout-flex wp-block-gallery-is-layout-flex\"> <figure class=\"wp-block-image size-full\"><a href=\"https:\/\/cnricemill.com\/es\/product\/60td-rice-mill-plant\/\"><img loading=\"lazy\" decoding=\"async\" width=\"720\" height=\"540\" data-id=\"83\" src=\"https:\/\/cnricemill.com\/wp-content\/uploads\/2022\/08\/60td-rice-milling-line.jpg\" alt=\"L\u00ednea de molienda de arroz 60td\" class=\"wp-image-83\"\/><\/a><figcaption>L\u00ednea de molienda de arroz 60td<\/figcaption><\/figure> <\/figure> <\/div> <\/div>","protected":false},"excerpt":{"rendered":"<p>38t\/d rice mill plant is used for medium processing demands of rice milling. This rice processing line can produce 38 ton of finished rice each day. It is quite suitable for farm owners and rice factories with good performance and high efficiency. The 38ton\/day rice mill plant can automatically complete the whole rice process, including [&hellip;]<\/p>\n","protected":false},"author":1,"featured_media":95,"parent":0,"template":"","tags":[12,15],"product-type":[5],"class_list":["post-93","product","type-product","status-publish","has-post-thumbnail","hentry","tag-rice-mill-plant","tag-rice-milling","product-type-rice-mill-plant"],"_links":{"self":[{"href":"https:\/\/cnricemill.com\/es\/wp-json\/wp\/v2\/product\/93","targetHints":{"allow":["GET"]}}],"collection":[{"href":"https:\/\/cnricemill.com\/es\/wp-json\/wp\/v2\/product"}],"about":[{"href":"https:\/\/cnricemill.com\/es\/wp-json\/wp\/v2\/types\/product"}],"author":[{"embeddable":true,"href":"https:\/\/cnricemill.com\/es\/wp-json\/wp\/v2\/users\/1"}],"wp:featuredmedia":[{"embeddable":true,"href":"https:\/\/cnricemill.com\/es\/wp-json\/wp\/v2\/media\/95"}],"wp:attachment":[{"href":"https:\/\/cnricemill.com\/es\/wp-json\/wp\/v2\/media?parent=93"}],"wp:term":[{"taxonomy":"post_tag","embeddable":true,"href":"https:\/\/cnricemill.com\/es\/wp-json\/wp\/v2\/tags?post=93"},{"taxonomy":"product-type","embeddable":true,"href":"https:\/\/cnricemill.com\/es\/wp-json\/wp\/v2\/product-type?post=93"}],"curies":[{"name":"wp","href":"https:\/\/api.w.org\/{rel}","templated":true}]}}