{"id":91,"date":"2022-08-15T08:42:28","date_gmt":"2022-08-15T00:42:28","guid":{"rendered":"https:\/\/cnricemill.com\/?post_type=product&#038;p=91"},"modified":"2024-12-23T11:33:49","modified_gmt":"2024-12-23T03:33:49","slug":"15t-d-rice-mill-plant","status":"publish","type":"product","link":"https:\/\/cnricemill.com\/es\/product\/15t-d-rice-mill-plant\/","title":{"rendered":"Planta de molino de arroz 15T\/D"},"content":{"rendered":"<p class=\"translation-block\"><strong>La planta de molino de arroz 15T\/D<\/strong> es una peque\u00f1a l\u00ednea de procesamiento de arroz. Puede producir de 800 a 1000 kg de arroz terminado por hora, lo cual es muy adecuado para peque\u00f1as f\u00e1bricas de procesamiento de arroz. La planta de molino de arroz est\u00e1ndar de 15T\/D contiene una m\u00e1quina combinada de limpieza de arroz, m\u00e1quina desgranadora de arroz, separador de arroz, m\u00e1quina de molino de arroz y clasificador de arroz. Utiliza un elevador de cubo conectado para que el molino de arroz pueda funcionar de manera continua. Esta l\u00ednea de molienda de arroz autom\u00e1tica tiene las caracter\u00edsticas de una estructura razonable, un rendimiento estable y alta eficiencia. Aparte de la planta de molino de arroz de 15 toneladas\/d\u00eda, hay plantas de molino de arroz de 20t\/d, 25t\/d, <a href=\"https:\/\/cnricemill.com\/es\/product\/38t-d-rice-mill-plant\/\">planta de molino de arroz de 38t\/d<\/a>, <a href=\"https:\/\/cnricemill.com\/es\/product\/60td-rice-mill-plant\/\">planta de molino de arroz de 60t\/d<\/a>, etc. Como fabricante l\u00edder de l\u00edneas de procesamiento de arroz, ofrecemos un s\u00f3lido servicio personalizado para satisfacer sus requisitos espec\u00edficos.<\/p>    <h2 class=\"wp-block-heading\"><strong>Video de trabajo del molino de arroz.<\/strong><\/h2>    <p>Aunque este es un video sobre una planta de molienda de arroz de 20TPD, la ubicaci\u00f3n es la misma, solo que difiere de la capacidad de la m\u00e1quina.<\/p>    <figure class=\"wp-block-embed is-type-video is-provider-youtube wp-block-embed-youtube wp-embed-aspect-16-9 wp-has-aspect-ratio\"><div class=\"wp-block-embed__wrapper\"> <iframe loading=\"lazy\" title=\"Experimente la precisi\u00f3n: \u00a1Unidad de molienda de arroz 20TPD en acci\u00f3n! \ud83c\udf3e\u2728 Molino de arroz completamente autom\u00e1tico a la venta\" width=\"500\" height=\"281\" src=\"https:\/\/www.youtube.com\/embed\/ze92Vr4oMWc?feature=oembed\" frameborder=\"0\" allow=\"accelerometer; autoplay; clipboard-write; encrypted-media; gyroscope; picture-in-picture; web-share\" referrerpolicy=\"strict-origin-when-cross-origin\" allowfullscreen><\/iframe> <\/div><\/figure>    <h2 class=\"wp-block-heading\">Caracter\u00edsticas de la planta de molino de arroz de 15t\/d<\/h2>    <ol class=\"wp-block-list\"> <li>Estructura simple y hermosa, bajo consumo de energ\u00eda. F\u00e1cil de operar y mantener, y el desmontaje y montaje de todos los equipos son muy convenientes.<\/li>    <li>Buen efecto de limpieza, eliminando piedras, hierro, polvo, paja y otras impurezas de las part\u00edculas.<\/li>    <li>R\u00e1pida velocidad de molienda de arroz, con una producci\u00f3n diaria de aproximadamente 15 toneladas para juegos completos de equipos.<\/li>    <li>F\u00e1cil de operar, solo se necesitan 1 o 2 personas para operar este molino de arroz (una persona para cargar arroz crudo y la otra para cargar arroz terminado).<\/li>    <li>Operaci\u00f3n automatizada desde la entrada del arroz con c\u00e1scara hasta el arroz blanco terminado.<\/li>    <li>La parte de molienda de arroz del equipo adopta tecnolog\u00eda de molienda de arroz de presi\u00f3n negativa, con baja temperatura del arroz, sin c\u00e1scara y baja tasa de arroz partido.<\/li>    <li>Nuestra tecnolog\u00eda de procesamiento: corte de fibra \u00f3ptica, doblado CNC, m\u00e1quinas herramienta CNC, proceso de pulverizaci\u00f3n, horneado por pulverizaci\u00f3n de alto nivel, etc.<\/li>    <li>Brindamos un s\u00f3lido servicio de personalizaci\u00f3n para satisfacer sus necesidades especiales.<\/li> <\/ol>    <div class=\"wp-block-columns is-layout-flex wp-container-core-columns-is-layout-9d6595d7 wp-block-columns-is-layout-flex\"> <div class=\"wp-block-column is-layout-flow wp-block-column-is-layout-flow\"> <figure class=\"wp-block-image size-full\"><img loading=\"lazy\" decoding=\"async\" width=\"720\" height=\"540\" src=\"https:\/\/cnricemill.com\/wp-content\/uploads\/2022\/08\/modern-15ton-rice-processing-line.jpg\" alt=\"Moderna l\u00ednea de procesamiento de arroz de 15 toneladas.\" class=\"wp-image-108\"\/><figcaption class=\"wp-element-caption\">Moderna l\u00ednea de procesamiento de arroz de 15 toneladas.<\/figcaption><\/figure> <\/div>    <div class=\"wp-block-column is-layout-flow wp-block-column-is-layout-flow\"> <figure class=\"wp-block-image size-full\"><img loading=\"lazy\" decoding=\"async\" width=\"720\" height=\"540\" src=\"https:\/\/cnricemill.com\/wp-content\/uploads\/2022\/08\/15-ton-rice-mill-plant.jpg\" alt=\"Planta de molino de arroz de 15 toneladas.\" class=\"wp-image-109\"\/><figcaption class=\"wp-element-caption\">Planta de molino de arroz de 15 toneladas.<\/figcaption><\/figure> <\/div> <\/div>    <h2 class=\"wp-block-heading\">Par\u00e1metros de la planta de molino de arroz Taizy de 15 t\/d<\/h2>    <figure class=\"wp-block-table\"><table><tbody><tr><td>Modelo<\/td><td>Capacidad(t\/h)<\/td><td>Potencia (kW)<\/td><td>Tama\u00f1o (largo x ancho x alto)<\/td><\/tr><tr><td>MNMS15B<\/td><td>0.8-1.25<\/td><td>18.5-22<\/td><td>1090*580*1420<\/td><\/tr><tr><td>MNMS18<\/td><td>2-3<\/td><td>22-30<\/td><td>1245*650*1660<\/td><\/tr><tr><td>MNMS25<\/td><td>3.5-4.5<\/td><td>37-45<\/td><td>1350*750*1800<\/td><\/tr><\/tbody><\/table><\/figure>    <h2 class=\"wp-block-heading\">Detalles de la estructura de la planta de molino de arroz de 15 tpd a la venta <\/h2>    <figure class=\"wp-block-image size-full\"><img loading=\"lazy\" decoding=\"async\" width=\"720\" height=\"540\" src=\"https:\/\/cnricemill.com\/wp-content\/uploads\/2022\/08\/15td-rice-milling-plant-structure.jpg\" alt=\"Estructura de la planta de molienda de arroz 15td\" class=\"wp-image-106\"\/><figcaption class=\"wp-element-caption\">Estructura de la planta de molienda de arroz 15td<\/figcaption><\/figure>    <h3 class=\"wp-block-heading\">M\u00e1quina de limpieza de arroz<\/h3>    <p>Combinaci\u00f3n de dise\u00f1o de limpieza y eliminaci\u00f3n de piedras, el efecto de uso es mucho mejor que el dise\u00f1o tradicional de una sola pieza. Dise\u00f1o de gran volumen de aire, excelente efecto de eliminaci\u00f3n de piedras, combinado con una configuraci\u00f3n de cojinete de absorci\u00f3n de vibraciones de alta resistencia, movimiento suave, firme y confiable del cuerpo, baja vibraci\u00f3n, bajo ruido y menos polvo.<\/p>    <h3 class=\"wp-block-heading\">fresadora de arroz<\/h3>    <p>Equipado con un potente ventilador independiente para limpiar m\u00e1s a fondo el salvado de arroz, haciendo que los granos de arroz est\u00e9n m\u00e1s limpios y mejorando eficazmente el brillo de los granos de arroz.<\/p>    <h3 class=\"wp-block-heading\">Separador de arroz por gravedad<\/h3>    <p class=\"translation-block\">El <a href=\"https:\/\/cnricemill.com\/es\/product\/paddy-separator\/\">separador de arroz por gravedad<\/a> est\u00e1 dise\u00f1ado con una gran superficie de pantalla, que tiene ventajas excelentes como una r\u00e1pida velocidad de separaci\u00f3n y una distribuci\u00f3n uniforme.<\/p>    <h3 class=\"wp-block-heading\">M\u00e1quina descascarilladora de arroz de bajo ruido<\/h3>    <p>Larga vida \u00fatil de los rodillos de goma: sin caja de cambios, bajo nivel de ruido y rendimiento estable.&nbsp;<\/p>    <h3 class=\"wp-block-heading\">Elevador de cangilones de arroz independiente<\/h3>    <p>Cada elevador de cangilones para molino de arroz es independiente y cada elevador de cangilones de arroz tiene una base de motor de separaci\u00f3n para obtener m\u00e1s potencia, mayor rendimiento y f\u00e1cil mantenimiento.<\/p>    <figure class=\"wp-block-image size-full\"><img loading=\"lazy\" decoding=\"async\" width=\"720\" height=\"540\" src=\"https:\/\/cnricemill.com\/wp-content\/uploads\/2022\/08\/rice-mill-plant-ready-to-ship-1.jpg\" alt=\"Planta de molino de arroz lista para enviar.\" class=\"wp-image-112\"\/><figcaption class=\"wp-element-caption\">Planta de molino de arroz lista para enviar.<\/figcaption><\/figure>    <h2 class=\"wp-block-heading\">Proceso de trabajo de la planta de molino de arroz. <\/h2>    <p class=\"translation-block\">La planta de molino de arroz 15t\/d se aplica para procesar arroz en calidad est\u00e1ndar internacional como se muestra en el siguiente diagrama de flujo: <strong>alimentaci\u00f3n de material de arroz \u2192 limpieza de arroz \u2192 desgranado de arroz \u2192 molienda de arroz \u2192 blanqueo de arroz \u2192 <a href=\"https:\/\/cnricemill.com\/es\/product\/rice-packing-machine\/\">empaquetado de arroz<\/a><\/strong>.<\/p>    <h2 class=\"wp-block-heading\">M\u00e1quina relacionada<\/h2>    <div class=\"wp-block-columns is-layout-flex wp-container-core-columns-is-layout-9d6595d7 wp-block-columns-is-layout-flex\"> <div class=\"wp-block-column is-layout-flow wp-block-column-is-layout-flow\"> <figure class=\"wp-block-image size-full\"><a href=\"https:\/\/cnricemill.com\/es\/product\/38t-d-rice-mill-plant\/\"><img loading=\"lazy\" decoding=\"async\" width=\"720\" height=\"540\" src=\"https:\/\/cnricemill.com\/wp-content\/uploads\/2022\/08\/38td-rice-mill-plant.jpg\" alt=\"Planta de molino de arroz 38td\" class=\"wp-image-95\"\/><\/a><figcaption class=\"wp-element-caption\">Planta de molino de arroz 38td<\/figcaption><\/figure> <\/div>    <div class=\"wp-block-column is-layout-flow wp-block-column-is-layout-flow\"> <figure class=\"wp-block-image size-full\"><a href=\"https:\/\/cnricemill.com\/es\/product\/60td-rice-mill-plant\/\"><img loading=\"lazy\" decoding=\"async\" width=\"720\" height=\"540\" src=\"https:\/\/cnricemill.com\/wp-content\/uploads\/2022\/08\/60td-rice-mill-plant.jpg\" alt=\"Planta de molino de arroz 60td\" class=\"wp-image-75\"\/><\/a><figcaption class=\"wp-element-caption\">Planta de molino de arroz 60td<\/figcaption><\/figure> <\/div> <\/div>","protected":false},"excerpt":{"rendered":"<p>15T\/D rice mill plant is a small rice processing line. It can produce 800-1000 kg of finished rice each hour, which is very suitable for small rice processing factories. 15T\/D standard rice mill plant contains a combined rice cleaning machine, rice huller machine, paddy separator, rice mill machine, and rice grader. It uses a bucket [&hellip;]<\/p>\n","protected":false},"author":1,"featured_media":92,"parent":0,"template":"","tags":[12,15],"product-type":[5],"class_list":["post-91","product","type-product","status-publish","has-post-thumbnail","hentry","tag-rice-mill-plant","tag-rice-milling","product-type-rice-mill-plant"],"_links":{"self":[{"href":"https:\/\/cnricemill.com\/es\/wp-json\/wp\/v2\/product\/91","targetHints":{"allow":["GET"]}}],"collection":[{"href":"https:\/\/cnricemill.com\/es\/wp-json\/wp\/v2\/product"}],"about":[{"href":"https:\/\/cnricemill.com\/es\/wp-json\/wp\/v2\/types\/product"}],"author":[{"embeddable":true,"href":"https:\/\/cnricemill.com\/es\/wp-json\/wp\/v2\/users\/1"}],"wp:featuredmedia":[{"embeddable":true,"href":"https:\/\/cnricemill.com\/es\/wp-json\/wp\/v2\/media\/92"}],"wp:attachment":[{"href":"https:\/\/cnricemill.com\/es\/wp-json\/wp\/v2\/media?parent=91"}],"wp:term":[{"taxonomy":"post_tag","embeddable":true,"href":"https:\/\/cnricemill.com\/es\/wp-json\/wp\/v2\/tags?post=91"},{"taxonomy":"product-type","embeddable":true,"href":"https:\/\/cnricemill.com\/es\/wp-json\/wp\/v2\/product-type?post=91"}],"curies":[{"name":"wp","href":"https:\/\/api.w.org\/{rel}","templated":true}]}}