{"id":537,"date":"2026-04-28T11:22:54","date_gmt":"2026-04-28T03:22:54","guid":{"rendered":"https:\/\/cnricemill.com\/?post_type=product&#038;p=537"},"modified":"2026-04-28T14:05:18","modified_gmt":"2026-04-28T06:05:18","slug":"compact-combined-rice-husk-milling-machine","status":"publish","type":"product","link":"https:\/\/cnricemill.com\/es\/product\/compact-combined-rice-husk-milling-machine\/","title":{"rendered":"M\u00e1quina combinada compacta de molienda de c\u00e1scara de arroz"},"content":{"rendered":"<p class=\"translation-block\">Esta <strong>m\u00e1quina de molienda de c\u00e1scara de arroz<\/strong> es un sistema integral que combina funciones de descascarillado y molienda, dise\u00f1ado espec\u00edficamente para procesar arroz paddy en una sola pasada. La unidad incorpora un tamiz de limpieza, un desgranador por gravedad, un descascarillador de rodillo de goma y un molino de arroz de rodillo de acero, capaz de procesar de 400 a 500 kilogramos de arroz por hora.<\/p>    <p>Para facilitar su uso en regiones con suministro el\u00e9ctrico limitado o poco confiable, la m\u00e1quina est\u00e1 dise\u00f1ada para funcionar con energ\u00eda di\u00e9sel. Su huella compacta permite operaciones de molienda en espacios reducidos, convirti\u00e9ndola en la opci\u00f3n principal para peque\u00f1as comunidades rurales y operadores independientes.<\/p>    <figure class=\"wp-block-embed aligncenter is-type-video is-provider-youtube wp-block-embed-youtube wp-embed-aspect-16-9 wp-has-aspect-ratio\"><div class=\"wp-block-embed__wrapper\"> <iframe loading=\"lazy\" title=\"Rice Husk Milling Machine | Complete Paddy Cleaning, Husking &amp; Rice Milling Process in One Machine\" width=\"500\" height=\"281\" src=\"https:\/\/www.youtube.com\/embed\/jSUqGCPipvs?feature=oembed\" frameborder=\"0\" allow=\"accelerometer; autoplay; clipboard-write; encrypted-media; gyroscope; picture-in-picture; web-share\" referrerpolicy=\"strict-origin-when-cross-origin\" allowfullscreen><\/iframe> <\/div><figcaption class=\"wp-element-caption\">Video de funcionamiento de la m\u00e1quina de molienda de arroz<\/figcaption><\/figure>    <h2 class=\"wp-block-heading\"><strong>\u00bfQu\u00e9 es una m\u00e1quina combinada de molienda de arroz?<\/strong><\/h2>    <p>Una m\u00e1quina combinada de molienda de c\u00e1scara de arroz es un sistema integrado de procesamiento de arroz que consolida varias etapas del proceso de producci\u00f3n en una sola unidad altamente eficiente. A diferencia de las m\u00e1quinas b\u00e1sicas de molienda de arroz, este equipo puede realizar las siguientes operaciones:<\/p>    <ul class=\"wp-block-list\"> <li>Limpieza del paddy<\/li>    <li>Eliminaci\u00f3n de impurezas<\/li>    <li>Separaci\u00f3n de piedras<\/li>    <li>Descascarillado (eliminaci\u00f3n de c\u00e1scaras de arroz)<\/li>    <li>Separaci\u00f3n de arroz integral<\/li>    <li>Blanqueado \/ Pulido<\/li>    <li>Separaci\u00f3n de salvado<\/li> <\/ul>    <p>Dise\u00f1ado espec\u00edficamente para el procesamiento de paddy, transforma el paddy sin procesar directamente en arroz blanco pulido de alta calidad mediante un flujo de trabajo operativo \u00fanico y sin interrupciones.<\/p>    <p>Este equipo es especialmente valioso en los siguientes entornos:<\/p>    <ul class=\"wp-block-list\"> <li>Comunidades agr\u00edcolas rurales<\/li>    <li>Regiones con suministro el\u00e9ctrico limitado<\/li>    <li>Servicios m\u00f3viles de molienda de arroz<\/li>    <li>Plantas de procesamiento de arroz peque\u00f1as a medianas<\/li>    <li>Cooperativas agr\u00edcolas<\/li> <\/ul>   <div class=\"wp-block-image\"> <figure class=\"aligncenter size-full\"><img loading=\"lazy\" decoding=\"async\" width=\"720\" height=\"540\" src=\"https:\/\/cnricemill.com\/wp-content\/uploads\/2026\/04\/automatic-rice-milling-machine.webp\" alt=\"M\u00e1quina autom\u00e1tica de molienda de arroz\" class=\"wp-image-547\" srcset=\"https:\/\/cnricemill.com\/wp-content\/uploads\/2026\/04\/automatic-rice-milling-machine.webp 720w, https:\/\/cnricemill.com\/wp-content\/uploads\/2026\/04\/automatic-rice-milling-machine-300x225.webp 300w, https:\/\/cnricemill.com\/wp-content\/uploads\/2026\/04\/automatic-rice-milling-machine-16x12.webp 16w\" sizes=\"auto, (max-width: 720px) 100vw, 720px\" \/><figcaption class=\"wp-element-caption\">M\u00e1quina autom\u00e1tica de molienda de arroz<\/figcaption><\/figure> <\/div>   <h2 class=\"wp-block-heading\"><strong>Ventajas clave de esta m\u00e1quina de descascarillado y molienda de arroz<\/strong><\/h2>    <ol class=\"wp-block-list\"> <li><strong>Altamente integrado:<\/strong> Una sola unidad puede completar todo el flujo de trabajo de procesamiento de arroz.<\/li>    <li><strong>Opciones de energ\u00eda vers\u00e1tiles:<\/strong> Ofrece un sistema de doble opci\u00f3n de energ\u00eda, que soporta tanto di\u00e9sel como electricidad.<\/li>    <li><strong>Ideal para agricultura fuera de red:<\/strong> Es perfectamente adecuada para su uso en regiones remotas y una excelente opci\u00f3n para nuevas empresas.<\/li>    <li><strong>Altos retornos comerciales:<\/strong> El \u00edndice de arroz partido de la maquinaria es inferior al 4%, maximizando as\u00ed el valor comercial del cultivo de arroz.<\/li>    <li><strong>Dise\u00f1o compacto:<\/strong> No solo ahorra espacio y facilita el transporte, sino que tambi\u00e9n garantiza una instalaci\u00f3n sencilla y un mantenimiento sin esfuerzo.<\/li> <\/ol>    <h2 class=\"wp-block-heading\"><strong>Par\u00e1metros t\u00e9cnicos de la m\u00e1quina de molienda de c\u00e1scara de arroz 6LN-15\/8.5SR<\/strong><\/h2>    <figure class=\"wp-block-table\"><table class=\"has-fixed-layout\"><thead><tr><th>Par\u00e1metro<\/th><th>Especificaci\u00f3n<\/th><\/tr><\/thead><tbody><tr><td>Modelo<\/td><td>6LN-15\/8.5SR<\/td><\/tr><tr><td>Capacidad nominal<\/td><td>400\u2013500 kg\/h<\/td><\/tr><tr><td>Potencia del motor el\u00e9ctrico<\/td><td>YE2-180M-4 \/ 18,5 KW<\/td><\/tr><tr><td>Potencia del motor di\u00e9sel<\/td><td>ZS1130 \/ 30 HP<\/td><\/tr><tr><td>Tasa de molienda de arroz<\/td><td>&gt;65%<\/td><\/tr><tr><td>Tasa de arroz roto peque\u00f1o<\/td><td>&lt;4%<\/td><\/tr><tr><td>Dimensi\u00f3n del rodillo de goma<\/td><td>6 pulgadas<\/td><\/tr><tr><td>Dimensi\u00f3n del rodillo de acero<\/td><td>\u03c685 mm<\/td><\/tr><tr><td>Peso total<\/td><td>730 kg<\/td><\/tr><tr><td>Dimensiones de la m\u00e1quina<\/td><td>2650\u00d71250\u00d72350 mm<\/td><\/tr><tr><td>Dimensiones de embalaje del molino de arroz<\/td><td>1850\u00d71080\u00d72440 mm<\/td><\/tr><tr><td>Dimensiones del paquete del motor di\u00e9sel<\/td><td>910\u00d7440\u00d7760 mm<\/td><\/tr><\/tbody><\/table><figcaption class=\"wp-element-caption\">par\u00e1metros de la m\u00e1quina de molienda de c\u00e1scara de arroz<\/figcaption><\/figure>    <h2 class=\"wp-block-heading\"><strong>Estructura y funciones de los componentes de la m\u00e1quina integrada de descascarillado y procesamiento de arroz<\/strong><\/h2>    <p>El equipo completo consiste principalmente en la entrada de paddy, doble elevador, tamiz de limpieza horizontal, desgranador por gravedad, descascarillador de rodillo de goma, separador de arroz paddy y arroz blanqueador de rodillo de acero. Sus funciones respectivas son las siguientes:<\/p>   <div class=\"wp-block-image\"> <figure class=\"aligncenter size-full\"><img loading=\"lazy\" decoding=\"async\" width=\"720\" height=\"540\" src=\"https:\/\/cnricemill.com\/wp-content\/uploads\/2026\/04\/structure-of-rice-milling-machine.webp\" alt=\"estructura de la m\u00e1quina de molienda de arroz\" class=\"wp-image-539\" srcset=\"https:\/\/cnricemill.com\/wp-content\/uploads\/2026\/04\/structure-of-rice-milling-machine.webp 720w, https:\/\/cnricemill.com\/wp-content\/uploads\/2026\/04\/structure-of-rice-milling-machine-300x225.webp 300w, https:\/\/cnricemill.com\/wp-content\/uploads\/2026\/04\/structure-of-rice-milling-machine-16x12.webp 16w\" sizes=\"auto, (max-width: 720px) 100vw, 720px\" \/><figcaption class=\"wp-element-caption\">estructura de la m\u00e1quina de molienda de arroz<\/figcaption><\/figure> <\/div>   <ol class=\"wp-block-list\"> <li>Entrada de paddy: Equipado con un marco de acero resistente, soporta operaciones con bolsas, asegurando un flujo conveniente y suave del paddy hacia el sistema.<\/li>    <li>Doble elevador: Responsable de transportar el paddy entre las etapas de limpieza y descascarillado. Un solo sistema de energ\u00eda impulsa ambos canales de transporte, asegurando que cada operaci\u00f3n sea independiente y sin interferencias.<\/li>    <li>Tamiz de limpieza horizontal: Elimina part\u00edculas grandes e impurezas finas del arroz paddy.<\/li>    <li>Desprendimiento por gravedad: Utiliza principios de separaci\u00f3n por flujo de aire para eliminar piedras y objetos extra\u00f1os pesados.<\/li>    <li>Descascarillador de rodillo de goma: Facilita la eliminaci\u00f3n de la c\u00e1scara exterior del paddy para producir arroz integral.<\/li>    <li>Separador de arroz paddy y arroz integral: Elimina las c\u00e1scaras (salvado) para mejorar la calidad y eficiencia del proceso de descascarillado.<\/li>    <li>Blanqueadora de arroz de rodillos de acero: Procesa el arroz integral para eliminar la capa de salvado, mejorando as\u00ed la apariencia visual y la calidad de los granos de arroz.<\/li> <\/ol>    <figure class=\"wp-block-gallery has-nested-images columns-default is-cropped wp-block-gallery-2 is-layout-flex wp-block-gallery-is-layout-flex\"> <figure class=\"wp-block-image size-large\"><img loading=\"lazy\" decoding=\"async\" width=\"720\" height=\"540\" data-id=\"540\" src=\"https:\/\/cnricemill.com\/wp-content\/uploads\/2026\/04\/double-elevator.webp\" alt=\"Doble elevador\" class=\"wp-image-540\" srcset=\"https:\/\/cnricemill.com\/wp-content\/uploads\/2026\/04\/double-elevator.webp 720w, https:\/\/cnricemill.com\/wp-content\/uploads\/2026\/04\/double-elevator-300x225.webp 300w, https:\/\/cnricemill.com\/wp-content\/uploads\/2026\/04\/double-elevator-16x12.webp 16w\" sizes=\"auto, (max-width: 720px) 100vw, 720px\" \/><figcaption class=\"wp-element-caption\">Doble elevador<\/figcaption><\/figure>    <figure class=\"wp-block-image size-full\"><img loading=\"lazy\" decoding=\"async\" width=\"720\" height=\"540\" data-id=\"546\" src=\"https:\/\/cnricemill.com\/wp-content\/uploads\/2026\/04\/horizontal-cleaning-sieve.webp\" alt=\"Tamiz de limpieza horizontal\" class=\"wp-image-546\" srcset=\"https:\/\/cnricemill.com\/wp-content\/uploads\/2026\/04\/horizontal-cleaning-sieve.webp 720w, https:\/\/cnricemill.com\/wp-content\/uploads\/2026\/04\/horizontal-cleaning-sieve-300x225.webp 300w, https:\/\/cnricemill.com\/wp-content\/uploads\/2026\/04\/horizontal-cleaning-sieve-16x12.webp 16w\" sizes=\"auto, (max-width: 720px) 100vw, 720px\" \/><figcaption class=\"wp-element-caption\">Tamiz de limpieza horizontal<\/figcaption><\/figure>    <figure class=\"wp-block-image size-large\"><img loading=\"lazy\" decoding=\"async\" width=\"720\" height=\"540\" data-id=\"541\" src=\"https:\/\/cnricemill.com\/wp-content\/uploads\/2026\/04\/gravity-destoner.webp\" alt=\"Desprendimiento por gravedad\" class=\"wp-image-541\" srcset=\"https:\/\/cnricemill.com\/wp-content\/uploads\/2026\/04\/gravity-destoner.webp 720w, https:\/\/cnricemill.com\/wp-content\/uploads\/2026\/04\/gravity-destoner-300x225.webp 300w, https:\/\/cnricemill.com\/wp-content\/uploads\/2026\/04\/gravity-destoner-16x12.webp 16w\" sizes=\"auto, (max-width: 720px) 100vw, 720px\" \/><figcaption class=\"wp-element-caption\">Desprendimiento por gravedad<\/figcaption><\/figure>    <figure class=\"wp-block-image size-large\"><img loading=\"lazy\" decoding=\"async\" width=\"720\" height=\"540\" data-id=\"542\" src=\"https:\/\/cnricemill.com\/wp-content\/uploads\/2026\/04\/paddy-separator.webp\" alt=\"separador de arroz\" class=\"wp-image-542\" srcset=\"https:\/\/cnricemill.com\/wp-content\/uploads\/2026\/04\/paddy-separator.webp 720w, https:\/\/cnricemill.com\/wp-content\/uploads\/2026\/04\/paddy-separator-300x225.webp 300w, https:\/\/cnricemill.com\/wp-content\/uploads\/2026\/04\/paddy-separator-16x12.webp 16w\" sizes=\"auto, (max-width: 720px) 100vw, 720px\" \/><figcaption class=\"wp-element-caption\">separador de arroz<\/figcaption><\/figure>    <figure class=\"wp-block-image size-large\"><img loading=\"lazy\" decoding=\"async\" width=\"720\" height=\"540\" data-id=\"544\" src=\"https:\/\/cnricemill.com\/wp-content\/uploads\/2026\/04\/rubber-roller-husker.webp\" alt=\"Descascaradora de rodillo de goma\" class=\"wp-image-544\" srcset=\"https:\/\/cnricemill.com\/wp-content\/uploads\/2026\/04\/rubber-roller-husker.webp 720w, https:\/\/cnricemill.com\/wp-content\/uploads\/2026\/04\/rubber-roller-husker-300x225.webp 300w, https:\/\/cnricemill.com\/wp-content\/uploads\/2026\/04\/rubber-roller-husker-16x12.webp 16w\" sizes=\"auto, (max-width: 720px) 100vw, 720px\" \/><figcaption class=\"wp-element-caption\">Descascaradora de rodillo de goma<\/figcaption><\/figure>    <figure class=\"wp-block-image size-large\"><img loading=\"lazy\" decoding=\"async\" width=\"720\" height=\"540\" data-id=\"545\" src=\"https:\/\/cnricemill.com\/wp-content\/uploads\/2026\/04\/steel-roller-rice-mill.webp\" alt=\"Molino de arroz de rodillo de acero\" class=\"wp-image-545\" srcset=\"https:\/\/cnricemill.com\/wp-content\/uploads\/2026\/04\/steel-roller-rice-mill.webp 720w, https:\/\/cnricemill.com\/wp-content\/uploads\/2026\/04\/steel-roller-rice-mill-300x225.webp 300w, https:\/\/cnricemill.com\/wp-content\/uploads\/2026\/04\/steel-roller-rice-mill-16x12.webp 16w\" sizes=\"auto, (max-width: 720px) 100vw, 720px\" \/><figcaption class=\"wp-element-caption\">Molino de arroz de rodillo de acero<\/figcaption><\/figure> <\/figure>    <h2 class=\"wp-block-heading\"><strong>M\u00e1quina combinada de molienda de c\u00e1scara de arroz vs molino de arroz ordinario<\/strong><\/h2>    <figure class=\"wp-block-table\"><table class=\"has-fixed-layout\"><thead><tr><th>Caracter\u00edstica<\/th><th>M\u00e1quina de molienda de c\u00e1scara de arroz<\/th><th>Molino de arroz ordinario<\/th><\/tr><\/thead><tbody><tr><td>Limpieza del paddy<\/td><td>Tamiz de limpieza integrado<\/td><td>A menudo separado o no disponible<\/td><\/tr><tr><td>Despalillado<\/td><td>Desprendimiento de gravedad incorporado<\/td><td>Generalmente no incluido<\/td><\/tr><tr><td>Eficiencia de descascarillado<\/td><td>&gt;85% de descascarillador de rodillo de goma<\/td><td>Menor o menos eficiente<\/td><\/tr><tr><td>Blanqueado de arroz<\/td><td>Blanqueado de rodillo de acero<\/td><td>Solo molienda b\u00e1sica<\/td><\/tr><tr><td>Opciones de energ\u00eda<\/td><td>Di\u00e9sel   El\u00e9ctrico<\/td><td>Principalmente el\u00e9ctrico<\/td><\/tr><tr><td>Movilidad<\/td><td>Alto<\/td><td>Bajo<\/td><\/tr><tr><td>Tasa de arroz roto<\/td><td>&lt;4%<\/td><td>Mayor<\/td><\/tr><tr><td>Productividad<\/td><td>400\u2013500 kg\/h<\/td><td>Menor<\/td><\/tr><tr><td>Instalaci\u00f3n<\/td><td>Compacta y f\u00e1cil<\/td><td>Huella m\u00e1s grande<\/td><\/tr><tr><td>\u00c1reas adecuadas<\/td><td>Regiones rurales, m\u00f3viles, con escasez de energ\u00eda<\/td><td>Solo suministro de energ\u00eda estable<\/td><\/tr><tr><td>Retorno de inversi\u00f3n<\/td><td>Alto<\/td><td>Moderado<\/td><\/tr><tr><td>Calidad del arroz<\/td><td>Arroz de alto brillo y m\u00e1s limpio<\/td><td>Calidad est\u00e1ndar<\/td><\/tr><\/tbody><\/table><figcaption class=\"wp-element-caption\">Comparaci\u00f3n entre molinos de arroz integrados y unidades de molienda de arroz<\/figcaption><\/figure>    <p class=\"translation-block\">\u00a1Si necesitas mayor capacidad o un flujo de trabajo de procesamiento de arroz m\u00e1s completo, una <a href=\"https:\/\/cnricemill.com\/es\/product\/15t-d-rice-mill-plant\/\">unidad de molienda de arroz<\/a> puede satisfacer tus necesidades!<\/p>    <h2 class=\"wp-block-heading\"><strong>\u00a1Cont\u00e1ctanos para tus soluciones de procesamiento de arroz!<\/strong><\/h2>    <p>Esta m\u00e1quina de molienda de c\u00e1scara de arroz es una soluci\u00f3n avanzada y todo en uno dise\u00f1ada espec\u00edficamente para satisfacer las demandas de la agricultura moderna. Al integrar procesos de limpieza, eliminaci\u00f3n de piedras, descascarillado y blanqueado en una sola unidad, mejora significativamente la calidad del arroz, la eficiencia operativa y la rentabilidad.<\/p>    <p>Ya seas agricultor, emprendedor rural o procesador comercial de arroz\u2014y especialmente en regiones con suministro el\u00e9ctrico limitado o crecientes demandas de producci\u00f3n de arroz\u2014esta m\u00e1quina representa una opci\u00f3n ideal que es pr\u00e1ctica y con un potencial inmenso de rentabilidad.<\/p>    <p>Cont\u00e1ctanos para recibir los \u00faltimos precios e informaci\u00f3n.<\/p>","protected":false},"excerpt":{"rendered":"<p>This rice hulling and milling machine is a comprehensive, integrated system designed specifically to process paddy rice in a single pass. By combining a cleaning sieve, gravity destoner, rubber-roller husker, and steel-roller miller into a single unit, it empowers users to achieve high-quality and highly efficient rice production.<\/p>","protected":false},"author":1,"featured_media":538,"parent":0,"template":"","tags":[14],"product-type":[5],"class_list":["post-537","product","type-product","status-publish","has-post-thumbnail","hentry","tag-rice","product-type-rice-mill-plant"],"_links":{"self":[{"href":"https:\/\/cnricemill.com\/es\/wp-json\/wp\/v2\/product\/537","targetHints":{"allow":["GET"]}}],"collection":[{"href":"https:\/\/cnricemill.com\/es\/wp-json\/wp\/v2\/product"}],"about":[{"href":"https:\/\/cnricemill.com\/es\/wp-json\/wp\/v2\/types\/product"}],"author":[{"embeddable":true,"href":"https:\/\/cnricemill.com\/es\/wp-json\/wp\/v2\/users\/1"}],"wp:featuredmedia":[{"embeddable":true,"href":"https:\/\/cnricemill.com\/es\/wp-json\/wp\/v2\/media\/538"}],"wp:attachment":[{"href":"https:\/\/cnricemill.com\/es\/wp-json\/wp\/v2\/media?parent=537"}],"wp:term":[{"taxonomy":"post_tag","embeddable":true,"href":"https:\/\/cnricemill.com\/es\/wp-json\/wp\/v2\/tags?post=537"},{"taxonomy":"product-type","embeddable":true,"href":"https:\/\/cnricemill.com\/es\/wp-json\/wp\/v2\/product-type?post=537"}],"curies":[{"name":"wp","href":"https:\/\/api.w.org\/{rel}","templated":true}]}}