{"id":513,"date":"2026-03-24T15:18:44","date_gmt":"2026-03-24T07:18:44","guid":{"rendered":"https:\/\/cnricemill.com\/?post_type=product&#038;p=513"},"modified":"2026-03-30T13:34:50","modified_gmt":"2026-03-30T05:34:50","slug":"25tpd-rice-processing-equipment","status":"publish","type":"product","link":"https:\/\/cnricemill.com\/es\/product\/25tpd-rice-processing-equipment\/","title":{"rendered":"Equipo de procesamiento de arroz de 25TPD | Soluciones completas para molinos de arroz"},"content":{"rendered":"<p>El equipo completo de procesamiento de arroz de 25 TPD es una opci\u00f3n ideal para peque\u00f1as y medianas empresas de procesamiento de arroz. Incluye m\u00faltiples etapas de procesamiento\u2014como molienda, pulido, clasificaci\u00f3n y envasado\u2014permitiendo una manipulaci\u00f3n de arroz totalmente automatizada en plantas de procesamiento de arroz.<\/p>    <h2 class=\"wp-block-heading\">Dos tipos de equipo de procesamiento de arroz de 25 TPD<\/h2>    <h3 class=\"wp-block-heading\"><strong>L\u00ednea de procesamiento de arroz de estructura de acero<\/strong><\/h3>    <p>Facilidad de limpieza y mantenimiento<\/p>    <ul class=\"wp-block-list\"> <li>Mayor eficiencia en la utilizaci\u00f3n del espacio<\/li>    <li>Un flujo de trabajo de producci\u00f3n m\u00e1s organizado<\/li>    <li>Mayor comodidad para inspecci\u00f3n y operaci\u00f3n<\/li>    <li>Este tipo implica instalar el equipo directamente en el suelo, eliminando la necesidad de construir una plataforma de estructura de acero.<\/li> <\/ul>    <h3 class=\"wp-block-heading\"><strong>Instalaci\u00f3n de procesamiento de arroz sin estructura de acero<\/strong><\/h3>    <p>Costo inicial de inversi\u00f3n menor<\/p>    <p class=\"translation-block\"><strong>Ventajas<\/strong>:<\/p>    <ul class=\"wp-block-list\"> <li>Instalaci\u00f3n sencilla<\/li>    <li>Adecuado para usuarios con presupuestos limitados<\/li>    <li>Relativamente inc\u00f3modo para mantenimiento y limpieza<\/li> <\/ul>    <p class=\"translation-block\"><strong>Desventajas<\/strong>:<\/p>    <ul class=\"wp-block-list\"> <li>Ocupa m\u00e1s espacio en el suelo<\/li>    <li>Esta es la soluci\u00f3n b\u00e1sica m\u00e1s com\u00fan y equilibrada, que comprende: un deshuesador de arroz paddy, un descascarador de arroz, dos blanqueadores de arroz, un separador de arroz por gravedad, un clasificador de colores, un pulidor de arroz, un clasificador de arroz blanco y una m\u00e1quina de pesaje y envasado.<\/li> <\/ul>    <h2 class=\"wp-block-heading\"><strong>Soluciones de unidades de molienda de arroz con varias configuraciones<\/strong><\/h2>    <h3 class=\"wp-block-heading\"><strong>M\u00e1quina de molienda de arroz de 25 TPD con estructura de marco de acero<\/strong><\/h3>    <h4 class=\"wp-block-heading\"><strong>Opci\u00f3n 1<\/strong><\/h4>    <p>Opci\u00f3n 1: m\u00e1quina de molienda de arroz de 25TPD<\/p>   <div class=\"wp-block-image\"> <figure class=\"aligncenter size-full\"><img loading=\"lazy\" decoding=\"async\" width=\"720\" height=\"540\" src=\"https:\/\/cnricemill.com\/wp-content\/uploads\/2026\/03\/option-1-25TPD-rice-milling-machine.webp\" alt=\"Opci\u00f3n 2: planta de molino de arroz de 25TPD\" class=\"wp-image-518\" srcset=\"https:\/\/cnricemill.com\/wp-content\/uploads\/2026\/03\/option-1-25TPD-rice-milling-machine.webp 720w, https:\/\/cnricemill.com\/wp-content\/uploads\/2026\/03\/option-1-25TPD-rice-milling-machine-300x225.webp 300w, https:\/\/cnricemill.com\/wp-content\/uploads\/2026\/03\/option-1-25TPD-rice-milling-machine-16x12.webp 16w\" sizes=\"auto, (max-width: 720px) 100vw, 720px\" \/><figcaption class=\"wp-element-caption\">En comparaci\u00f3n con la Opci\u00f3n 1, este equipo de procesamiento de arroz incorpora un dep\u00f3sito intermedio para arroz terminado antes de la etapa de envasado y reposiciona el clasificador de colores para que siga al clasificador de arroz blanco.<\/figcaption><\/figure> <\/div>   <h4 class=\"wp-block-heading\"><strong>Opci\u00f3n 2<\/strong><\/h4>    <p>Los beneficios de este ajuste incluyen la adici\u00f3n de una capacidad de almacenamiento buffer\u2014garantizando un proceso de envasado continuo y secuencial\u2014as\u00ed como una secuencia de clasificaci\u00f3n optimizada que mejora la pureza del arroz terminado. Esta soluci\u00f3n es ideal para instalaciones que buscan un flujo de producci\u00f3n m\u00e1s suave y menos tiempo de inactividad.<\/p>    <p>Opci\u00f3n 2: planta de molino de arroz de 25TPD<\/p>   <div class=\"wp-block-image\"> <figure class=\"aligncenter size-full\"><img loading=\"lazy\" decoding=\"async\" width=\"720\" height=\"540\" src=\"https:\/\/cnricemill.com\/wp-content\/uploads\/2026\/03\/option-2-25TPD-rice-mill-plant.webp\" alt=\"Opci\u00f3n 3: equipo de procesamiento de arroz de 25TPD\" class=\"wp-image-519\" srcset=\"https:\/\/cnricemill.com\/wp-content\/uploads\/2026\/03\/option-2-25TPD-rice-mill-plant.webp 720w, https:\/\/cnricemill.com\/wp-content\/uploads\/2026\/03\/option-2-25TPD-rice-mill-plant-300x225.webp 300w, https:\/\/cnricemill.com\/wp-content\/uploads\/2026\/03\/option-2-25TPD-rice-mill-plant-16x12.webp 16w\" sizes=\"auto, (max-width: 720px) 100vw, 720px\" \/><figcaption class=\"wp-element-caption\">En comparaci\u00f3n con el Esquema de Configuraci\u00f3n 1, esta configuraci\u00f3n incorpora una m\u00e1quina adicional de molienda de arroz y reposiciona el clasificador de colores para que preceda al clasificador de arroz blanco.<\/figcaption><\/figure> <\/div>   <h4 class=\"wp-block-heading\"><strong>Opci\u00f3n 3<\/strong><\/h4>    <p>Esta modificaci\u00f3n resulta en un mayor blanqueo en el arroz terminado, mejor apariencia del grano y mayor control sobre el arroz roto.<\/p>    <p>Al realizar la clasificaci\u00f3n por color en una etapa anterior\u2014espec\u00edficamente antes de la clasificaci\u00f3n\u2014los granos defectuosos pueden ser eliminados eficazmente antes de que comience el proceso de clasificaci\u00f3n. Esta configuraci\u00f3n es ideal para operaciones de procesamiento de arroz de alta gama y mercado de exportaci\u00f3n.<\/p>    <p>Opci\u00f3n 3: equipo de procesamiento de arroz de 25TPD<\/p>   <div class=\"wp-block-image\"> <figure class=\"aligncenter size-full\"><img loading=\"lazy\" decoding=\"async\" width=\"720\" height=\"540\" src=\"https:\/\/cnricemill.com\/wp-content\/uploads\/2026\/03\/option-3-25TPD-rice-processing-equipment.webp\" alt=\"Opci\u00f3n 1: planta completa de molienda de arroz\" class=\"wp-image-520\" srcset=\"https:\/\/cnricemill.com\/wp-content\/uploads\/2026\/03\/option-3-25TPD-rice-processing-equipment.webp 720w, https:\/\/cnricemill.com\/wp-content\/uploads\/2026\/03\/option-3-25TPD-rice-processing-equipment-300x225.webp 300w, https:\/\/cnricemill.com\/wp-content\/uploads\/2026\/03\/option-3-25TPD-rice-processing-equipment-16x12.webp 16w\" sizes=\"auto, (max-width: 720px) 100vw, 720px\" \/><figcaption class=\"wp-element-caption\">Esta configuraci\u00f3n de equipo de procesamiento de arroz representa un dise\u00f1o estructural de marco de acero de \u00faltima generaci\u00f3n:<\/figcaption><\/figure> <\/div>   <h4 class=\"wp-block-heading\"><strong>Opci\u00f3n 4<\/strong><\/h4>    <p>Incluye la adici\u00f3n de una tolva de almacenamiento de arroz crudo.<\/p>    <ul class=\"wp-block-list\"> <li>Est\u00e1 equipado con tres m\u00e1quinas de molienda de arroz.<\/li>    <li>Incluye dos m\u00e1quinas de clasificaci\u00f3n de arroz blanco.<\/li>    <li>Se ha instalado una tolva de enfriamiento entre el pulidor de arroz y la primera m\u00e1quina de clasificaci\u00f3n.<\/li>    <li>Se ha a\u00f1adido una tolva de almacenamiento de arroz terminado antes de la etapa de envasado.<\/li>    <li>El sistema de clasificaci\u00f3n en varias etapas mejora la precisi\u00f3n de la clasificaci\u00f3n de arroz, mientras que el sistema de enfriamiento dentro de la tolva de enfriamiento mejora la calidad del arroz y minimiza la tasa de arroz roto.<\/li> <\/ul>    <p>Adem\u00e1s, su sistema de almacenamiento integral proporciona un soporte s\u00f3lido para operaciones de producci\u00f3n continua a gran escala. Al garantizar que la calidad del arroz y la consistencia de los lotes alcancen niveles \u00f3ptimos, esta configuraci\u00f3n es la opci\u00f3n ideal tanto para operaciones industriales como comerciales a gran escala. <\/p>    <p>Video de funcionamiento de la planta de molienda de arroz de 25TPD<\/p>    <figure class=\"wp-block-embed aligncenter is-type-video is-provider-youtube wp-block-embed-youtube wp-embed-aspect-16-9 wp-has-aspect-ratio\"><div class=\"wp-block-embed__wrapper\"> <iframe loading=\"lazy\" title=\"Equipo de procesamiento de arroz\" width=\"500\" height=\"281\" src=\"https:\/\/www.youtube.com\/embed\/zvNIWBwPGDY?feature=oembed\" frameborder=\"0\" allow=\"accelerometer; autoplay; clipboard-write; encrypted-media; gyroscope; picture-in-picture; web-share\" referrerpolicy=\"strict-origin-when-cross-origin\" allowfullscreen><\/iframe> <\/div><figcaption class=\"wp-element-caption\">Esta soluci\u00f3n abarca una l\u00ednea de procesamiento y producci\u00f3n completa que cubre todo el flujo de trabajo de producci\u00f3n de arroz est\u00e1ndar, incluyendo: un deshuesador, un descascarador, un separador de arroz paddy, dos blanqueadores de arroz, un pulidor, un clasificador, un clasificador de colores y una m\u00e1quina de envasado.<\/figcaption><\/figure>    <h3 class=\"wp-block-heading\"><strong>M\u00e1quina de molienda de arroz de 25 TPD sin estructura de marco de acero<\/strong><\/h3>    <h4 class=\"wp-block-heading\"><strong>Opci\u00f3n 1<\/strong><\/h4>    <p>Opci\u00f3n 1: planta completa de molienda de arroz<\/p>   <div class=\"wp-block-image\"> <figure class=\"aligncenter size-full\"><img loading=\"lazy\" decoding=\"async\" width=\"720\" height=\"540\" src=\"https:\/\/cnricemill.com\/wp-content\/uploads\/2026\/03\/option-1-complete-rice-milling-plant.webp\" alt=\"Opci\u00f3n 3: m\u00e1quina autom\u00e1tica de molienda de arroz\" class=\"wp-image-522\" srcset=\"https:\/\/cnricemill.com\/wp-content\/uploads\/2026\/03\/option-1-complete-rice-milling-plant.webp 720w, https:\/\/cnricemill.com\/wp-content\/uploads\/2026\/03\/option-1-complete-rice-milling-plant-300x225.webp 300w, https:\/\/cnricemill.com\/wp-content\/uploads\/2026\/03\/option-1-complete-rice-milling-plant-16x12.webp 16w\" sizes=\"auto, (max-width: 720px) 100vw, 720px\" \/><figcaption class=\"wp-element-caption\">En comparaci\u00f3n con el Esquema de Configuraci\u00f3n 1, este esquema incorpora una tolva de almacenamiento intermedio para arroz terminado antes de la etapa de envasado, mejorando as\u00ed la continuidad de la producci\u00f3n.<\/figcaption><\/figure> <\/div>   <h4 class=\"wp-block-heading\"><strong>Opci\u00f3n 2<\/strong><\/h4>    <p>Adem\u00e1s, se ha a\u00f1adido un clasificador de colores aguas arriba del clasificador de arroz blanco para facilitar una eliminaci\u00f3n m\u00e1s eficiente de impurezas durante las primeras etapas del flujo de trabajo del procesamiento. <\/p>    <p>Opci\u00f3n 2: m\u00e1quina de molienda de arroz comercial<\/p>   <div class=\"wp-block-image\"> <figure class=\"aligncenter size-full\"><img loading=\"lazy\" decoding=\"async\" width=\"720\" height=\"540\" src=\"https:\/\/cnricemill.com\/wp-content\/uploads\/2026\/03\/option-2-commercial-rice-milling-machine.webp\" alt=\"Opci\u00f3n 4: planta moderna de molino de arroz\" class=\"wp-image-524\" srcset=\"https:\/\/cnricemill.com\/wp-content\/uploads\/2026\/03\/option-2-commercial-rice-milling-machine.webp 720w, https:\/\/cnricemill.com\/wp-content\/uploads\/2026\/03\/option-2-commercial-rice-milling-machine-300x225.webp 300w, https:\/\/cnricemill.com\/wp-content\/uploads\/2026\/03\/option-2-commercial-rice-milling-machine-16x12.webp 16w\" sizes=\"auto, (max-width: 720px) 100vw, 720px\" \/><figcaption class=\"wp-element-caption\">Este esquema elimina las m\u00e1quinas de pulido, clasificaci\u00f3n y envasado, conservando solo el equipo de procesamiento principal.<\/figcaption><\/figure> <\/div>   <h4 class=\"wp-block-heading\"><strong>Opci\u00f3n 3<\/strong><\/h4>    <p>Representa la opci\u00f3n de inversi\u00f3n de menor costo entre todos los esquemas disponibles, siendo adecuada para peque\u00f1os agricultores o para molienda de arroz para consumo local, con arroz de menor calidad y valor de mercado.<\/p>    <p>Opci\u00f3n 3: m\u00e1quina autom\u00e1tica de molienda de arroz<\/p>   <div class=\"wp-block-image\"> <figure class=\"aligncenter size-full\"><img loading=\"lazy\" decoding=\"async\" width=\"720\" height=\"540\" src=\"https:\/\/cnricemill.com\/wp-content\/uploads\/2026\/03\/option-3-automatic-rice-milling-machine.webp\" alt=\"Opci\u00f3n 2: m\u00e1quina de molienda de arroz comercial\" class=\"wp-image-523\" srcset=\"https:\/\/cnricemill.com\/wp-content\/uploads\/2026\/03\/option-3-automatic-rice-milling-machine.webp 720w, https:\/\/cnricemill.com\/wp-content\/uploads\/2026\/03\/option-3-automatic-rice-milling-machine-300x225.webp 300w, https:\/\/cnricemill.com\/wp-content\/uploads\/2026\/03\/option-3-automatic-rice-milling-machine-16x12.webp 16w\" sizes=\"auto, (max-width: 720px) 100vw, 720px\" \/><figcaption class=\"wp-element-caption\">En comparaci\u00f3n con la configuraci\u00f3n b\u00e1sica del Equipo de procesamiento de arroz de la Soluci\u00f3n 1, esta opci\u00f3n elimina la m\u00e1quina de pulido, pero mantiene el clasificador de colores y la m\u00e1quina de envasado.<\/figcaption><\/figure> <\/div>   <h4 class=\"wp-block-heading\"><strong>Opci\u00f3n 4<\/strong><\/h4>    <p>Al reducir los costos del equipo sin comprometer la calidad de clasificaci\u00f3n, es adecuado para el mercado de gama media, donde los requisitos est\u00e9ticos son relativamente menos estrictos. <\/p>    <p>Opci\u00f3n 4: planta moderna de molino de arroz<\/p>   <div class=\"wp-block-image\"> <figure class=\"aligncenter size-full\"><img loading=\"lazy\" decoding=\"async\" width=\"720\" height=\"540\" src=\"https:\/\/cnricemill.com\/wp-content\/uploads\/2026\/03\/option-4-modern-rice-mill-plant.webp\" alt=\"Opci\u00f3n 5: planta de molino de arroz totalmente autom\u00e1tica\" class=\"wp-image-525\" srcset=\"https:\/\/cnricemill.com\/wp-content\/uploads\/2026\/03\/option-4-modern-rice-mill-plant.webp 720w, https:\/\/cnricemill.com\/wp-content\/uploads\/2026\/03\/option-4-modern-rice-mill-plant-300x225.webp 300w, https:\/\/cnricemill.com\/wp-content\/uploads\/2026\/03\/option-4-modern-rice-mill-plant-16x12.webp 16w\" sizes=\"auto, (max-width: 720px) 100vw, 720px\" \/><figcaption class=\"wp-element-caption\">Esta configuraci\u00f3n mejora el sistema de molienda para incorporar tres blanqueadores de arroz, logrando mayor eficiencia de blanqueo y mayor producci\u00f3n.<\/figcaption><\/figure> <\/div>   <h4 class=\"wp-block-heading\"><strong>Preguntas frecuentes sobre equipo de procesamiento de arroz<\/strong><\/h4>    <p>Sin embargo, debido a la ausencia de una etapa de clasificaci\u00f3n por color, la calidad visual del arroz es relativamente menor, por lo que es m\u00e1s adecuado para operaciones de procesamiento de arroz a gran escala y mercados sensibles al precio. <\/p>    <p>Opci\u00f3n 5: planta de molino de arroz totalmente autom\u00e1tica<\/p>   <div class=\"wp-block-image\"> <figure class=\"aligncenter size-full\"><img loading=\"lazy\" decoding=\"async\" width=\"720\" height=\"540\" src=\"https:\/\/cnricemill.com\/wp-content\/uploads\/2026\/03\/option-5-fully-automatic-rice-mill-plant.webp\" alt=\"opci\u00f3n 5 planta de molino de arroz totalmente autom\u00e1tica\" class=\"wp-image-526\" srcset=\"https:\/\/cnricemill.com\/wp-content\/uploads\/2026\/03\/option-5-fully-automatic-rice-mill-plant.webp 720w, https:\/\/cnricemill.com\/wp-content\/uploads\/2026\/03\/option-5-fully-automatic-rice-mill-plant-300x225.webp 300w, https:\/\/cnricemill.com\/wp-content\/uploads\/2026\/03\/option-5-fully-automatic-rice-mill-plant-16x12.webp 16w\" sizes=\"auto, (max-width: 720px) 100vw, 720px\" \/><figcaption class=\"wp-element-caption\">Un pulidor de arroz mejora el brillo y la limpieza de la apariencia del arroz, aumentando as\u00ed su valor en el mercado y haci\u00e9ndolo m\u00e1s atractivo para los consumidores.<\/figcaption><\/figure> <\/div>   <h2 class=\"wp-block-heading\"><strong>\u00bfC\u00f3mo elegir el equipo de procesamiento de arroz adecuado?<\/strong><\/h2>   <div id=\"rank-math-faq\" class=\"rank-math-block\"> <div class=\"rank-math-list\"> <div id=\"faq-question-1774232902550\" class=\"rank-math-list-item\"> <h3 class=\"rank-math-question\">\u00bfQu\u00e9 es el equipo de molienda de arroz de 25TPD?<\/h3> <div class=\"rank-math-answer\">  <p>El equipo de molienda de arroz de 25TPD se refiere a un conjunto completo de maquinaria de molienda de arroz con una capacidad diaria de procesamiento de 25 toneladas de arroz paddy. Este equipo comprende varias m\u00e1quinas que cubren etapas como limpieza, descascarado, molienda, pulido, clasificaci\u00f3n y envasado.<\/p>  <\/div> <\/div> <div id=\"faq-question-1774233854539\" class=\"rank-math-list-item\"> <h3 class=\"rank-math-question\">\u00bfCu\u00e1l es la diferencia entre un molino de arroz de estructura de acero y uno sin estructura de acero?<\/h3> <div class=\"rank-math-answer\">  <p>Una estructura de acero es m\u00e1s f\u00e1cil de limpiar, presenta una distribuci\u00f3n m\u00e1s racional y ofrece mayor eficiencia operativa. Por otro lado, una estructura sin acero tiene costos m\u00e1s bajos y un proceso de instalaci\u00f3n m\u00e1s sencillo. Para usuarios que requieren producci\u00f3n industrial a largo plazo, se recomienda un sistema de procesamiento de arroz de estructura de acero.<\/p>  <\/div> <\/div> <div id=\"faq-question-1774234195653\" class=\"rank-math-list-item\"> <h3 class=\"rank-math-question\">\u00bfEs un clasificador de colores un componente obligatorio del equipo de procesamiento de arroz?<\/h3> <div class=\"rank-math-answer\">  <p>Un clasificador de colores no es un requisito obligatorio, pero su inclusi\u00f3n se recomienda encarecidamente. Elimina granos defectuosos del arroz, mejorando significativamente la calidad general del arroz, un factor crucial para ingresar en mercados de alta gama.<\/p>  <\/div> <\/div> <div id=\"faq-question-1774234228009\" class=\"rank-math-list-item\"> <h3 class=\"rank-math-question\">\u00bfCu\u00e1les son los beneficios de a\u00f1adir un pulidor de arroz?<\/h3> <div class=\"rank-math-answer\">  <p>A rice polisher improves the luster and cleanliness of the rice&#8217;s appearance, thereby increasing its market value and making it more appealing to consumers.<\/p>  <\/div> <\/div> <div id=\"faq-question-1774234255903\" class=\"rank-math-list-item\"> <h3 class=\"rank-math-question\">\u00bfPuedo personalizar el equipo de molienda de arroz de 25TPD?<\/h3> <div class=\"rank-math-answer\">  <p>S\u00ed, puedes. La mayor\u00eda de los fabricantes ofrecen servicios de personalizaci\u00f3n adaptados a tus necesidades espec\u00edficas, incluyendo adiciones como tolvas de almacenamiento de grano, mejoras en sistemas de envasado automatizado y m\u00e1s.<\/p>  <\/div> <\/div> <\/div> <\/div>   <h2 class=\"wp-block-heading\"><strong>\u00a1Elige Taizy para apoyar tus necesidades de equipo de molino de arroz!<\/strong><\/h2>    <ol class=\"wp-block-list\"> <li><strong>: Tu presupuesto determinar\u00e1 directamente la arquitectura general y el nivel de automatizaci\u00f3n de tu planta de molienda de arroz.<\/strong>Eficiencia en mantenimiento y operaci\u00f3n<\/li>    <li><strong>: Al seleccionar equipo de procesamiento de arroz, los requisitos de mantenimiento son a menudo uno de los factores cr\u00edticos m\u00e1s subestimados; sirven como el determinante decisivo de los costos de inversi\u00f3n a largo plazo del equipo.<\/strong>: When selecting rice processing equipment, maintenance requirements are often one of the most easily underestimated critical factors; they serve as the decisive determinant of the equipment&#8217;s long-term investment costs.<\/li>    <li><strong>: Tus objetivos de producci\u00f3n proyectados dictar\u00e1n el nivel de configuraci\u00f3n y sofisticaci\u00f3n del equipo requerido.<\/strong>Nivel de automatizaci\u00f3n y costos laborales<\/li>    <li><strong>: El equipo con un bajo nivel de automatizaci\u00f3n generalmente implica costos iniciales de adquisici\u00f3n m\u00e1s bajos, pero tiene una dependencia mayor del trabajo manual, resultando en una eficiencia significativamente menor en comparaci\u00f3n con sistemas de producci\u00f3n totalmente automatizados.<\/strong>Si buscas mayor eficiencia, facilidad de mantenimiento y mejor calidad del producto, se recomienda altamente la configuraci\u00f3n completa de estructura de acero.<\/li> <\/ol>    <h2 class=\"wp-block-heading\"><strong>El tipo de estructura de acero utiliza un dise\u00f1o de marco de plataforma, permitiendo instalar el equipo en posici\u00f3n vertical. Ofrece las siguientes ventajas:<\/strong><\/h2>    <p class=\"translation-block\">Una planta de molienda de arroz de 25TPD es una inversi\u00f3n rentable y escalable para negocios de procesamiento de arroz. Ya sea que elijas un sistema de estructura de acero o sin estructura de acero, seleccionar la configuraci\u00f3n adecuada de <strong>equipo de procesamiento de arroz<\/strong> es crucial para el \u00e9xito a largo plazo.<\/p>    <p>Otras soluciones de molienda de arroz con diferentes capacidades diarias:<\/p>    <p>Planta autom\u00e1tica de molino de arroz de 40TPD<\/p>    <ul class=\"wp-block-list\"> <li><a href=\"https:\/\/cnricemill.com\/es\/product\/15tpd-complete-rice-mill-plant\/\">Planta de m\u00e1quina de descascarado de arroz a peque\u00f1a escala de 15TPD<\/a><\/li>    <li><a href=\"https:\/\/cnricemill.com\/es\/product\/40tpd-automatic-rice-mill-plant\/\">Procesamiento industrial de arroz | Proceso de trabajo de la planta de molienda de arroz de 25TPD Contacto:  8617703863868<\/a><\/li>    <li><a href=\"https:\/\/cnricemill.com\/es\/product\/60td-rice-mill-plant\/\">Planta de molino de arroz 60T\/D<\/a><\/li> <\/ul>","protected":false},"excerpt":{"rendered":"<p>Complete 25TPD rice processing equipment solutions with steel and non-steel configurations. Compare machine setups, improve rice quality, and choose the best rice milling plant for your business.<\/p>","protected":false},"author":1,"featured_media":517,"parent":0,"template":"","tags":[14],"product-type":[5],"class_list":["post-513","product","type-product","status-publish","has-post-thumbnail","hentry","tag-rice","product-type-rice-mill-plant"],"_links":{"self":[{"href":"https:\/\/cnricemill.com\/es\/wp-json\/wp\/v2\/product\/513","targetHints":{"allow":["GET"]}}],"collection":[{"href":"https:\/\/cnricemill.com\/es\/wp-json\/wp\/v2\/product"}],"about":[{"href":"https:\/\/cnricemill.com\/es\/wp-json\/wp\/v2\/types\/product"}],"author":[{"embeddable":true,"href":"https:\/\/cnricemill.com\/es\/wp-json\/wp\/v2\/users\/1"}],"wp:featuredmedia":[{"embeddable":true,"href":"https:\/\/cnricemill.com\/es\/wp-json\/wp\/v2\/media\/517"}],"wp:attachment":[{"href":"https:\/\/cnricemill.com\/es\/wp-json\/wp\/v2\/media?parent=513"}],"wp:term":[{"taxonomy":"post_tag","embeddable":true,"href":"https:\/\/cnricemill.com\/es\/wp-json\/wp\/v2\/tags?post=513"},{"taxonomy":"product-type","embeddable":true,"href":"https:\/\/cnricemill.com\/es\/wp-json\/wp\/v2\/product-type?post=513"}],"curies":[{"name":"wp","href":"https:\/\/api.w.org\/{rel}","templated":true}]}}