{"id":41,"date":"2022-08-11T10:09:00","date_gmt":"2022-08-11T02:09:00","guid":{"rendered":"https:\/\/cnricemill.com\/?post_type=product&#038;p=41"},"modified":"2024-12-23T11:34:30","modified_gmt":"2024-12-23T03:34:30","slug":"60td-rice-mill-plant","status":"publish","type":"product","link":"https:\/\/cnricemill.com\/es\/product\/60td-rice-mill-plant\/","title":{"rendered":"Planta de molino de arroz 60T\/D"},"content":{"rendered":"<p class=\"translation-block\"><strong>Planta de molino de arroz 60T\/D<\/strong> es una l\u00ednea de procesamiento de arroz completamente autom\u00e1tica, que incluye todo el proceso desde la limpieza del arroz, eliminaci\u00f3n de piedras, descascarado del arroz, separaci\u00f3n del arroz, molienda del arroz, pulido del arroz, clasificaci\u00f3n del color del arroz, clasificaci\u00f3n del arroz y empaque del arroz. Ya no necesitas ninguna otra m\u00e1quina y puedes realizar todo el procesamiento desde el arroz en c\u00e1scara hasta el incre\u00edble arroz blanco final. Este tipo de planta de molino de arroz es uno de nuestros productos m\u00e1s vendidos. Adem\u00e1s, hay disponibles plantas de molino de arroz de 40 toneladas\/d\u00eda, 50 toneladas\/d\u00eda y 100 toneladas\/d\u00eda de la f\u00e1brica de TAIZY. Adem\u00e1s, tambi\u00e9n ofrecemos m\u00e1quinas de molino de arroz peque\u00f1as a la venta. Si buscas una planta de molino de arroz confiable para comenzar tu negocio, bienvenido a contactarnos para m\u00e1s informaci\u00f3n. \u00a0\u00a0<\/p>    <h2 class=\"wp-block-heading\">Caracter\u00edsticas de la planta de molino de arroz Taizy de 60 toneladas por d\u00eda<\/h2>    <ol class=\"wp-block-list\" type=\"1\"><li>Con un tamiz de limpieza y un deshuesador separados, el efecto de deshuesado es excelente.<\/li><li>Estructura razonable. La m\u00e1quina procesadora de arroz integral puede parecer complicada, pero cada pieza est\u00e1 dise\u00f1ada despu\u00e9s de a\u00f1os de investigaci\u00f3n y estudio para permitir que la m\u00e1quina funcione de manera estable.<\/li><li>Toda la planta de molienda de arroz est\u00e1 equipada con un clasificador por color con compresor de aire y tanque de almacenamiento para eliminar eficazmente el arroz de mala calidad.<\/li><li>Las m\u00e1quinas individuales de la planta de molienda de arroz de 60 toneladas diarias est\u00e1n alineadas en una fila ordenada y hermosa.<\/li><li>Ahorro de energ\u00eda, protecci\u00f3n del medio ambiente, funcionamiento sencillo, f\u00e1cil mantenimiento y durabilidad.<\/li><li>La parte de molienda de arroz de este equipo adopta tecnolog\u00eda avanzada de molienda de arroz, con baja temperatura del arroz, menos salvado y una baja tasa de trituraci\u00f3n.<\/li><\/ol>    <div class=\"wp-block-columns is-layout-flex wp-container-core-columns-is-layout-9d6595d7 wp-block-columns-is-layout-flex\"> <div class=\"wp-block-column is-layout-flow wp-block-column-is-layout-flow\"> <figure class=\"wp-block-image size-full\"><img loading=\"lazy\" decoding=\"async\" width=\"720\" height=\"540\" src=\"https:\/\/cnricemill.com\/wp-content\/uploads\/2022\/08\/front-view-of-60td-rice-mill-plant.jpg\" alt=\"Vista frontal de la planta de molino de arroz de 60td.\" class=\"wp-image-78\"\/><figcaption>Vista frontal de la planta de molino de arroz de 60td.<\/figcaption><\/figure> <\/div>    <div class=\"wp-block-column is-layout-flow wp-block-column-is-layout-flow\"> <figure class=\"wp-block-image size-full\"><img loading=\"lazy\" decoding=\"async\" width=\"720\" height=\"540\" src=\"https:\/\/cnricemill.com\/wp-content\/uploads\/2022\/08\/side-view-of-60td-rice-mill-plant-1.jpg\" alt=\"Vista lateral de la planta de molino de arroz de 60td.\" class=\"wp-image-81\"\/><figcaption>Vista lateral de la planta de molino de arroz de 60td.<\/figcaption><\/figure> <\/div> <\/div>    <h2 class=\"wp-block-heading\">Datos t\u00e9cnicos de la planta de molino de arroz de 60t\/d a la venta<\/h2>    <figure class=\"wp-block-table\"><table><tbody><tr><td>M\u00e1quina<\/td><td>Capacidad(t\/h)<\/td><td>Velocidad de rotaci\u00f3n (r\/min)<\/td><td>Potencia (kW)<\/td><td>Volumen de succi\u00f3n (m\u00b3\/h)<\/td><\/tr><tr><td>Limpiador combinado<\/td><td>6-7<\/td><td>920<\/td><td>2*0.37<\/td><td>4800<\/td><\/tr><tr><td>Quitapiedras<\/td><td>6-7<\/td><td>185+_15<\/td><td>0.75<\/td><td>3800-4200<\/td><\/tr><tr><td>desgranador<\/td><td>4.2-5<\/td><td>R\u00e1pido(1228-1673)Lento(1108-1362)<\/td><td>7.5<\/td><td>3200-3800<\/td><\/tr><tr><td>Separador de arroz por gravedad<\/td><td>3.4-4<\/td><td>255+_15<\/td><td>1.5<\/td><td>&nbsp;<\/td><\/tr><tr><td>Molino de arroz<\/td><td>2-3<\/td><td>1290<\/td><td>22-30<\/td><td>3500-3800<\/td><\/tr><tr><td>clasificadora de arroz<\/td><td>2.5-3.5<\/td><td>150+_15<\/td><td>1.1<\/td><td>&nbsp;<\/td><\/tr><tr><td>Ascensor<\/td><td>2.4-3.5<\/td><td>189<\/td><td>1.1<\/td><td>300<\/td><\/tr><\/tbody><\/table><\/figure>    <h2 class=\"wp-block-heading\">Diagrama de flujo de la planta autom\u00e1tica de molino de arroz de 60t\/d<\/h2>    <p>La planta de molino de arroz de 60t\/d tiene la funci\u00f3n de procesar de forma totalmente autom\u00e1tica el arroz con c\u00e1scara en arroz blanco. El proceso completo de trabajo del mismo es el siguiente:<\/p>    <p class=\"translation-block\"><strong>Limpieza del arroz \u2192 eliminaci\u00f3n de piedras \u2192 descascarado del arroz \u2192 separaci\u00f3n del arroz \u2192 blanqueo del arroz \u2192 clasificaci\u00f3n del arroz \u2192 pulido con agua \u2192 clasificaci\u00f3n de color \u2192 empaque del arroz.<\/strong><\/p>    <div class=\"wp-block-columns is-layout-flex wp-container-core-columns-is-layout-9d6595d7 wp-block-columns-is-layout-flex\"> <div class=\"wp-block-column is-layout-flow wp-block-column-is-layout-flow\"> <figure class=\"wp-block-image size-full\"><img loading=\"lazy\" decoding=\"async\" width=\"720\" height=\"540\" src=\"https:\/\/cnricemill.com\/wp-content\/uploads\/2022\/08\/60td-rice-milling-line.jpg\" alt=\"L\u00ednea de molienda de arroz 60td\" class=\"wp-image-83\"\/><figcaption>L\u00ednea de molienda de arroz 60td<\/figcaption><\/figure> <\/div>    <div class=\"wp-block-column is-layout-flow wp-block-column-is-layout-flow\"> <figure class=\"wp-block-image size-full\"><img loading=\"lazy\" decoding=\"async\" width=\"720\" height=\"540\" src=\"https:\/\/cnricemill.com\/wp-content\/uploads\/2022\/08\/rice-mill-plant-working-process.jpg\" alt=\"proceso de trabajo de la planta de molino de arroz\" class=\"wp-image-84\"\/><figcaption>proceso de trabajo de la planta de molino de arroz<\/figcaption><\/figure> <\/div> <\/div>    <h2 class=\"wp-block-heading\">Detalles de la estructura de esta planta combinada de molino de arroz.<\/h2>    <p class=\"translation-block\">1. <strong>Limpieza de arroz y eliminador de piedras:<\/strong> otros desechos ligeros como polvo, restos, grumos y piedras deben eliminarse tanto como sea posible para lograr un mejor efecto de barrido.<\/p>    <p class=\"translation-block\">2. <strong>M\u00e1quina de descascarado de arroz:<\/strong> eliminaci\u00f3n de la c\u00e1scara del arroz del grano de arroz.<\/p>    <p class=\"translation-block\">3. <strong>Separador de arroz:<\/strong> principalmente para la separaci\u00f3n del arroz integral del arroz en c\u00e1scara, utilizando la diferencia en la gravedad espec\u00edfica y el coeficiente de fricci\u00f3n entre las tres partes de arroz, arroz integral y la mezcla de los dos.<\/p>    <p class=\"translation-block\">4. <strong>M\u00e1quina de pulido de arroz:<\/strong> la m\u00e1quina de pulido de arroz est\u00e1 especialmente desarrollada para el pulido de arroz, que es la tecnolog\u00eda avanzada actual de la m\u00e1quina de pulido y blanqueo de arroz en el mundo, resultando en una temperatura m\u00e1s baja del arroz, menor contenido de salvado y un bajo incremento de trituraci\u00f3n.<\/p>    <p class=\"translation-block\">5. <strong>M\u00e1quina de blanqueo de arroz:<\/strong> blanqueo de la superficie del arroz mediante la pulverizaci\u00f3n de agua, lo que favorece la formaci\u00f3n de una capa de gel suave y prolonga el tiempo de conservaci\u00f3n. alargar la c\u00e1mara de pulido para producir arroz de alta calidad.<\/p>    <p class=\"translation-block\">6. <strong>M\u00e1quina de clasificaci\u00f3n de arroz:<\/strong> la m\u00e1quina de clasificaci\u00f3n de arroz puede tamizar arroz fino en arroz entero, grande triturado, medio triturado y peque\u00f1o triturado de manera eficiente y precisa.<\/p>    <p class=\"translation-block\">7. <strong>Clasificador de color de arroz:<\/strong> El clasificador de color de arroz se utiliza para clasificar arroz de mala calidad, lechoso, harinoso, en c\u00e1scara y materia extra\u00f1a. Prueba la se\u00f1al CCD al desvanecerse. Si se encuentran arroz no calificado o impurezas en el material, el expulsor soplar\u00e1 los productos inferiores en el embudo.<\/p>    <p class=\"translation-block\">8. <strong>M\u00e1quina de empaque de arroz:<\/strong> Esta m\u00e1quina autom\u00e1tica de pesaje y empaque cuantitativo consta de una caja de material, balanza de empaque, m\u00e1quina de coser y cinta transportadora. Puede usarse con todos los modelos de l\u00edneas de producci\u00f3n de m\u00e1quinas de molino de arroz, y la capacidad de los sacos de empaque se puede elegir de 1 a 50 kg por bolsa seg\u00fan tus necesidades. &nbsp;<\/p>    <div class=\"wp-block-columns is-layout-flex wp-container-core-columns-is-layout-9d6595d7 wp-block-columns-is-layout-flex\"> <div class=\"wp-block-column is-layout-flow wp-block-column-is-layout-flow\"> <figure class=\"wp-block-gallery has-nested-images columns-default is-cropped wp-block-gallery-2 is-layout-flex wp-block-gallery-is-layout-flex\"> <figure class=\"wp-block-image size-full\"><img loading=\"lazy\" decoding=\"async\" width=\"720\" height=\"540\" data-id=\"86\" src=\"https:\/\/cnricemill.com\/wp-content\/uploads\/2022\/08\/structure-details-of-combined-rice-mill-plant.jpg\" alt=\"Detalles de la estructura de la planta de molino de arroz combinado.\" class=\"wp-image-86\"\/><figcaption>Detalles de la estructura de la planta de molino de arroz combinado.<\/figcaption><\/figure> <\/figure> <\/div>    <div class=\"wp-block-column is-layout-flow wp-block-column-is-layout-flow\"> <figure class=\"wp-block-gallery has-nested-images columns-default is-cropped wp-block-gallery-3 is-layout-flex wp-block-gallery-is-layout-flex\"> <figure class=\"wp-block-image size-full\"><img loading=\"lazy\" decoding=\"async\" width=\"720\" height=\"540\" data-id=\"87\" src=\"https:\/\/cnricemill.com\/wp-content\/uploads\/2022\/08\/rice-milling-plant-factory.jpg\" alt=\"f\u00e1brica de plantas de molienda de arroz\" class=\"wp-image-87\"\/><figcaption>f\u00e1brica de plantas de molienda de arroz<\/figcaption><\/figure> <\/figure> <\/div> <\/div>    <div class=\"wp-block-columns is-layout-flex wp-container-core-columns-is-layout-9d6595d7 wp-block-columns-is-layout-flex\"> <div class=\"wp-block-column is-layout-flow wp-block-column-is-layout-flow\"> <figure class=\"wp-block-gallery has-nested-images columns-default is-cropped wp-block-gallery-4 is-layout-flex wp-block-gallery-is-layout-flex\"> <figure class=\"wp-block-image size-full\"><img loading=\"lazy\" decoding=\"async\" width=\"720\" height=\"540\" data-id=\"89\" src=\"https:\/\/cnricemill.com\/wp-content\/uploads\/2022\/08\/rice-mill-plant-ready-to-ship.jpg\" alt=\"Planta de molino de arroz lista para enviar.\" class=\"wp-image-89\"\/><figcaption>Planta de molino de arroz lista para enviar.<\/figcaption><\/figure> <\/figure> <\/div>    <div class=\"wp-block-column is-layout-flow wp-block-column-is-layout-flow\"> <figure class=\"wp-block-gallery has-nested-images columns-default is-cropped wp-block-gallery-5 is-layout-flex wp-block-gallery-is-layout-flex\"> <figure class=\"wp-block-image size-full\"><img loading=\"lazy\" decoding=\"async\" width=\"720\" height=\"540\" data-id=\"90\" src=\"https:\/\/cnricemill.com\/wp-content\/uploads\/2022\/08\/rice-mill-plant-delivery.jpg\" alt=\"entrega de planta de molino de arroz\" class=\"wp-image-90\"\/><figcaption>entrega de planta de molino de arroz<\/figcaption><\/figure> <\/figure> <\/div> <\/div>","protected":false},"excerpt":{"rendered":"<p>60T\/D rice mill plant is a fully automatic rice processing line, including the whole process from paddy cleaning, de-stoning, paddy husking, rice separation, rice milling, rice polishing, rice color sorting, rice grading, and Rice packing. You no longer need any other machines and you can realize the whole processing from paddy to the final amazing [&hellip;]<\/p>\n","protected":false},"author":1,"featured_media":75,"parent":0,"template":"","tags":[12,15],"product-type":[5],"class_list":["post-41","product","type-product","status-publish","has-post-thumbnail","hentry","tag-rice-mill-plant","tag-rice-milling","product-type-rice-mill-plant"],"_links":{"self":[{"href":"https:\/\/cnricemill.com\/es\/wp-json\/wp\/v2\/product\/41","targetHints":{"allow":["GET"]}}],"collection":[{"href":"https:\/\/cnricemill.com\/es\/wp-json\/wp\/v2\/product"}],"about":[{"href":"https:\/\/cnricemill.com\/es\/wp-json\/wp\/v2\/types\/product"}],"author":[{"embeddable":true,"href":"https:\/\/cnricemill.com\/es\/wp-json\/wp\/v2\/users\/1"}],"wp:featuredmedia":[{"embeddable":true,"href":"https:\/\/cnricemill.com\/es\/wp-json\/wp\/v2\/media\/75"}],"wp:attachment":[{"href":"https:\/\/cnricemill.com\/es\/wp-json\/wp\/v2\/media?parent=41"}],"wp:term":[{"taxonomy":"post_tag","embeddable":true,"href":"https:\/\/cnricemill.com\/es\/wp-json\/wp\/v2\/tags?post=41"},{"taxonomy":"product-type","embeddable":true,"href":"https:\/\/cnricemill.com\/es\/wp-json\/wp\/v2\/product-type?post=41"}],"curies":[{"name":"wp","href":"https:\/\/api.w.org\/{rel}","templated":true}]}}