{"id":40,"date":"2022-08-11T10:04:26","date_gmt":"2022-08-11T02:04:26","guid":{"rendered":"https:\/\/cnricemill.com\/?post_type=product&#038;p=40"},"modified":"2024-12-23T11:38:45","modified_gmt":"2024-12-23T03:38:45","slug":"paddy-separator","status":"publish","type":"product","link":"https:\/\/cnricemill.com\/es\/product\/paddy-separator\/","title":{"rendered":"Separador de arroz"},"content":{"rendered":"<h2 class=\"wp-block-heading\">\u00bfQu\u00e9 es el separador de arroz?<\/h2>    <p class=\"translation-block\"><strong>Separador de arroz paddy<\/strong> aqu\u00ed es una m\u00e1quina que separa el arroz integral del arroz paddy por la diferencia entre la fricci\u00f3n de la superficie y la gravedad. Puede separar la mezcla de arroz paddy y arroz integral en tres tipos. Un tipo es el arroz integral que ingresar\u00e1 al molino de arroz. Un tipo es la mezcla de arroz integral y paddy que volver\u00e1 a ingresar a la m\u00e1quina separadora de paddy por gravedad. El otro es el grano de arroz que volver\u00e1 a ingresar a la m\u00e1quina de descascarado para ser descascarado una vez m\u00e1s.<\/p>    <h2 class=\"wp-block-heading\">Separador de arroz por gravedad serie MGCZ a la venta<\/h2>    <p class=\"translation-block\">El separador de arroz paddy por gravedad serie MGCZ es una m\u00e1quina de procesamiento de arroz importante. Y es crucial para toda la planta de molino de arroz. La m\u00e1quina separadora de paddy de <a href=\"https:\/\/cnricemill.com\/es\/\">TAIZY<\/a> tiene caracter\u00edsticas de rendimiento estable, baja inversi\u00f3n y f\u00e1cil operaci\u00f3n. Adem\u00e1s, todas nuestras m\u00e1quinas han pasado inspecciones de calidad extremadamente estrictas. Y tenemos personal altamente calificado para asegurar un servicio profesional y una entrega r\u00e1pida. Hoy en d\u00eda, nuestras m\u00e1quinas se han exportado con \u00e9xito a m\u00e1s de 80 pa\u00edses y regiones. Bienvenido a contactarnos para obtener el mejor precio del separador de paddy. \u00a0<\/p>    <div class=\"wp-block-columns is-layout-flex wp-container-core-columns-is-layout-9d6595d7 wp-block-columns-is-layout-flex\"> <div class=\"wp-block-column is-layout-flow wp-block-column-is-layout-flow\"> <figure class=\"wp-block-image size-full\"><img loading=\"lazy\" decoding=\"async\" width=\"750\" height=\"750\" src=\"https:\/\/cnricemill.com\/wp-content\/uploads\/2022\/08\/paddy-separator.jpg\" alt=\"separador de arroz\" class=\"wp-image-121\"\/><figcaption>separador de arroz<\/figcaption><\/figure> <\/div>    <div class=\"wp-block-column is-layout-flow wp-block-column-is-layout-flow\"> <figure class=\"wp-block-image size-full\"><img loading=\"lazy\" decoding=\"async\" width=\"750\" height=\"750\" src=\"https:\/\/cnricemill.com\/wp-content\/uploads\/2022\/08\/paddy-separating-machine.jpg\" alt=\"m\u00e1quina separadora de arroz\" class=\"wp-image-122\"\/><figcaption>m\u00e1quina separadora de arroz<\/figcaption><\/figure> <\/div> <\/div>    <h2 class=\"wp-block-heading\">Caracter\u00edsticas de rendimiento del separador de arroz<\/h2>    <ol class=\"wp-block-list\" type=\"1\"><li>Piezas duraderas, sistema de freno autom\u00e1tico avanzado, f\u00e1cil de operar y mantener<\/li><li>Centro de gravedad mec\u00e1nico bajo, buen equilibrio, velocidad razonable, rendimiento de procesamiento estable y confiable<\/li><li>Sistema de transmisi\u00f3n perfecto para garantizar un buen rendimiento del mecanismo.<\/li><li>Ampliamente utilizado para arroz integral de grano largo y corto.<\/li><li>La placa de criba de alta calidad est\u00e1 colocada en alto para evitar obstrucciones.<\/li><li>Una variedad de modelos para satisfacer los diferentes requisitos de los clientes.<\/li><\/ol>    <div class=\"wp-block-columns is-layout-flex wp-container-core-columns-is-layout-9d6595d7 wp-block-columns-is-layout-flex\"> <div class=\"wp-block-column is-layout-flow wp-block-column-is-layout-flow\"> <figure class=\"wp-block-image size-full\"><img loading=\"lazy\" decoding=\"async\" width=\"750\" height=\"750\" src=\"https:\/\/cnricemill.com\/wp-content\/uploads\/2022\/08\/sieve-plate.jpg\" alt=\"plato tamiz\" class=\"wp-image-127\"\/><figcaption>plato tamiz<\/figcaption><\/figure> <\/div>    <div class=\"wp-block-column is-layout-flow wp-block-column-is-layout-flow\"> <figure class=\"wp-block-image size-full\"><img loading=\"lazy\" decoding=\"async\" width=\"750\" height=\"750\" src=\"https:\/\/cnricemill.com\/wp-content\/uploads\/2022\/08\/copper-motor.jpg\" alt=\"motor de cobre\" class=\"wp-image-128\"\/><figcaption>motor de cobre<\/figcaption><\/figure> <\/div> <\/div>    <h2 class=\"wp-block-heading\">Par\u00e1metros de la m\u00e1quina separadora de arroz Taizy<\/h2>    <figure class=\"wp-block-table\"><table><tbody><tr><td>Modelo<\/td><td>Capacidad(t\/h)<\/td><td>Potencia (kilovatios)<\/td><td>Tama\u00f1o (largo x ancho x alto)<\/td><\/tr><tr><td>MGCZ80*6<\/td><td>0.8-1.3<\/td><td>1.1<\/td><td>1350*1000*1400<\/td><\/tr><tr><td>MGCZ80*7<\/td><td>1.1-1.5<\/td><td>1.1<\/td><td>1350*1000*1450<\/td><\/tr><tr><td>MGCZ100*6<\/td><td>1.2-1.6<\/td><td>1.1<\/td><td>1600*1250*1400<\/td><\/tr><tr><td>MGCZ100*7<\/td><td>1.6-2.1<\/td><td>1.1<\/td><td>1600*1250*1450<\/td><\/tr><tr><td>MGCZ100*8<\/td><td>2.1-2.4<\/td><td>1.1<\/td><td>1600*1250*1500<\/td><\/tr><tr><td>MGCZ100*10<\/td><td>2.5-3.2<\/td><td>1.5<\/td><td>1600*1250*1750<\/td><\/tr><tr><td>MGCZ100*12<\/td><td>3.4-4<\/td><td>1.5<\/td><td>1600*1250*1800<\/td><\/tr><tr><td>MGCZ100*14<\/td><td>4-4.9<\/td><td>1.5<\/td><td>1600*1250*1740<\/td><\/tr><tr><td>MGCZ100*16<\/td><td>4.5-5.6<\/td><td>1.5<\/td><td>1600*1250*1820<\/td><\/tr><\/tbody><\/table><\/figure>    <h2 class=\"wp-block-heading\">\u00bfC\u00f3mo se separa el arroz del arroz con c\u00e1scara?<\/h2>    <p>El separador de arroz se utiliza para separar el arroz integral del arroz sin c\u00e1scara. Tamiza continuamente la mezcla en estado estratificado a trav\u00e9s de un disco de separaci\u00f3n especial seg\u00fan la diferencia de gravedad espec\u00edfica, tama\u00f1o de part\u00edcula y coeficiente de fricci\u00f3n entre el arroz integral y el arroz con c\u00e1scara. Como resultado de la separaci\u00f3n, el arroz integral de densidad grande y de grano peque\u00f1o se dirigen hacia la parte superior del disco de separaci\u00f3n, y el arroz de gravedad espec\u00edfica peque\u00f1a y de grano grande se dirigen hacia la parte inferior del disco, separando el arroz integral puro. , arroz puro y mezcla.<\/p>    <div class=\"wp-block-columns is-layout-flex wp-container-core-columns-is-layout-9d6595d7 wp-block-columns-is-layout-flex\"> <div class=\"wp-block-column is-layout-flow wp-block-column-is-layout-flow\"> <figure class=\"wp-block-image size-full\"><img loading=\"lazy\" decoding=\"async\" width=\"750\" height=\"750\" src=\"https:\/\/cnricemill.com\/wp-content\/uploads\/2022\/08\/paddy-separator-factory.jpg\" alt=\"f\u00e1brica de separadores de arroz\" class=\"wp-image-125\"\/><figcaption>f\u00e1brica de separadores de arroz<\/figcaption><\/figure> <\/div>    <div class=\"wp-block-column is-layout-flow wp-block-column-is-layout-flow\"> <figure class=\"wp-block-image size-full\"><img loading=\"lazy\" decoding=\"async\" width=\"750\" height=\"750\" src=\"https:\/\/cnricemill.com\/wp-content\/uploads\/2022\/08\/paddy-separating-machine-workshop.jpg\" alt=\"Taller de m\u00e1quinas separadoras de arroz.\" class=\"wp-image-126\"\/><figcaption>Taller de m\u00e1quinas separadoras de arroz.<\/figcaption><\/figure> <\/div> <\/div>","protected":false},"excerpt":{"rendered":"<p>What is paddy separator? Paddy separator here is a machine that separates brown rice from paddy by the difference between surface friction and gravity. It can separate the mixture of paddy and brown rice into three kinds. One type is the brown rice that will enter the rice mill. One type is the mixer of [&hellip;]<\/p>\n","protected":false},"author":1,"featured_media":120,"parent":0,"template":"","tags":[16,13],"product-type":[],"class_list":["post-40","product","type-product","status-publish","has-post-thumbnail","hentry","tag-rice-processing","tag-rice-processing-machine"],"_links":{"self":[{"href":"https:\/\/cnricemill.com\/es\/wp-json\/wp\/v2\/product\/40","targetHints":{"allow":["GET"]}}],"collection":[{"href":"https:\/\/cnricemill.com\/es\/wp-json\/wp\/v2\/product"}],"about":[{"href":"https:\/\/cnricemill.com\/es\/wp-json\/wp\/v2\/types\/product"}],"author":[{"embeddable":true,"href":"https:\/\/cnricemill.com\/es\/wp-json\/wp\/v2\/users\/1"}],"wp:featuredmedia":[{"embeddable":true,"href":"https:\/\/cnricemill.com\/es\/wp-json\/wp\/v2\/media\/120"}],"wp:attachment":[{"href":"https:\/\/cnricemill.com\/es\/wp-json\/wp\/v2\/media?parent=40"}],"wp:term":[{"taxonomy":"post_tag","embeddable":true,"href":"https:\/\/cnricemill.com\/es\/wp-json\/wp\/v2\/tags?post=40"},{"taxonomy":"product-type","embeddable":true,"href":"https:\/\/cnricemill.com\/es\/wp-json\/wp\/v2\/product-type?post=40"}],"curies":[{"name":"wp","href":"https:\/\/api.w.org\/{rel}","templated":true}]}}