{"id":39,"date":"2022-08-11T10:01:37","date_gmt":"2022-08-11T02:01:37","guid":{"rendered":"https:\/\/cnricemill.com\/?post_type=product&#038;p=39"},"modified":"2024-12-23T11:38:53","modified_gmt":"2024-12-23T03:38:53","slug":"rice-grader","status":"publish","type":"product","link":"https:\/\/cnricemill.com\/es\/product\/rice-grader\/","title":{"rendered":"Clasificador de arroz"},"content":{"rendered":"<p class=\"translation-block\">Una <strong>clasificadora de arroz<\/strong> o <strong>m\u00e1quina clasificadora de arroz<\/strong> es una m\u00e1quina importante en el procesamiento del arroz. Clasifica el arroz en diferentes est\u00e1ndares seg\u00fan la longitud del grano. Luego, el arroz con diferentes di\u00e1metros se descargar\u00e1 por diferentes salidas. Generalmente, esta m\u00e1quina se utiliza como parte de una planta de molino de arroz totalmente autom\u00e1tica. Para diferentes capacidades de la l\u00ednea de producci\u00f3n de molino de arroz, puede elegir una m\u00e1quina clasificadora de arroz adecuada. Las clasificadoras de longitud de arroz de la serie Taizy MMJP a la venta cuentan con alta eficiencia y rendimiento estable. Es popular en todo el mundo. Como fabricante de m\u00e1quinas clasificadoras de arroz con gran experiencia, ofrecemos servicios profesionales de personalizaci\u00f3n, capacitaci\u00f3n y orientaci\u00f3n para iniciar su negocio de molino de arroz. Bienvenido a contactarnos para obtener una lista de precios gratuita.<\/p>    <figure class=\"wp-block-image size-full\"><img loading=\"lazy\" decoding=\"async\" width=\"720\" height=\"540\" src=\"https:\/\/cnricemill.com\/wp-content\/uploads\/2022\/08\/rice-grader.jpg\" alt=\"clasificador de arroz\" class=\"wp-image-130\"\/><figcaption>clasificadora de arroz a la venta<\/figcaption><\/figure>    <h2 class=\"wp-block-heading\">\u00bfQu\u00e9 es una clasificadora de arroz?<\/h2>    <p>La m\u00e1quina clasificadora de arroz est\u00e1 dise\u00f1ada para clasificar arroz. Puede dividir el arroz elaborado en varias clases de forma precisa y eficiente seg\u00fan la longitud:<\/p>    <ol class=\"wp-block-list\" type=\"1\"><li>Arroz partido peque\u00f1o<\/li><li>Arroz partido mediano<\/li><li>Arroz partido grande<\/li><li>Arroz integral o arroz con cabeza<\/li><\/ol>    <p>Ayuda a mejorar enormemente la calidad y apariencia del producto de arroz final.<\/p>    <div class=\"wp-block-columns is-layout-flex wp-container-core-columns-is-layout-9d6595d7 wp-block-columns-is-layout-flex\"> <div class=\"wp-block-column is-layout-flow wp-block-column-is-layout-flow\"> <figure class=\"wp-block-image size-full\"><img loading=\"lazy\" decoding=\"async\" width=\"750\" height=\"750\" src=\"https:\/\/cnricemill.com\/wp-content\/uploads\/2022\/08\/left-view-of-the-rice-grader.jpg\" alt=\"Vista izquierda de la clasificadora de arroz.\" class=\"wp-image-132\"\/><figcaption>Vista izquierda de la clasificadora de arroz.<\/figcaption><\/figure> <\/div>    <div class=\"wp-block-column is-layout-flow wp-block-column-is-layout-flow\"> <figure class=\"wp-block-image size-full\"><img loading=\"lazy\" decoding=\"async\" width=\"750\" height=\"750\" src=\"https:\/\/cnricemill.com\/wp-content\/uploads\/2022\/08\/right-view-of-the-rice-grader.jpg\" alt=\"Vista derecha de la clasificadora de arroz.\" class=\"wp-image-133\"\/><figcaption>Vista derecha de la clasificadora de arroz.<\/figcaption><\/figure> <\/div> <\/div>    <h2 class=\"wp-block-heading\">Par\u00e1metros de la clasificadora de arroz Taizy<\/h2>    <figure class=\"wp-block-table\"><table><tbody><tr><td>Modelo<\/td><td>Capacidad(t\/h)<\/td><td>Potencia (kilovatios)<\/td><td>Tama\u00f1o (largo x ancho x alto)<\/td><\/tr><tr><td>MMJP63*3<\/td><td>0.8-1.25<\/td><td>0.75<\/td><td>1462*740*1280<\/td><\/tr><tr><td>MMJP80*3<\/td><td>1.5-2<\/td><td>1.1<\/td><td>1600*1000*1315<\/td><\/tr><tr><td>MMJP100*3<\/td><td>2.5-3.3<\/td><td>1.1<\/td><td>1690*1090*1386<\/td><\/tr><tr><td>MMJP100*4<\/td><td>2.5-3.5<\/td><td>1.1<\/td><td>1690*1087*1420<\/td><\/tr><tr><td>MMJP112*3<\/td><td>3.5-4.2<\/td><td>1.1<\/td><td>1690*1208*1386<\/td><\/tr><tr><td>MMJP112*4<\/td><td>3.5-4.5<\/td><td>1.1<\/td><td>1690*1208*1420<\/td><\/tr><tr><td>MMJP125*3<\/td><td>4.5-5<\/td><td>1.5<\/td><td>1690*1458*1386<\/td><\/tr><tr><td>MMJP125*4<\/td><td>4.5-5.2<\/td><td>1.5<\/td><td>1690*1457*1420<\/td><\/tr><tr><td>MMJP150*4<\/td><td>5.5-6<\/td><td>1.5<\/td><td>1725*1580*1500<\/td><\/tr><\/tbody><\/table><\/figure>    <h2 class=\"wp-block-heading\">Caracter\u00edsticas de la m\u00e1quina clasificadora de arroz Taizy<\/h2>    <ol class=\"wp-block-list\" type=\"1\"><li>Tiene un tama\u00f1o peque\u00f1o y un precio asequible.<\/li><li>La clasificadora de arroz tiene un dise\u00f1o razonable y una estructura simple, f\u00e1cil de operar y mantener.<\/li><li>La m\u00e1quina clasificadora de arroz Taizy a la venta tiene una alta eficiencia y un bajo consumo de energ\u00eda.<\/li><li>La m\u00e1quina tiene una gran adaptabilidad, poco ruido y alto rendimiento.<\/li><li>Adoptando material duradero, tiene una larga vida \u00fatil.<\/li><li>Esta m\u00e1quina procesadora de arroz tiene una criba de m\u00faltiples capas, adecuada para diferentes capacidades de clasificaci\u00f3n de arroz.<\/li><\/ol>    <h2 class=\"wp-block-heading\">\u00bfPara qu\u00e9 se utiliza la clasificadora de arroz?<\/h2>    <p class=\"translation-block\">La clasificadora de arroz se utiliza para dividir el arroz en varios grados seg\u00fan el tama\u00f1o. Su objetivo es seleccionar el arroz de tama\u00f1o apropiado y extraer el arroz roto que no cumple con los requisitos. La m\u00e1quina clasificadora de arroz es una parte esencial y vital de la <a href=\"https:\/\/cnricemill.com\/es\/products\/rice-mill-plant\/\">planta de molino de arroz completa<\/a>.<\/p>    <h2 class=\"wp-block-heading\">\u00bfCu\u00e1nto cuesta la clasificadora de arroz?<\/h2>    <p class=\"translation-block\">El precio de la clasificadora de arroz no es fijo. Porque el costo est\u00e1 estrechamente relacionado con sus par\u00e1metros, como capacidades, modelos, tama\u00f1os, marcas, motores, etc. Adem\u00e1s, el precio de la m\u00e1quina clasificadora de arroz tambi\u00e9n est\u00e1 relacionado con factores externos como el costo de env\u00edo y el tipo de cambio. Por lo tanto, si est\u00e1 interesado en esta <a href=\"https:\/\/cnricemill.com\/es\/product\/\">m\u00e1quina de procesamiento de arroz<\/a>, d\u00edganos sus requisitos y le enviaremos una cotizaci\u00f3n detallada.<\/p>","protected":false},"excerpt":{"rendered":"<p>Rice grader or rice grading machine is an important rice processing machine. It grades rice into different standards based on the rice length. And then the rice with different diameters will be discharged from different outlets. Usually, this machine is used as a part of a fully automatic rice mill plant. For different capacities of [&hellip;]<\/p>\n","protected":false},"author":1,"featured_media":129,"parent":0,"template":"","tags":[16,13],"product-type":[],"class_list":["post-39","product","type-product","status-publish","has-post-thumbnail","hentry","tag-rice-processing","tag-rice-processing-machine"],"_links":{"self":[{"href":"https:\/\/cnricemill.com\/es\/wp-json\/wp\/v2\/product\/39","targetHints":{"allow":["GET"]}}],"collection":[{"href":"https:\/\/cnricemill.com\/es\/wp-json\/wp\/v2\/product"}],"about":[{"href":"https:\/\/cnricemill.com\/es\/wp-json\/wp\/v2\/types\/product"}],"author":[{"embeddable":true,"href":"https:\/\/cnricemill.com\/es\/wp-json\/wp\/v2\/users\/1"}],"wp:featuredmedia":[{"embeddable":true,"href":"https:\/\/cnricemill.com\/es\/wp-json\/wp\/v2\/media\/129"}],"wp:attachment":[{"href":"https:\/\/cnricemill.com\/es\/wp-json\/wp\/v2\/media?parent=39"}],"wp:term":[{"taxonomy":"post_tag","embeddable":true,"href":"https:\/\/cnricemill.com\/es\/wp-json\/wp\/v2\/tags?post=39"},{"taxonomy":"product-type","embeddable":true,"href":"https:\/\/cnricemill.com\/es\/wp-json\/wp\/v2\/product-type?post=39"}],"curies":[{"name":"wp","href":"https:\/\/api.w.org\/{rel}","templated":true}]}}