{"id":38,"date":"2022-08-11T09:58:33","date_gmt":"2022-08-11T01:58:33","guid":{"rendered":"https:\/\/cnricemill.com\/?post_type=product&#038;p=38"},"modified":"2024-12-23T11:39:37","modified_gmt":"2024-12-23T03:39:37","slug":"rice-packing-machine","status":"publish","type":"product","link":"https:\/\/cnricemill.com\/es\/product\/rice-packing-machine\/","title":{"rendered":"M\u00e1quina empacadora de arroz"},"content":{"rendered":"<p class=\"translation-block\"><strong>Rice packing machine<\/strong> se utiliza para el envasado de arroz autom\u00e1ticamente y de forma eficiente. Es una especie de <strong>m\u00e1quina de llenado y sellado de bolsas de arroz<\/strong>. La m\u00e1quina de envasado de arroz puede completar la funci\u00f3n de pesaje cuantitativo, llenado eficiente y sellado preciso. Es adecuada para embalar productos de arroz que van de 5 kg a 50 kg. Y el envasado de 5 kg, 25 kg y 50 kg de arroz es bastante popular entre ellos. Con las caracter\u00edsticas de manejo f\u00e1cil, rendimiento estable y super eficiencia, la <strong>m\u00e1quina de llenado de arroz<\/strong> puede mejorar en gran medida su productividad y beneficiar a su negocio. Como fabricante l\u00edder de m\u00e1quinas de procesamiento de arroz, TAIZY Machinery ofrece m\u00e1quinas de envasado de arroz de calidad y asequibles para socios de todo el mundo. Bienvenido a <a href=\"https:\/\/cnricemill.com\/es\/contact-us\/\">contactarnos<\/a> para obtener m\u00e1s detalles.<\/p>    <h2 class=\"wp-block-heading\">Caracter\u00edsticas de rendimiento de la m\u00e1quina empacadora de arroz Taizy <\/h2>    <ol class=\"wp-block-list\" type=\"1\"><li>La m\u00e1quina envasadora de arroz adopta tecnolog\u00eda avanzada internacional. Su precisi\u00f3n es de unos 5 g. y la velocidad de embalaje es de 360 \u200b\u200ba 450 bolsas por hora.<\/li><li>Las piezas en contacto con las materias primas est\u00e1n fabricadas en acero inoxidable apto para uso alimentario, con altos est\u00e1ndares sanitarios y resistencia a la corrosi\u00f3n para un uso prolongado.<\/li><li>Amplia gama de cuantificaci\u00f3n, alta precisi\u00f3n, plataforma elevable, alta eficiencia, multifunci\u00f3n.<\/li><li>La m\u00e1quina empacadora de bolsas de arroz tiene las ventajas de una alta precisi\u00f3n de c\u00e1lculo, pantalla digital, operaci\u00f3n estable y f\u00e1cil operaci\u00f3n.&nbsp;<\/li><li>Adopte sensores y actuadores neum\u00e1ticos de marca, f\u00e1cil mantenimiento, trabajo confiable y sin contaminaci\u00f3n.&nbsp;<\/li><li>La m\u00e1quina llenadora de arroz puede equiparse con una m\u00e1quina de coser y un transportador, que pueden realizar el proceso de llenado y sellado autom\u00e1tico.<\/li><li>Apoyamos un s\u00f3lido servicio de personalizaci\u00f3n para satisfacer sus requisitos espec\u00edficos. &nbsp;<\/li><\/ol>    <h2 class=\"wp-block-heading\">Detalles de la estructura de la m\u00e1quina llenadora y selladora de bolsas de arroz<\/h2>    <p>La m\u00e1quina empacadora autom\u00e1tica de bolsas de arroz consta principalmente de tres sistemas: un sistema de llenado y pesaje cuantitativo, un sistema de transporte y un sistema de sellado y costura. Incluye estas partes: agencia cuantitativa, mecanismo neum\u00e1tico, caja de control, cuerpo de b\u00e1scula, cinta transportadora, transportador, caja de control de la m\u00e1quina de coser y m\u00e1quina de embalaje. La m\u00e1quina ensacadora de arroz integral tiene una estructura simple y un dise\u00f1o razonable. Es f\u00e1cil de instalar, operar y mantener. &nbsp;&nbsp;&nbsp;<\/p>    <figure class=\"wp-block-image size-full\"><img loading=\"lazy\" decoding=\"async\" width=\"720\" height=\"540\" src=\"https:\/\/cnricemill.com\/wp-content\/uploads\/2022\/08\/rice-filling-sealing-machine-structure.jpg\" alt=\"Estructura de la m\u00e1quina llenadora y selladora de arroz.\" class=\"wp-image-115\"\/><figcaption>Estructura de la m\u00e1quina llenadora y selladora de arroz.<\/figcaption><\/figure>    <h2 class=\"wp-block-heading\">Aplicaciones de la envasadora de arroz.<\/h2>    <p>La m\u00e1quina envasadora de arroz de 5 kg a 50 kg se utiliza para llenar y sellar productos de arroz. Sin embargo, como tipo de m\u00e1quina empacadora de gr\u00e1nulos, tambi\u00e9n es ideal para envasar muchos otros productos granulados, como man\u00ed, granos de caf\u00e9, arroz, semillas de girasol, trigo, ma\u00edz, guisantes, s\u00e9samo, comida para perros, comida para gatos, etc. La bolsa puede ser de varios tipos, bolsas de pl\u00e1stico, bolsas de papel y bolsas de tela.<\/p>    <h2 class=\"wp-block-heading\">Equipamiento opcional<\/h2>    <div class=\"wp-block-columns is-layout-flex wp-container-core-columns-is-layout-9d6595d7 wp-block-columns-is-layout-flex\"> <div class=\"wp-block-column is-layout-flow wp-block-column-is-layout-flow\"> <figure class=\"wp-block-image size-full\"><img loading=\"lazy\" decoding=\"async\" width=\"720\" height=\"540\" src=\"https:\/\/cnricemill.com\/wp-content\/uploads\/2022\/08\/conveyor-belt.jpg\" alt=\"cinta transportadora\" class=\"wp-image-116\"\/><figcaption>cinta transportadora<\/figcaption><\/figure> <\/div>    <div class=\"wp-block-column is-layout-flow wp-block-column-is-layout-flow\"> <figure class=\"wp-block-image size-full\"><img loading=\"lazy\" decoding=\"async\" width=\"720\" height=\"540\" src=\"https:\/\/cnricemill.com\/wp-content\/uploads\/2022\/08\/feeding-elevator.jpg\" alt=\"ascensor de alimentacion\" class=\"wp-image-118\"\/><figcaption>ascensor de alimentacion<\/figcaption><\/figure> <\/div> <\/div>    <h2 class=\"wp-block-heading\">\u00bfPor qu\u00e9 la m\u00e1quina llenadora de bolsas de arroz es la mejor para su negocio de envasado de arroz?<\/h2>    <p>En realidad, esta m\u00e1quina empacadora de arroz es un tipo de m\u00e1quina llenadora y selladora de bolsas de arroz. En comparaci\u00f3n con muchas otras m\u00e1quinas empacadoras de arroz, es muy adecuada para su f\u00e1brica de arroz y tiene muchas ventajas \u00fanicas.<\/p>    <ol class=\"wp-block-list\" type=\"1\"><li>S\u00faper eficiencia. Esta m\u00e1quina es adecuada para grandes demandas de producci\u00f3n de arroz. La velocidad de envasado puede alcanzar las 450 bolsas por hora. Esto puede mejorar enormemente su eficiencia y ahorrar costos de mano de obra.<\/li><li>Precio pagable. Esta m\u00e1quina empacadora de bolsas de arroz tiene un precio absolutamente bueno. En comparaci\u00f3n con otra m\u00e1quina envasadora totalmente autom\u00e1tica, tiene un rendimiento de costes bastante mayor.<\/li><li>Operaci\u00f3n f\u00e1cil. Esta m\u00e1quina a la venta tiene una estructura simple y un dise\u00f1o correcto, es muy f\u00e1cil de operar y mantener. Y s\u00f3lo necesita una mano de obra para funcionar. &nbsp;&nbsp;<\/li><\/ol>    <h2 class=\"wp-block-heading\">Cont\u00e1ctanos para iniciar tu negocio de arroz<\/h2>    <p class=\"translation-block\">La m\u00e1quina de envasado de arroz es una parte esencial e importante de todo el <a href=\"https:\/\/cnricemill.com\/es\/products\/rice-mill-plant\/\">proceso de procesamiento de arroz<\/a>. Es el paso final que se entrega a las estanter\u00edas del supermercado. La m\u00e1quina de llenado de bolsas de arroz Taizy a la venta es adecuada para rangos de envasado de arroz de 5 kg a 50 kg. Tiene los beneficios de rendimiento estable, gran eficiencia y precio asequible. \u00bfBusca una excelente <a href=\"https:\/\/tianhuipaddingmachine.com\/granule-packing-machines\/\" target=\"_blank\" rel=\"noopener\">soluci\u00f3n de envasado de arroz<\/a>? Cont\u00e1ctenos para obtener m\u00e1s detalles \u00fatiles. <\/p>","protected":false},"excerpt":{"rendered":"<p>Rice packing machine is used for rice packaging automatically and efficiently. It is a kind of rice bag filling sealing machine. The rice packaging machine can complete the function of quantitative weighing, efficient filling, and accurate sealing. It is suitable for packaging rice products ranging from 5kg to 50kg. And 5kg, 25kg, and 50kg rice [&hellip;]<\/p>\n","protected":false},"author":1,"featured_media":113,"parent":0,"template":"","tags":[16,13],"product-type":[],"class_list":["post-38","product","type-product","status-publish","has-post-thumbnail","hentry","tag-rice-processing","tag-rice-processing-machine"],"_links":{"self":[{"href":"https:\/\/cnricemill.com\/es\/wp-json\/wp\/v2\/product\/38","targetHints":{"allow":["GET"]}}],"collection":[{"href":"https:\/\/cnricemill.com\/es\/wp-json\/wp\/v2\/product"}],"about":[{"href":"https:\/\/cnricemill.com\/es\/wp-json\/wp\/v2\/types\/product"}],"author":[{"embeddable":true,"href":"https:\/\/cnricemill.com\/es\/wp-json\/wp\/v2\/users\/1"}],"wp:featuredmedia":[{"embeddable":true,"href":"https:\/\/cnricemill.com\/es\/wp-json\/wp\/v2\/media\/113"}],"wp:attachment":[{"href":"https:\/\/cnricemill.com\/es\/wp-json\/wp\/v2\/media?parent=38"}],"wp:term":[{"taxonomy":"post_tag","embeddable":true,"href":"https:\/\/cnricemill.com\/es\/wp-json\/wp\/v2\/tags?post=38"},{"taxonomy":"product-type","embeddable":true,"href":"https:\/\/cnricemill.com\/es\/wp-json\/wp\/v2\/product-type?post=38"}],"curies":[{"name":"wp","href":"https:\/\/api.w.org\/{rel}","templated":true}]}}