{"id":284,"date":"2024-02-29T18:02:47","date_gmt":"2024-02-29T10:02:47","guid":{"rendered":"https:\/\/cnricemill.com\/?post_type=product&#038;p=284"},"modified":"2024-12-23T11:34:22","modified_gmt":"2024-12-23T03:34:22","slug":"40tpd-automatic-rice-mill-plant","status":"publish","type":"product","link":"https:\/\/cnricemill.com\/es\/product\/40tpd-automatic-rice-mill-plant\/","title":{"rendered":"Planta autom\u00e1tica de molino de arroz 40TPD"},"content":{"rendered":"<p class=\"translation-block\">Esta planta de <strong>molino de arroz autom\u00e1tico de 40tpd<\/strong> est\u00e1 dise\u00f1ada para procesar materias primas como arroz en grano a arroz blanco comestible de alta calidad con una capacidad de 40 toneladas por d\u00eda. Este tipo de planta de molienda de arroz se caracteriza por su alta eficiencia, ahorro de energ\u00eda y automatizaci\u00f3n.<\/p>    <p>Nuestra moderna planta de molino de arroz tiene diferentes configuraciones, como 2 molinos de arroz o 3 molinos de arroz, dependiendo de sus demandas. Si est\u00e1 interesado, \u00a1p\u00f3ngase en contacto conmigo para obtener m\u00e1s detalles de la m\u00e1quina!<\/p>    <h2 class=\"wp-block-heading\"><strong>M\u00faltiples configuraciones de plantas de molino de arroz autom\u00e1tico de 40tpd.<\/strong><\/h2>    <h3 class=\"wp-block-heading\"><strong>Configuraci\u00f3n 1: Molino de arroz con 3 molineros de arroz y clasificador de arroz o clasificador de color<\/strong><\/h3>    <p>Esta ubicaci\u00f3n consta de una limpiadora, una deshuesadora, una descascaradora de arroz, un separador de arroz por gravedad, 3 fresadoras de arroz y una clasificadora de arroz o clasificadora por color. Esto hace que la molienda de arroz sea m\u00e1s autom\u00e1tica y c\u00f3moda.<\/p>    <figure class=\"wp-block-gallery aligncenter has-nested-images columns-default is-cropped wp-block-gallery-2 is-layout-flex wp-block-gallery-is-layout-flex\"> <figure class=\"wp-block-image size-large\"><img loading=\"lazy\" decoding=\"async\" width=\"720\" height=\"540\" data-id=\"289\" src=\"https:\/\/cnricemill.com\/wp-content\/uploads\/2024\/02\/rice-mill-plant-with-rice-grader.webp\" alt=\"Planta de molino de arroz con clasificadora de arroz.\" class=\"wp-image-289\" srcset=\"https:\/\/cnricemill.com\/wp-content\/uploads\/2024\/02\/rice-mill-plant-with-rice-grader.webp 720w, https:\/\/cnricemill.com\/wp-content\/uploads\/2024\/02\/rice-mill-plant-with-rice-grader-300x225.webp 300w\" sizes=\"auto, (max-width: 720px) 100vw, 720px\" \/><figcaption class=\"wp-element-caption\">Planta de molino de arroz con clasificadora de arroz.<\/figcaption><\/figure>    <figure class=\"wp-block-image size-large\"><img loading=\"lazy\" decoding=\"async\" width=\"720\" height=\"540\" data-id=\"290\" src=\"https:\/\/cnricemill.com\/wp-content\/uploads\/2024\/02\/rice-milling-plant-wih-color-sorter.webp\" alt=\"Planta de molienda de arroz con clasificador de color.\" class=\"wp-image-290\" srcset=\"https:\/\/cnricemill.com\/wp-content\/uploads\/2024\/02\/rice-milling-plant-wih-color-sorter.webp 720w, https:\/\/cnricemill.com\/wp-content\/uploads\/2024\/02\/rice-milling-plant-wih-color-sorter-300x225.webp 300w\" sizes=\"auto, (max-width: 720px) 100vw, 720px\" \/><figcaption class=\"wp-element-caption\">Planta de molienda de arroz con clasificador de color.<\/figcaption><\/figure> <\/figure>    <h3 class=\"wp-block-heading\"><strong>Configuraci\u00f3n 2: Planta de procesamiento de molino de arroz con 3 molinos de arroz, clasificadora, pulidora y clasificadora de color<\/strong><\/h3>    <p>Se agregan m\u00e1s funciones seg\u00fan la configuraci\u00f3n 1. La clasificadora de arroz, la pulidora y la clasificadora por color trabajan juntas para una producci\u00f3n de arroz comestible mejor y m\u00e1s blanco.<\/p>    <figure class=\"wp-block-gallery aligncenter has-nested-images columns-default is-cropped wp-block-gallery-3 is-layout-flex wp-block-gallery-is-layout-flex\"> <figure class=\"wp-block-image size-large\"><img loading=\"lazy\" decoding=\"async\" width=\"720\" height=\"540\" data-id=\"291\" src=\"https:\/\/cnricemill.com\/wp-content\/uploads\/2024\/02\/automatic-rice-mill-plant-with-rice-grader-polisher-and-color-sorter.webp\" alt=\"Planta autom\u00e1tica de molino de arroz con clasificadora de arroz, pulidora y clasificadora de color\" class=\"wp-image-291\" srcset=\"https:\/\/cnricemill.com\/wp-content\/uploads\/2024\/02\/automatic-rice-mill-plant-with-rice-grader-polisher-and-color-sorter.webp 720w, https:\/\/cnricemill.com\/wp-content\/uploads\/2024\/02\/automatic-rice-mill-plant-with-rice-grader-polisher-and-color-sorter-300x225.webp 300w\" sizes=\"auto, (max-width: 720px) 100vw, 720px\" \/><figcaption class=\"wp-element-caption\">Planta autom\u00e1tica de molino de arroz con clasificadora de arroz, pulidora y clasificadora de color<\/figcaption><\/figure>    <figure class=\"wp-block-image size-large\"><img loading=\"lazy\" decoding=\"async\" width=\"720\" height=\"540\" data-id=\"292\" src=\"https:\/\/cnricemill.com\/wp-content\/uploads\/2024\/02\/combined-rice-mill-with-3-millers.webp\" alt=\"molino de arroz combinado con 3 molineros\" class=\"wp-image-292\" srcset=\"https:\/\/cnricemill.com\/wp-content\/uploads\/2024\/02\/combined-rice-mill-with-3-millers.webp 720w, https:\/\/cnricemill.com\/wp-content\/uploads\/2024\/02\/combined-rice-mill-with-3-millers-300x225.webp 300w\" sizes=\"auto, (max-width: 720px) 100vw, 720px\" \/><figcaption class=\"wp-element-caption\">molino de arroz combinado con 3 molineros<\/figcaption><\/figure> <\/figure>    <h3 class=\"wp-block-heading\"><strong>Configuraci\u00f3n 3: L\u00ednea de molino de arroz con 3 molinos de arroz, clasificadora de arroz, dep\u00f3sito de almacenamiento, pulidora y clasificadora de color<\/strong><\/h3>    <p>Basado en la configuraci\u00f3n 2, \u00e9sta agrega el contenedor de almacenamiento en el procesamiento del arroz, que es m\u00e1s efectivo durante la molienda del arroz.<\/p>    <figure class=\"wp-block-gallery aligncenter has-nested-images columns-default is-cropped wp-block-gallery-4 is-layout-flex wp-block-gallery-is-layout-flex\"> <figure class=\"wp-block-image size-large\"><img loading=\"lazy\" decoding=\"async\" width=\"720\" height=\"540\" data-id=\"293\" src=\"https:\/\/cnricemill.com\/wp-content\/uploads\/2024\/02\/automatic-rice-mill-plant-machinery.webp\" alt=\"Maquinaria autom\u00e1tica para molino de arroz.\" class=\"wp-image-293\" srcset=\"https:\/\/cnricemill.com\/wp-content\/uploads\/2024\/02\/automatic-rice-mill-plant-machinery.webp 720w, https:\/\/cnricemill.com\/wp-content\/uploads\/2024\/02\/automatic-rice-mill-plant-machinery-300x225.webp 300w\" sizes=\"auto, (max-width: 720px) 100vw, 720px\" \/><figcaption class=\"wp-element-caption\">Maquinaria autom\u00e1tica para molino de arroz.<\/figcaption><\/figure>    <figure class=\"wp-block-image size-large\"><img loading=\"lazy\" decoding=\"async\" width=\"720\" height=\"540\" data-id=\"294\" src=\"https:\/\/cnricemill.com\/wp-content\/uploads\/2024\/02\/complete-rice-milling-plant-equipment.webp\" alt=\"equipo completo de planta de molienda de arroz\" class=\"wp-image-294\" srcset=\"https:\/\/cnricemill.com\/wp-content\/uploads\/2024\/02\/complete-rice-milling-plant-equipment.webp 720w, https:\/\/cnricemill.com\/wp-content\/uploads\/2024\/02\/complete-rice-milling-plant-equipment-300x225.webp 300w\" sizes=\"auto, (max-width: 720px) 100vw, 720px\" \/><figcaption class=\"wp-element-caption\">equipo completo de planta de molienda de arroz<\/figcaption><\/figure> <\/figure>    <h2 class=\"wp-block-heading\"><strong>Flujo de trabajo de la planta autom\u00e1tica de molino de arroz.<\/strong><\/h2>    <p class=\"translation-block\">El flujo de trabajo de la planta de procesamiento de arroz de 40tpd generalmente incluye <strong>despiedrado, pelado de arroz, molienda de arroz (2 o 3 molinos), clasificaci\u00f3n <\/strong>y <strong>clasificaci\u00f3n por color<\/strong>.<\/p>   <div class=\"wp-block-image\"> <figure class=\"aligncenter size-full\"><img loading=\"lazy\" decoding=\"async\" width=\"720\" height=\"540\" src=\"https:\/\/cnricemill.com\/wp-content\/uploads\/2024\/02\/list-of-machines-used-in-rice-mill.webp\" alt=\"lista de m\u00e1quinas utilizadas en el molino de arroz\" class=\"wp-image-286\" srcset=\"https:\/\/cnricemill.com\/wp-content\/uploads\/2024\/02\/list-of-machines-used-in-rice-mill.webp 720w, https:\/\/cnricemill.com\/wp-content\/uploads\/2024\/02\/list-of-machines-used-in-rice-mill-300x225.webp 300w\" sizes=\"auto, (max-width: 720px) 100vw, 720px\" \/><figcaption class=\"wp-element-caption\">lista de m\u00e1quinas utilizadas en el molino de arroz<\/figcaption><\/figure> <\/div>   <ul class=\"wp-block-list\"> <li>En primer lugar, se deshuesa la materia prima para eliminar impurezas;<\/li>    <li>A esto le sigue el descascarillado, donde se limpia el grano;<\/li>    <li>Luego ingresa al proceso de molienda del arroz, que puede incluir 2 o 3 procesos de molienda para garantizar que el grano est\u00e9 completamente molido;<\/li>    <li>A esto le sigue la clasificaci\u00f3n, donde el arroz elaborado se clasifica para distinguir entre diferentes calidades de arroz;<\/li>    <li>Finalmente, la clasificaci\u00f3n por color, utilizando m\u00e1quinas clasificadoras por color para verificar los granos de arroz, eliminar los colores perdidos y los productos inferiores, y finalmente obtener arroz terminado de alta calidad.<\/li> <\/ul>    <p>Todo el flujo de trabajo est\u00e1 altamente automatizado, lo que puede mejorar la eficiencia de la producci\u00f3n y la calidad del producto.<\/p>    <h2 class=\"wp-block-heading\"><strong>Disposici\u00f3n de la planta del molino de arroz.<\/strong><\/h2>    <p>Una distribuci\u00f3n adecuada de la planta puede maximizar el uso del espacio y mejorar la productividad. Un dise\u00f1o t\u00edpico de una planta procesadora de arroz generalmente incluye un \u00e1rea de almacenamiento de materia prima, un \u00e1rea de limpieza, un \u00e1rea de molienda, un \u00e1rea de empaque, etc.<\/p>    <ul class=\"wp-block-list\"> <li><strong>\u00c1rea de almacenamiento de materia prima<\/strong>: Suele ubicarse en un lateral de la planta para facilitar el almacenamiento y transporte de materias primas.<\/li>    <li><strong>\u00c1rea de limpieza<\/strong>: Se utiliza para limpiar materias primas como el arroz con c\u00e1scara para eliminar impurezas y part\u00edculas indeseables.<\/li>    <li><strong>\u00c1rea de fresado<\/strong>: El \u00e1rea central del procesamiento del arroz, incluida la unidad de molienda y el equipo relacionado, que se utiliza para procesar el arroz con c\u00e1scara.<\/li>    <li><strong>\u00c1rea de embalaje<\/strong>: Se utiliza para empaquetar y encapsular el arroz procesado para su transporte y venta.<\/li> <\/ul>    <h2 class=\"wp-block-heading\"><strong>Planos de instalaci\u00f3n de la maquinaria completa de la planta de molienda de arroz.<\/strong><\/h2>    <p>Despu\u00e9s de comprar nuestras m\u00e1quinas, le proporcionaremos planos y dibujos de instalaci\u00f3n para su referencia y, si es necesario, enviaremos ingenieros al sitio para ayudarlo.<\/p>   <div class=\"wp-block-image\"> <figure class=\"aligncenter size-large\"><img loading=\"lazy\" decoding=\"async\" width=\"1024\" height=\"585\" src=\"https:\/\/cnricemill.com\/wp-content\/uploads\/2024\/02\/installation-drawing-of-automatic-rice-mill-plant-machine-1024x585.webp\" alt=\"Dibujo de instalaci\u00f3n de la m\u00e1quina autom\u00e1tica de molino de arroz.\" class=\"wp-image-295\" srcset=\"https:\/\/cnricemill.com\/wp-content\/uploads\/2024\/02\/installation-drawing-of-automatic-rice-mill-plant-machine-1024x585.webp 1024w, https:\/\/cnricemill.com\/wp-content\/uploads\/2024\/02\/installation-drawing-of-automatic-rice-mill-plant-machine-300x171.webp 300w, https:\/\/cnricemill.com\/wp-content\/uploads\/2024\/02\/installation-drawing-of-automatic-rice-mill-plant-machine-768x439.webp 768w, https:\/\/cnricemill.com\/wp-content\/uploads\/2024\/02\/installation-drawing-of-automatic-rice-mill-plant-machine.webp 1400w\" sizes=\"auto, (max-width: 1024px) 100vw, 1024px\" \/><figcaption class=\"wp-element-caption\">Dibujo de instalaci\u00f3n de la m\u00e1quina autom\u00e1tica de molino de arroz.<\/figcaption><\/figure> <\/div>   <h2 class=\"wp-block-heading\"><strong>Puntos fuertes de la m\u00e1quina de molienda de arroz comercial&nbsp;<\/strong><\/h2>    <ul class=\"wp-block-list\"> <li><strong>Alta eficiencia<\/strong>: la m\u00e1quina es capaz de procesar r\u00e1pidamente grandes cantidades de arroz, aumentando la productividad;<\/li>    <li><strong>Eficiencia energ\u00e9tica<\/strong>: mediante el uso de tecnolog\u00edas avanzadas de ahorro de energ\u00eda en el dise\u00f1o de la m\u00e1quina, reduciendo el consumo de energ\u00eda;<\/li>    <li><strong>Facilidad de operaci\u00f3n y mantenimiento<\/strong>: facilita a los operadores operar y mantener la m\u00e1quina, reduciendo los costos de mano de obra;<\/li>    <li><strong>Fuerte adaptabilidad<\/strong>: la m\u00e1quina puede adaptarse a diferentes tipos y calidades de arroz para garantizar que la calidad de los productos procesados \u200b\u200bsea constante.<\/li> <\/ul>    <h2 class=\"wp-block-heading\"><strong>\u00bfCu\u00e1nto cuesta la planta de molino de arroz totalmente autom\u00e1tica?<\/strong><\/h2>    <p>El costo de una planta procesadora de arroz totalmente automatizada var\u00eda seg\u00fan una variedad de factores, incluida la escala de producci\u00f3n, la configuraci\u00f3n del equipo y el nivel de tecnolog\u00eda.<\/p>    <p>En t\u00e9rminos generales, una planta procesadora de arroz totalmente automatizada cuesta m\u00e1s, pero tiene mayores beneficios y productividad a largo plazo en comparaci\u00f3n con una planta operada manualmente.<\/p>    <p>El costo de una planta de molino de arroz completamente autom\u00e1tica generalmente incluye el costo de compra del equipo, el costo de instalaci\u00f3n y puesta en servicio y el costo de construcci\u00f3n de la planta. Dependiendo de las diferentes necesidades y presupuestos, el coste de una planta procesadora de arroz totalmente automatizada puede variar y debe evaluarse y calcularse caso por caso.<\/p>   <div class=\"wp-block-image\"> <figure class=\"aligncenter size-full\"><img loading=\"lazy\" decoding=\"async\" width=\"720\" height=\"540\" src=\"https:\/\/cnricemill.com\/wp-content\/uploads\/2024\/02\/rice-mill-plant-cost.webp\" alt=\"costo de la planta de molino de arroz\" class=\"wp-image-297\" srcset=\"https:\/\/cnricemill.com\/wp-content\/uploads\/2024\/02\/rice-mill-plant-cost.webp 720w, https:\/\/cnricemill.com\/wp-content\/uploads\/2024\/02\/rice-mill-plant-cost-300x225.webp 300w\" sizes=\"auto, (max-width: 720px) 100vw, 720px\" \/><figcaption class=\"wp-element-caption\">costo de la planta de molino de arroz<\/figcaption><\/figure> <\/div>   <p>Si desea m\u00e1s detalles, cont\u00e1ctenos ahora para obtener m\u00e1s detalles y precios de la m\u00e1quina.<\/p>    <h2 class=\"wp-block-heading\"><strong>\u00a1Consulte ahora el precio de la m\u00e1quina de molienda de arroz!<\/strong><\/h2>    <p class=\"translation-block\">\u00a1Solicita una cotizaci\u00f3n ahora para obtener el precio de la m\u00e1quina de planta de procesamiento de arroz! Ofrecemos equipos de alta calidad y eficiencia (15tpd <a href=\"https:\/\/cnricemill.com\/es\/product\/15tpd-complete-rice-mill-plant\/\">planta de molino de arroz mini<\/a>, planta de molienda de arroz de 25tpd, molino de arroz de 60tpd, etc.) para tus necesidades de <a href=\"https:\/\/en.wikipedia.org\/wiki\/Rice\" target=\"_blank\" rel=\"noopener\">molienda de arroz<\/a>. \u00a1Contacta a nuestro equipo de servicio al cliente para m\u00e1s informaci\u00f3n!<\/p>","protected":false},"excerpt":{"rendered":"<p>This 40tpd automatic rice mill plant is to process grain raw materials such as paddy rice into high-quality edible white rice with a capacity of 40 tons per day. This kind of rice milling plant features high efficiency, energy saving and automation. Our modern rice mill plant has different configurations, such as 2 rice millers [&hellip;]<\/p>\n","protected":false},"author":1,"featured_media":285,"parent":0,"template":"","tags":[14,15],"product-type":[5],"class_list":["post-284","product","type-product","status-publish","has-post-thumbnail","hentry","tag-rice","tag-rice-milling","product-type-rice-mill-plant"],"_links":{"self":[{"href":"https:\/\/cnricemill.com\/es\/wp-json\/wp\/v2\/product\/284","targetHints":{"allow":["GET"]}}],"collection":[{"href":"https:\/\/cnricemill.com\/es\/wp-json\/wp\/v2\/product"}],"about":[{"href":"https:\/\/cnricemill.com\/es\/wp-json\/wp\/v2\/types\/product"}],"author":[{"embeddable":true,"href":"https:\/\/cnricemill.com\/es\/wp-json\/wp\/v2\/users\/1"}],"wp:featuredmedia":[{"embeddable":true,"href":"https:\/\/cnricemill.com\/es\/wp-json\/wp\/v2\/media\/285"}],"wp:attachment":[{"href":"https:\/\/cnricemill.com\/es\/wp-json\/wp\/v2\/media?parent=284"}],"wp:term":[{"taxonomy":"post_tag","embeddable":true,"href":"https:\/\/cnricemill.com\/es\/wp-json\/wp\/v2\/tags?post=284"},{"taxonomy":"product-type","embeddable":true,"href":"https:\/\/cnricemill.com\/es\/wp-json\/wp\/v2\/product-type?post=284"}],"curies":[{"name":"wp","href":"https:\/\/api.w.org\/{rel}","templated":true}]}}