{"id":275,"date":"2024-02-23T16:12:22","date_gmt":"2024-02-23T08:12:22","guid":{"rendered":"https:\/\/cnricemill.com\/?post_type=product&#038;p=275"},"modified":"2024-12-23T11:34:06","modified_gmt":"2024-12-23T03:34:06","slug":"30tpd-rice-milling-plant-for-sale","status":"publish","type":"product","link":"https:\/\/cnricemill.com\/es\/product\/30tpd-rice-milling-plant-for-sale\/","title":{"rendered":"Planta de molienda de arroz 30TPD a la venta"},"content":{"rendered":"<p class=\"translation-block\">La planta de <strong>molienda de arroz<\/strong> Taizy 30TPD (30 toneladas por d\u00eda) es un equipo integrado dise\u00f1ado para satisfacer las necesidades de plantas de procesamiento de arroz de mediana y gran escala. Este molino de arroz unificado se fabrica con tecnolog\u00eda avanzada y materiales de alta calidad, y est\u00e1 dedicado a realizar toda la operaci\u00f3n automatizada desde la limpieza del arroz hasta el acabado del mismo.<\/p>    <h2 class=\"wp-block-heading\"><strong>Componentes de la m\u00e1quina de molino de arroz combinado.<\/strong><\/h2>    <ul class=\"wp-block-list\"> <li><strong>Secci\u00f3n de limpieza<\/strong>: contiene criba vibratoria, separador magn\u00e9tico y separador de viento, etc., que se utilizan para eliminar impurezas de las materias primas.<\/li>    <li><strong>Etapa de descascarillado y separaci\u00f3n<\/strong>: equipado con descascarillador y tamiz separador de granos y marrones, que elimina eficazmente la c\u00e1scara del arroz y separa el arroz integral puro.<\/li>    <li><strong>Sistema de pulido blanco<\/strong>: compuesto por una fresadora de arroz de varias etapas y una pulidora para garantizar que el arroz quede blanco y delicado.<\/li>    <li><strong>Secci\u00f3n de calificaci\u00f3n y selecci\u00f3n<\/strong>: uso de un tamiz de precisi\u00f3n para filtrar el tama\u00f1o del grano de arroz y garantizar una calidad constante del producto.<\/li>    <li><strong>Clasificaci\u00f3n y embalaje de colores.<\/strong>: clasificadora y envasadora de color, rechazando part\u00edculas extra\u00f1as de color y realizando envasado cuantitativo estandarizado.<\/li> <\/ul>   <div class=\"wp-block-image\"> <figure class=\"aligncenter size-full\"><img loading=\"lazy\" decoding=\"async\" width=\"720\" height=\"540\" src=\"https:\/\/cnricemill.com\/wp-content\/uploads\/2024\/02\/united-rice-mill-for-sale.webp\" alt=\"molino de arroz unido para la venta\" class=\"wp-image-276\" srcset=\"https:\/\/cnricemill.com\/wp-content\/uploads\/2024\/02\/united-rice-mill-for-sale.webp 720w, https:\/\/cnricemill.com\/wp-content\/uploads\/2024\/02\/united-rice-mill-for-sale-300x225.webp 300w\" sizes=\"auto, (max-width: 720px) 100vw, 720px\" \/><figcaption class=\"wp-element-caption\">molino de arroz unido para la venta<\/figcaption><\/figure> <\/div>   <h2 class=\"wp-block-heading\"><strong>Principio de funcionamiento de la planta de molienda de arroz de 30 tpd.<\/strong><\/h2>    <p>La unidad de molino de arroz 30TPD sigue el principio de \"limpiar primero, luego moler y procesar paso a paso\" y gradualmente elimina la c\u00e1scara, la piel y pule el arroz por medios f\u00edsicos, y mejora la calidad del producto con la ayuda de tecnolog\u00eda moderna. , como la tecnolog\u00eda de detecci\u00f3n de fotoelectricidad. <\/p>   <div class=\"wp-block-image\"> <figure class=\"aligncenter size-full\"><img loading=\"lazy\" decoding=\"async\" width=\"1000\" height=\"540\" src=\"https:\/\/cnricemill.com\/wp-content\/uploads\/2024\/02\/rice-milling-plant-successfully-assembled-in-factory.webp\" alt=\"Planta de molienda de arroz ensamblada con \u00e9xito en f\u00e1brica.\" class=\"wp-image-277\" srcset=\"https:\/\/cnricemill.com\/wp-content\/uploads\/2024\/02\/rice-milling-plant-successfully-assembled-in-factory.webp 1000w, https:\/\/cnricemill.com\/wp-content\/uploads\/2024\/02\/rice-milling-plant-successfully-assembled-in-factory-300x162.webp 300w, https:\/\/cnricemill.com\/wp-content\/uploads\/2024\/02\/rice-milling-plant-successfully-assembled-in-factory-768x415.webp 768w\" sizes=\"auto, (max-width: 1000px) 100vw, 1000px\" \/><figcaption class=\"wp-element-caption\">Planta de molienda de arroz ensamblada con \u00e9xito en f\u00e1brica.<\/figcaption><\/figure> <\/div>   <p>Todo el proceso es cient\u00edfico y razonable, lo que maximiza la retenci\u00f3n de nutrientes del arroz y reduce el consumo y la p\u00e9rdida de energ\u00eda.<\/p>    <h2 class=\"wp-block-heading\"><strong>Puntos fuertes de la fresadora de arroz completa de 30 tpd<\/strong><\/h2>    <ul class=\"wp-block-list\"> <li><strong>Alta capacidad<\/strong>: la capacidad de procesamiento diaria es de hasta 30 toneladas, adapt\u00e1ndose a la demanda de la producci\u00f3n a gran escala.<\/li>    <li><strong>Alta eficiencia<\/strong>: dise\u00f1o integrado, reducir enlaces intermedios, mejorar la eficiencia de producci\u00f3n.<\/li>    <li><strong>Baja p\u00e9rdida<\/strong>: control de proceso refinado, reducci\u00f3n de la tasa de p\u00e9rdida de arroz, mejora la eficiencia econ\u00f3mica.<\/li>    <li><strong>Protecci\u00f3n del medio ambiente y ahorro de energ\u00eda.<\/strong>: optimizar la configuraci\u00f3n de energ\u00eda, reducir el consumo de energ\u00eda, de acuerdo con los requisitos de producci\u00f3n verde.<\/li>    <li><strong>Excelente calidad<\/strong>: la producci\u00f3n de arroz es de calidad estable, con buen color y sabor, muy elogiado por el mercado.<\/li> <\/ul>    <h2 class=\"wp-block-heading\"><strong>Plano de instalaci\u00f3n del molino de arroz y soporte t\u00e9cnico.<\/strong><\/h2>    <p>Taizy proporciona planos de instalaci\u00f3n detallados de la planta de molienda de arroz 30TPD, as\u00ed como servicios de orientaci\u00f3n profesional en el sitio para garantizar que pueda completar de manera r\u00e1pida y precisa la instalaci\u00f3n y puesta en servicio del equipo. <\/p>   <div class=\"wp-block-image\"> <figure class=\"aligncenter size-large\"><img loading=\"lazy\" decoding=\"async\" width=\"1024\" height=\"585\" src=\"https:\/\/cnricemill.com\/wp-content\/uploads\/2024\/02\/complete-rice-milling-plant-installation-without-steel-frame-1024x585.webp\" alt=\"Instalaci\u00f3n completa de planta de molienda de arroz sin marco de acero.\" class=\"wp-image-279\" srcset=\"https:\/\/cnricemill.com\/wp-content\/uploads\/2024\/02\/complete-rice-milling-plant-installation-without-steel-frame-1024x585.webp 1024w, https:\/\/cnricemill.com\/wp-content\/uploads\/2024\/02\/complete-rice-milling-plant-installation-without-steel-frame-300x171.webp 300w, https:\/\/cnricemill.com\/wp-content\/uploads\/2024\/02\/complete-rice-milling-plant-installation-without-steel-frame-768x439.webp 768w, https:\/\/cnricemill.com\/wp-content\/uploads\/2024\/02\/complete-rice-milling-plant-installation-without-steel-frame.webp 1400w\" sizes=\"auto, (max-width: 1024px) 100vw, 1024px\" \/><figcaption class=\"wp-element-caption\">Instalaci\u00f3n completa de planta de molienda de arroz sin marco de acero.<\/figcaption><\/figure> <\/div>  <div class=\"wp-block-image\"> <figure class=\"aligncenter size-large\"><img loading=\"lazy\" decoding=\"async\" width=\"1024\" height=\"622\" src=\"https:\/\/cnricemill.com\/wp-content\/uploads\/2024\/02\/rice-mill-machinery-installation-with-steel-frame-1024x622.webp\" alt=\"Instalaci\u00f3n de maquinaria de molino de arroz con estructura de acero.\" class=\"wp-image-280\" srcset=\"https:\/\/cnricemill.com\/wp-content\/uploads\/2024\/02\/rice-mill-machinery-installation-with-steel-frame-1024x622.webp 1024w, https:\/\/cnricemill.com\/wp-content\/uploads\/2024\/02\/rice-mill-machinery-installation-with-steel-frame-300x182.webp 300w, https:\/\/cnricemill.com\/wp-content\/uploads\/2024\/02\/rice-mill-machinery-installation-with-steel-frame-768x466.webp 768w, https:\/\/cnricemill.com\/wp-content\/uploads\/2024\/02\/rice-mill-machinery-installation-with-steel-frame.webp 1400w\" sizes=\"auto, (max-width: 1024px) 100vw, 1024px\" \/><figcaption class=\"wp-element-caption\">Instalaci\u00f3n de maquinaria de molino de arroz con estructura de acero.<\/figcaption><\/figure> <\/div>   <p>Adem\u00e1s, nos comprometemos a brindarle una gama completa de asesoramiento y soporte t\u00e9cnico, incluido el dise\u00f1o de la l\u00ednea de producci\u00f3n, capacitaci\u00f3n en mantenimiento de equipos, etc.<\/p>    <h2 class=\"wp-block-heading\"><strong>Servicio sobre maquinaria para planta de molienda de arroz a la venta.<\/strong><\/h2>    <p class=\"translation-block\">Como fabricante y proveedor profesional de molinos de arroz unificados, no solo ofrecemos un perfecto <strong>servicio de consultor\u00eda previa a la venta, instalaci\u00f3n en el sitio<\/strong> y <strong>servicio de puesta en marcha<\/strong>, sino que tambi\u00e9n prometemos <strong>soporte postventa a largo plazo<\/strong>, que incluye, entre otros, <strong>suministro de repuestos, mantenimiento de fallos, programa de actualizaci\u00f3n y reemplazo<\/strong>.<\/p>   <div class=\"wp-block-image\"> <figure class=\"aligncenter size-full\"><img loading=\"lazy\" decoding=\"async\" width=\"1000\" height=\"540\" src=\"https:\/\/cnricemill.com\/wp-content\/uploads\/2024\/02\/raw-rice-mill-plant-manufacturer.webp\" alt=\"fabricante de plantas de molino de arroz crudo\" class=\"wp-image-278\" srcset=\"https:\/\/cnricemill.com\/wp-content\/uploads\/2024\/02\/raw-rice-mill-plant-manufacturer.webp 1000w, https:\/\/cnricemill.com\/wp-content\/uploads\/2024\/02\/raw-rice-mill-plant-manufacturer-300x162.webp 300w, https:\/\/cnricemill.com\/wp-content\/uploads\/2024\/02\/raw-rice-mill-plant-manufacturer-768x415.webp 768w\" sizes=\"auto, (max-width: 1000px) 100vw, 1000px\" \/><figcaption class=\"wp-element-caption\">fabricante de plantas de molino de arroz crudo<\/figcaption><\/figure> <\/div>   <h2 class=\"wp-block-heading\"><strong>Casos globales de la moderna planta de molino de arroz de Taizy<\/strong><\/h2>    <p>Ya sea en mercados emergentes o regiones agr\u00edcolas tradicionales, nuestra planta de molienda de arroz 30TPD ha ganado gran reconocimiento por su alta eficiencia, alta calidad y gama completa de servicios, y ha ayudado a muchos procesadores de arroz a mejorar sus negocios. A continuaci\u00f3n se muestran algunos casos t\u00edpicos.<\/p>    <ol class=\"wp-block-list\"> <li><strong>Una planta procesadora de arroz a gran escala en el Sudeste Asi\u00e1tico<\/strong>: Despu\u00e9s de la introducci\u00f3n de nuestra m\u00e1quina fresadora de arroz 30TPD, la planta no solo aument\u00f3 considerablemente la capacidad de procesamiento diario para satisfacer la demanda del mercado local y de exportaci\u00f3n, sino que tambi\u00e9n mejor\u00f3 significativamente la calidad del arroz a trav\u00e9s de tecnolog\u00eda avanzada de clasificaci\u00f3n y pulido por color. <\/li>    <li><strong>Una empresa arrocera familiar en el sur de Asia<\/strong>: Antes de utilizar nuestra planta de molienda de arroz, la empresa enfrentaba problemas t\u00e9cnicos y de capacidad. Despu\u00e9s de instalar y poner en uso la unidad 30TPD, su productividad mejor\u00f3 significativamente y al mismo tiempo se redujeron los costos operativos. <\/li>    <li><strong>Un proyecto de procesamiento de cereales financiado por el gobierno en \u00c1frica<\/strong>: La unidad de molienda de arroz 30TPD de Taizy fue adoptada como equipo de producci\u00f3n principal para este proyecto, promoviendo efectivamente el desarrollo de la industria arrocera local. El <a href=\"https:\/\/cnricemill.com\/es\/product\/15tpd-complete-rice-mill-plant\/\">molino de arroz unido<\/a>Las caracter\u00edsticas de alta eficiencia y ahorro de energ\u00eda y la calidad estable de la producci\u00f3n fueron bien recibidas por el gobierno local y los agricultores, lo que ayud\u00f3 a alcanzar el objetivo de la autosuficiencia alimentaria.<\/li>    <li><strong>Una asociaci\u00f3n cooperativa en Am\u00e9rica Latina<\/strong>: Varias cooperativas peque\u00f1as compraron conjuntamente nuestros molinos de arroz combinados 30TPD para construir una moderna l\u00ednea de procesamiento de arroz. Gracias al excelente desempe\u00f1o de la unidad y al soporte de servicio personalizado, los miembros de las cooperativas han podido compartir recursos, reducir costos, mejorar la competitividad de los productos y ampliar los canales de venta.<\/li> <\/ol>    <h2 class=\"wp-block-heading\"><strong>\u00a1Cont\u00e1ctenos para obtener m\u00e1s detalles sobre la planta de molienda de arroz!<\/strong><\/h2>    <p class=\"translation-block\">Para m\u00e1s informaci\u00f3n sobre nuestra m\u00e1quina autom\u00e1tica de molino de arroz de 30TPD, por favor cont\u00e1ctenos directamente, nuestro equipo profesional proporcionar\u00e1 soluciones personalizadas y precios competitivos de acuerdo con sus necesidades espec\u00edficas (como <a href=\"https:\/\/en.wikipedia.org\/wiki\/White_rice\" target=\"_blank\" rel=\"noopener\">capacidad de producci\u00f3n de arroz blanco<\/a>, configuraci\u00f3n, etc). <\/p>    <p>\u00a1Esperamos trabajar con usted para crear un futuro brillante para la industria procesadora de arroz!<\/p>   <div class=\"wp-block-image\"> <figure class=\"aligncenter size-full\"><img loading=\"lazy\" decoding=\"async\" width=\"1000\" height=\"540\" src=\"https:\/\/cnricemill.com\/wp-content\/uploads\/2024\/02\/mini-rice-mill-price.webp\" alt=\"precio del mini molino de arroz\" class=\"wp-image-281\" srcset=\"https:\/\/cnricemill.com\/wp-content\/uploads\/2024\/02\/mini-rice-mill-price.webp 1000w, https:\/\/cnricemill.com\/wp-content\/uploads\/2024\/02\/mini-rice-mill-price-300x162.webp 300w, https:\/\/cnricemill.com\/wp-content\/uploads\/2024\/02\/mini-rice-mill-price-768x415.webp 768w\" sizes=\"auto, (max-width: 1000px) 100vw, 1000px\" \/><figcaption class=\"wp-element-caption\">precio del mini molino de arroz<\/figcaption><\/figure> <\/div>","protected":false},"excerpt":{"rendered":"<p>Taizy 30TPD (30 tons per day) rice milling plant is an integrated equipment designed to meet the needs of medium and large-scale rice processing plants. This united rice mill is manufactured with advanced technology and high-quality materials, and is dedicated to realizing the entire automated operation from paddy cleaning to rice finishing. Components of combined [&hellip;]<\/p>\n","protected":false},"author":1,"featured_media":283,"parent":0,"template":"","tags":[14,15],"product-type":[5],"class_list":["post-275","product","type-product","status-publish","has-post-thumbnail","hentry","tag-rice","tag-rice-milling","product-type-rice-mill-plant"],"_links":{"self":[{"href":"https:\/\/cnricemill.com\/es\/wp-json\/wp\/v2\/product\/275","targetHints":{"allow":["GET"]}}],"collection":[{"href":"https:\/\/cnricemill.com\/es\/wp-json\/wp\/v2\/product"}],"about":[{"href":"https:\/\/cnricemill.com\/es\/wp-json\/wp\/v2\/types\/product"}],"author":[{"embeddable":true,"href":"https:\/\/cnricemill.com\/es\/wp-json\/wp\/v2\/users\/1"}],"wp:featuredmedia":[{"embeddable":true,"href":"https:\/\/cnricemill.com\/es\/wp-json\/wp\/v2\/media\/283"}],"wp:attachment":[{"href":"https:\/\/cnricemill.com\/es\/wp-json\/wp\/v2\/media?parent=275"}],"wp:term":[{"taxonomy":"post_tag","embeddable":true,"href":"https:\/\/cnricemill.com\/es\/wp-json\/wp\/v2\/tags?post=275"},{"taxonomy":"product-type","embeddable":true,"href":"https:\/\/cnricemill.com\/es\/wp-json\/wp\/v2\/product-type?post=275"}],"curies":[{"name":"wp","href":"https:\/\/api.w.org\/{rel}","templated":true}]}}