{"id":24,"date":"2022-08-09T06:25:42","date_gmt":"2022-08-09T06:25:42","guid":{"rendered":"https:\/\/cnricemill.com\/?page_id=24"},"modified":"2025-11-05T10:36:23","modified_gmt":"2025-11-05T02:36:23","slug":"contact-us","status":"publish","type":"page","link":"https:\/\/cnricemill.com\/es\/contact-us\/","title":{"rendered":"Cont\u00e1ctenos"},"content":{"rendered":"<h2 class=\"wp-block-heading\">\u00bfQuieres ganar m\u00e1s dinero? \u00a1Inicie su negocio de procesamiento de arroz ahora!<\/h2>    <p class=\"translation-block\">TAIZY Machinery Co., Ltd es un proveedor l\u00edder de <a href=\"https:\/\/cnricemill.com\/es\/\">soluciones de procesamiento de arroz<\/a> en China. Estamos integrados con fabricaci\u00f3n y comercializaci\u00f3n de manera independiente. Nuestros productos cubren una gama completa de m\u00e1quinas de procesamiento de arroz con precios competitivos y calidad garantizada. Adem\u00e1s, contamos con un personal extremadamente capacitado para asegurar el buen rendimiento y la r\u00e1pida entrega de nuestros productos. Y tenemos disponible equipo de procesamiento de arroz est\u00e1ndar y personalizado muy potente. <\/p>    <p>\u00bfEst\u00e1 buscando un molino de arroz confiable? Estamos dispuestos a ayudarle con su proyecto de arroz. \u00a1Cont\u00e1ctenos para comenzar su viaje exitoso!<\/p>    <div class=\"wp-block-columns is-layout-flex wp-container-core-columns-is-layout-9d6595d7 wp-block-columns-is-layout-flex\"> <div class=\"wp-block-column is-layout-flow wp-block-column-is-layout-flow\"> <div class=\"wp-block-columns is-layout-flex wp-container-core-columns-is-layout-9d6595d7 wp-block-columns-is-layout-flex\"> <div class=\"wp-block-column is-layout-flow wp-block-column-is-layout-flow\"> <figure class=\"wp-block-image size-large\"><img decoding=\"async\" src=\"https:\/\/charcoalplant.com\/wp-content\/uploads\/2022\/03\/smartphone.png\" alt=\"\"\/><\/figure>    <p>+86 17703863868<\/p> <\/div>    <div class=\"wp-block-column is-layout-flow wp-block-column-is-layout-flow\"> <figure class=\"wp-block-image size-large\"><img decoding=\"async\" src=\"https:\/\/charcoalplant.com\/wp-content\/uploads\/2022\/03\/email.png\" alt=\"\"\/><\/figure>    <p><a href=\"mailto:info@cnricemill.com\">info@cnricemill.com<\/a><\/p> <\/div> <\/div> <\/div>    <div class=\"wp-block-column is-layout-flow wp-block-column-is-layout-flow\"> <div class=\"wp-block-columns is-layout-flex wp-container-core-columns-is-layout-9d6595d7 wp-block-columns-is-layout-flex\"> <div class=\"wp-block-column is-layout-flow wp-block-column-is-layout-flow\"> <figure class=\"wp-block-image size-large\"><img decoding=\"async\" src=\"https:\/\/charcoalplant.com\/wp-content\/uploads\/2022\/03\/whatsapp.png\" alt=\"\"\/><\/figure>    <p>+86 17703863868<\/p> <\/div>    <div class=\"wp-block-column is-layout-flow wp-block-column-is-layout-flow\"> <figure class=\"wp-block-image size-large\"><img decoding=\"async\" src=\"https:\/\/charcoalplant.com\/wp-content\/uploads\/2022\/03\/address.png\" alt=\"\"\/><\/figure>    <p>Hanghai Road East, Zona de desarrollo econ\u00f3mico y tecnol\u00f3gico de Zhengzhou, ciudad de Zhengzhou, Henan, China<\/p> <\/div> <\/div> <\/div> <\/div>","protected":false},"excerpt":{"rendered":"<p>Want to make more money? Start your rice processing business now! TAIZY Machinery Co., Ltd is a leading rice processing solutions supplier in China. &nbsp;We are integrated with manufacturing and marketing independently. Our products cover a complete range of rice processing machines with competitive price and guaranteed quality. Besides, we have extremely skilled staff to [&hellip;]<\/p>\n","protected":false},"author":1,"featured_media":0,"parent":0,"menu_order":0,"comment_status":"closed","ping_status":"closed","template":"","meta":{"footnotes":""},"class_list":["post-24","page","type-page","status-publish","hentry"],"_links":{"self":[{"href":"https:\/\/cnricemill.com\/es\/wp-json\/wp\/v2\/pages\/24","targetHints":{"allow":["GET"]}}],"collection":[{"href":"https:\/\/cnricemill.com\/es\/wp-json\/wp\/v2\/pages"}],"about":[{"href":"https:\/\/cnricemill.com\/es\/wp-json\/wp\/v2\/types\/page"}],"author":[{"embeddable":true,"href":"https:\/\/cnricemill.com\/es\/wp-json\/wp\/v2\/users\/1"}],"replies":[{"embeddable":true,"href":"https:\/\/cnricemill.com\/es\/wp-json\/wp\/v2\/comments?post=24"}],"version-history":[{"count":0,"href":"https:\/\/cnricemill.com\/es\/wp-json\/wp\/v2\/pages\/24\/revisions"}],"wp:attachment":[{"href":"https:\/\/cnricemill.com\/es\/wp-json\/wp\/v2\/media?parent=24"}],"curies":[{"name":"wp","href":"https:\/\/api.w.org\/{rel}","templated":true}]}}