{"id":20,"date":"2022-08-09T06:20:10","date_gmt":"2022-08-09T06:20:10","guid":{"rendered":"https:\/\/cnricemill.com\/?page_id=20"},"modified":"2022-08-12T07:25:22","modified_gmt":"2022-08-12T07:25:22","slug":"about-us","status":"publish","type":"page","link":"https:\/\/cnricemill.com\/es\/about-us\/","title":{"rendered":"Sobre nosotros"},"content":{"rendered":"<div class=\"wp-block-columns is-layout-flex wp-container-core-columns-is-layout-9d6595d7 wp-block-columns-is-layout-flex\"> <div class=\"wp-block-column is-vertically-aligned-center is-layout-flow wp-block-column-is-layout-flow\"> <p>TAIZY\u00ae es un proveedor l\u00edder e integral de soluciones de procesamiento de arroz que est\u00e1 integrado con investigaci\u00f3n, fabricaci\u00f3n y marketing. Nuestro objetivo es proporcionar plantas de molino de arroz asequibles y de calidad para ayudar a m\u00e1s personas a comer un arroz excelente. Como todos sabemos, el arroz es uno de los cultivos alimentarios b\u00e1sicos en muchos pa\u00edses. Por lo tanto, tenemos una gran oportunidad y tambi\u00e9n la responsabilidad de ofrecer una buena m\u00e1quina procesadora de arroz. Por lo tanto, es m\u00e1s f\u00e1cil para las personas conseguir arroz excelente en todo el mundo. Estamos deseosos de contribuir a crear un mundo sin hambre y un lugar mejor.<\/p>    <p><\/p> <\/div>    <div class=\"wp-block-column is-vertically-aligned-center is-layout-flow wp-block-column-is-layout-flow\"> <figure class=\"wp-block-image size-large\"><img decoding=\"async\" src=\"https:\/\/topfoodmachine.com\/wp-content\/uploads\/2022\/07\/taizy-factory.jpg\" alt=\"\"\/><\/figure> <\/div> <\/div>    <div class=\"wp-block-columns is-layout-flex wp-container-core-columns-is-layout-9d6595d7 wp-block-columns-is-layout-flex\"> <div class=\"wp-block-column is-vertically-aligned-center is-layout-flow wp-block-column-is-layout-flow\"> <figure class=\"wp-block-image size-full\"><img loading=\"lazy\" decoding=\"async\" width=\"720\" height=\"540\" src=\"https:\/\/cnricemill.com\/wp-content\/uploads\/2022\/08\/factory.jpg\" alt=\"f\u00e1brica\" class=\"wp-image-71\"\/><\/figure> <\/div>    <div class=\"wp-block-column is-vertically-aligned-center is-layout-flow wp-block-column-is-layout-flow\"> <p>Nuestros productos principales cubren una gama completa de plantas de molino de arroz, incluidas plantas de molino de arroz 15T\/D, 20T\/D, 25T\/D, 30T\/D, 40T\/D, 60T\/D, 80T\/D, 100T\/D. Y apoyamos s\u00f3lidos servicios de personalizaci\u00f3n para satisfacer sus demandas espec\u00edficas. Adem\u00e1s, la f\u00e1brica de TAIZY ofrece la m\u00e1quina limpiadora de arroz, la m\u00e1quina descascarilladora de arroz, el separador de arroz, la m\u00e1quina pulidora de arroz, la clasificadora de arroz, la clasificadora por color de arroz y la m\u00e1quina envasadora de arroz. Hoy en d\u00eda, nuestras m\u00e1quinas se han exportado con \u00e9xito a m\u00e1s de 80 pa\u00edses y regiones.<\/p> <\/div> <\/div>    <h2 class=\"wp-block-heading\">Certificados<\/h2>    <figure class=\"wp-block-image size-full\"><img loading=\"lazy\" decoding=\"async\" width=\"1024\" height=\"323\" src=\"https:\/\/cnricemill.com\/wp-content\/uploads\/2022\/08\/certificate-1024x323-1.jpg\" alt=\"certificado-1024x323\" class=\"wp-image-64\"\/><\/figure>","protected":false},"excerpt":{"rendered":"<p>TAIZY\u00ae is a leading and one-stop rice processing solutions provider that is integrated with research, manufacturing, and marketing. We aim to provide quality and affordable rice mill plants to help more people to eat excellent rice. As we all know, rice is one of the staple food crops in many countries. So there is a [&hellip;]<\/p>\n","protected":false},"author":1,"featured_media":0,"parent":0,"menu_order":0,"comment_status":"closed","ping_status":"closed","template":"","meta":{"footnotes":""},"class_list":["post-20","page","type-page","status-publish","hentry"],"_links":{"self":[{"href":"https:\/\/cnricemill.com\/es\/wp-json\/wp\/v2\/pages\/20","targetHints":{"allow":["GET"]}}],"collection":[{"href":"https:\/\/cnricemill.com\/es\/wp-json\/wp\/v2\/pages"}],"about":[{"href":"https:\/\/cnricemill.com\/es\/wp-json\/wp\/v2\/types\/page"}],"author":[{"embeddable":true,"href":"https:\/\/cnricemill.com\/es\/wp-json\/wp\/v2\/users\/1"}],"replies":[{"embeddable":true,"href":"https:\/\/cnricemill.com\/es\/wp-json\/wp\/v2\/comments?post=20"}],"version-history":[{"count":0,"href":"https:\/\/cnricemill.com\/es\/wp-json\/wp\/v2\/pages\/20\/revisions"}],"wp:attachment":[{"href":"https:\/\/cnricemill.com\/es\/wp-json\/wp\/v2\/media?parent=20"}],"curies":[{"name":"wp","href":"https:\/\/api.w.org\/{rel}","templated":true}]}}